{"id":4887,"date":"2020-06-05T11:28:12","date_gmt":"2020-06-05T09:28:12","guid":{"rendered":"http:\/\/guiddeur.fr\/?page_id=4887"},"modified":"2020-06-05T11:39:07","modified_gmt":"2020-06-05T09:39:07","slug":"mentions-legales","status":"publish","type":"page","link":"https:\/\/guiddeur.fr\/index.php\/mentions-legales\/","title":{"rendered":"Mentions l\u00e9gales"},"content":{"rendered":"\n<p><strong>Informations g\u00e9n\u00e9rales&nbsp;:<\/strong><\/p>\n\n\n\n<div style=\"height:60px\" aria-hidden=\"true\" class=\"wp-block-spacer\"><\/div>\n\n\n\n<p>Ce site est propri\u00e9t\u00e9 de&nbsp;:<\/p>\n\n\n\n<p>Guiddeur<\/p>\n\n\n\n<p>rue des Frenelles<\/p>\n\n\n\n<p>59870 Marchiennes<\/p>\n\n\n\n<p><strong>845 344 936 00016<\/strong><\/p>\n\n\n\n<div style=\"height:60px\" aria-hidden=\"true\" class=\"wp-block-spacer\"><\/div>\n\n\n\n<p>Ce site a \u00e9t\u00e9 cr\u00e9\u00e9 par Marie FOURNIER<\/p>\n\n\n\n<div style=\"height:60px\" aria-hidden=\"true\" class=\"wp-block-spacer\"><\/div>\n\n\n\n<p>Ce site est maintenu par GUIDDEUR<\/p>\n\n\n\n<div style=\"height:60px\" aria-hidden=\"true\" class=\"wp-block-spacer\"><\/div>\n\n\n\n<p>Ce site est h\u00e9berg\u00e9 par OVH<\/p>\n\n\n\n<div style=\"height:60px\" aria-hidden=\"true\" class=\"wp-block-spacer\"><\/div>\n\n\n\n<p><strong>Directeur de la publication&nbsp;: Thierry FOURNIER<\/strong><\/p>\n\n\n\n<div style=\"height:60px\" aria-hidden=\"true\" class=\"wp-block-spacer\"><\/div>\n\n\n\n<p><strong>Cr\u00e9dits photos :<\/strong>&nbsp;Guiddeur<sup>\u00a9<\/sup><\/p>\n\n\n\n<div style=\"height:60px\" aria-hidden=\"true\" class=\"wp-block-spacer\"><\/div>\n\n\n\n<p><strong>Droit applicable :<\/strong><br>Le site Internet www.guiddeur.fr<a href=\"https:\/\/www.sowink.fr\/\">&nbsp;<\/a>et les pr\u00e9sentes conditions g\u00e9n\u00e9rales sont soumises au droit fran\u00e7ais et sont r\u00e9dig\u00e9es en fran\u00e7ais.<\/p>\n\n\n\n<p>GUIDDEUR se r\u00e9serve le droit de modifier les pr\u00e9sentes mentions \u00e0 tout moment. L\u2019utilisateur s\u2019engage \u00e0 la consulter r\u00e9guli\u00e8rement.<\/p>\n\n\n\n<div style=\"height:60px\" aria-hidden=\"true\" class=\"wp-block-spacer\"><\/div>\n\n\n\n<p><strong>Protection des donn\u00e9es personnelles :<\/strong><br>La consultation du site www.guiddeur.fr<a href=\"https:\/\/www.sowink.fr\/\">&nbsp;<\/a>est possible sans que vous ayez \u00e0 r\u00e9v\u00e9ler votre identit\u00e9 ou toute autre information \u00e0 caract\u00e8re personnel vous concernant.<\/p>\n\n\n\n<p>La soci\u00e9t\u00e9 GUIDDEUR s\u2019engage \u00e0 respecter votre vie priv\u00e9e et \u00e0 prot\u00e9ger les informations que vous lui communiquez. En particulier, les donn\u00e9es personnelles collect\u00e9es sur le site internet&nbsp; www.guiddeur.fr <a href=\"https:\/\/www.sowink.fr\/\">&nbsp;<\/a>sont destin\u00e9es \u00e0 l\u2019usage de GUIDDEUR. Elles sont confidentielles et trait\u00e9es comme telles.<\/p>\n\n\n\n<p>Concernant les informations \u00e0 caract\u00e8re nominatif que vous seriez amen\u00e9s \u00e0 nous communiquer, vous b\u00e9n\u00e9ficiez d\u2019un droit d\u2019acc\u00e8s et de rectification conform\u00e9ment \u00e0 la loi fran\u00e7aise Informatique et Libert\u00e9 n\u00b0 78-17 du 6 janvier 1978. Vous pouvez exercer ce droit aupr\u00e8s de GUIDDEUR.<\/p>\n\n\n\n<div style=\"height:60px\" aria-hidden=\"true\" class=\"wp-block-spacer\"><\/div>\n\n\n\n<p>Si vous \u00eates abonn\u00e9s \u00e0 des services d\u2019information par courrier \u00e9lectronique (\u201cnewsletter\u201d) vous pouvez demander \u00e0 ne plus recevoir ces courriers.<\/p>\n\n\n\n<div style=\"height:60px\" aria-hidden=\"true\" class=\"wp-block-spacer\"><\/div>\n\n\n\n<p>Nous vous signalons qu\u2019afin de vous proposer des produits et services toujours plus adapt\u00e9s, certaines informations \u00e0 caract\u00e8re non personnel, relatives \u00e0 votre activit\u00e9 sur ce site, seront automatiquement collect\u00e9es. Ces informations sont destin\u00e9es \u00e0 GUIDDEUR et pourront \u00e9galement \u00eatre utilis\u00e9es dans le cadre d\u2019op\u00e9rations commerciales ou de marketing ou servir de base \u00e0 des \u00e9tudes et analyses.<\/p>\n\n\n\n<div style=\"height:60px\" aria-hidden=\"true\" class=\"wp-block-spacer\"><\/div>\n\n\n\n<p>Ces informations ne seront en aucun cas communiqu\u00e9es \u00e0 des tiers. Seul le personnel de GUIDDEUR a acc\u00e8s aux donn\u00e9es.<\/p>\n\n\n\n<div style=\"height:60px\" aria-hidden=\"true\" class=\"wp-block-spacer\"><\/div>\n\n\n\n<p><strong>S\u00e9curit\u00e9 :<\/strong><br>Nous prenons toutes les pr\u00e9cautions utiles afin de pr\u00e9server l\u2019int\u00e9grit\u00e9 des donn\u00e9es, leur confidentialit\u00e9 et emp\u00eacher toute communication \u00e0 des tiers non autoris\u00e9s.<\/p>\n\n\n\n<p><strong>Liens hypertextes :<\/strong><br>La mise en place d\u2019un lien hypertexte vers le site www.guiddeur.fr<a href=\"https:\/\/www.sowink.fr\/\">&nbsp;<\/a>ne n\u00e9cessite pas d\u2019autorisation pr\u00e9alable et \u00e9crite de GUIDDEUR. N\u00e9anmoins, GUIDDEUR doit en \u00eatre inform\u00e9 dans un d\u00e9lai maximum de 30 jours apr\u00e8s la mise en place du lien.<\/p>\n\n\n\n<p>En tout \u00e9tat de cause, GUIDDEUR n\u2019est en aucun cas tenue responsable du contenu ainsi que des produits ou services propos\u00e9s sur les sites auxquels le site www.guiddeur.fr<a href=\"https:\/\/www.sowink.fr\/\">&nbsp;<\/a>se trouverait li\u00e9 par des liens hypertextes ou tout autre type de lien.<\/p>\n\n\n\n<p><strong>Droits de propri\u00e9t\u00e9 intellectuelle :<\/strong><br>GUIDDEUR avise les utilisateurs de ce site que de nombreux \u00e9l\u00e9ments de ce site :<br>a) sont prot\u00e9g\u00e9s par la l\u00e9gislation sur le droit d\u2019auteur : ce peut \u00eatre notamment le cas des photographies, des articles, des dessins, des s\u00e9quences anim\u00e9e ;<br>b) et\/ou sont prot\u00e9g\u00e9s par la l\u00e9gislation sur les dessins et mod\u00e8les ;<br>c) sont prot\u00e9g\u00e9s par la l\u00e9gislation sur les marques.<\/p>\n\n\n\n<p>Les \u00e9l\u00e9ments ainsi prot\u00e9g\u00e9s sont la propri\u00e9t\u00e9 de GUIDDEUR ou de tiers ayant autoris\u00e9 GUIDDEUR \u00e0 les exploiter.<\/p>\n\n\n\n<div style=\"height:60px\" aria-hidden=\"true\" class=\"wp-block-spacer\"><\/div>\n\n\n\n<p>Toute reproduction, repr\u00e9sentation, utilisation, adaptation, modification, incorporation, traduction, commercialisation, partielles ou int\u00e9grales par quelque proc\u00e9d\u00e9 et sur quelque support que ce soit (papier, num\u00e9rique\u2026) sont interdites, sans l\u2019autorisation \u00e9crite pr\u00e9alable de GUIDDEUR, hormis les exceptions vis\u00e9es \u00e0 l\u2019article L 122.5 du Code de la Propri\u00e9t\u00e9 Intellectuelle, sous peine de constituer un d\u00e9lit de contrefa\u00e7on de droit d\u2019auteur et\/ou de dessins et mod\u00e8les et\/ou de marque, puni de deux ans d\u2019emprisonnement et de 150 000\u20ac d\u2019amende.<\/p>\n\n\n\n<div style=\"height:60px\" aria-hidden=\"true\" class=\"wp-block-spacer\"><\/div>\n\n\n\n<p><strong>Droits d\u2019auteur et\/ou Droits sur les Dessins et Mod\u00e8les :<\/strong><br>Les photographies, textes, slogans, dessins, images, s\u00e9quences anim\u00e9es sonores ou non ainsi que toutes les oeuvres int\u00e9gr\u00e9es dans le site sont la propri\u00e9t\u00e9 de GUIDDEUR ou de tiers ayant autoris\u00e9 GUIDDEUR \u00e0 les utiliser.<\/p>\n\n\n\n<p>Les reproductions, sur un support papier ou informatique, dudit site sont autoris\u00e9es sous r\u00e9serve qu\u2019elles soient strictement r\u00e9serv\u00e9es \u00e0 un usage personnel excluant tout usage \u00e0 des fins publicitaires et\/ou commerciales et\/ou d\u2019information et\/ou qu\u2019elles soient conformes aux dispositions de l\u2019article L122-5 du Code de la Propri\u00e9t\u00e9 Intellectuelle.<\/p>\n\n\n\n<div style=\"height:60px\" aria-hidden=\"true\" class=\"wp-block-spacer\"><\/div>\n\n\n\n<p><strong>Informations relatives aux produits :<\/strong><br>Dans le cadre d\u2019une politique d\u2019am\u00e9lioration constante de ses produits et services, GUIDDEUR peut modifier \u00e0 tout moment les caract\u00e9ristiques de son offre. Les produits et\/ou services pr\u00e9sent\u00e9s sur ce site sont ceux distribu\u00e9s en France m\u00e9tropolitaine.<\/p>\n\n\n\n<p>En tout \u00e9tat de cause, les informations contenues sur ce site sont des informations \u00e0 caract\u00e8re g\u00e9n\u00e9ral et n\u2019ont pas valeur contractuelle.<\/p>\n\n\n\n<div style=\"height:60px\" aria-hidden=\"true\" class=\"wp-block-spacer\"><\/div>\n\n\n\n<p><strong>Limitation de responsabilit\u00e9 :<\/strong><br>Vous utilisez le site www.guiddeur.fr sous votre seule et enti\u00e8re responsabilit\u00e9. GUIDDEUR ne pourra \u00eatre tenu pour responsable des dommages directs ou indirects, tels que, notamment, pr\u00e9judice mat\u00e9riel, pertes de donn\u00e9es ou de programme, pr\u00e9judice financier, r\u00e9sultant de l\u2019utilisation de ce site ou de sites qui lui sont li\u00e9s.<\/p>\n\n\n\n<p><strong>Mise \u00e0 jour :<\/strong><br>GUIDDEUR se r\u00e9serve le droit de modifier et de mettre \u00e0 jour, sans pr\u00e9avis, les pr\u00e9sentes mentions l\u00e9gales et tous les \u00e9l\u00e9ments, produits pr\u00e9sent\u00e9s sur le site. L\u2019ensemble de ces modifications s\u2019impose aux internautes qui doivent consulter les pr\u00e9sentes Conditions lors de chaque connexion.<\/p>\n\n\n\n<p><strong>Donn\u00e9es statistiques de suivi :<\/strong><br>Nous utilisons les donn\u00e9es de connexion pour nos statistiques de consultation (type de navigateur, nombre de visiteurs, rubriques visit\u00e9es\u2026) pour l\u2019optimisation de notre site en terme de rubriques et de navigation, mais ces informations ne sont pas transmises \u00e0 des tiers.<\/p>\n\n\n\n<p><strong>La reproduction sur support papier :<\/strong><br>A l\u2019exception de l\u2019iconographie, la reproduction des pages de ce site sur un support papier est autoris\u00e9e, sous r\u00e9serve du respect des trois conditions suivantes :<br>\u2013 gratuit\u00e9 de la diffusion.<br>\u2013 respect de l\u2019int\u00e9grit\u00e9 des documents reproduits (aucune modification, ni alt\u00e9ration d\u2019aucune sorte).<br>\u2013 citation explicite du site www.guiddeur.fr<a href=\"https:\/\/www.sowink.fr\/\">&nbsp;<\/a>comme source et mention que les droits de reproduction sont r\u00e9serv\u00e9s et strictement limit\u00e9es.<\/p>\n","protected":false},"excerpt":{"rendered":"<p>Informations g\u00e9n\u00e9rales&nbsp;: Ce site est propri\u00e9t\u00e9 de&nbsp;: Guiddeur rue des Frenelles 59870 Marchiennes 845 344 936 00016 Ce site a \u00e9t\u00e9 cr\u00e9\u00e9 par Marie FOURNIER Ce site est maintenu par GUIDDEUR Ce site est h\u00e9berg\u00e9 par OVH Directeur de la publication&nbsp;: Thierry FOURNIER Cr\u00e9dits photos :&nbsp;Guiddeur\u00a9 Droit applicable :Le site Internet www.guiddeur.fr&nbsp;et les pr\u00e9sentes conditions [&hellip;]<\/p>\n","protected":false},"author":1,"featured_media":0,"parent":0,"menu_order":0,"comment_status":"closed","ping_status":"closed","template":"","meta":{"footnotes":""},"yoast_head":"<!-- This site is optimized with the Yoast SEO plugin v18.9 - https:\/\/yoast.com\/wordpress\/plugins\/seo\/ -->\n<title>Mentions l\u00e9gales -<\/title>\n<meta name=\"robots\" content=\"index, follow, max-snippet:-1, max-image-preview:large, max-video-preview:-1\" \/>\n<link rel=\"canonical\" href=\"http:\/\/guiddeur.fr\/index.php\/mentions-legales\/\" \/>\n<meta property=\"og:locale\" content=\"fr_FR\" \/>\n<meta property=\"og:type\" content=\"article\" \/>\n<meta property=\"og:title\" content=\"Mentions l\u00e9gales -\" \/>\n<meta property=\"og:description\" content=\"Informations g\u00e9n\u00e9rales&nbsp;: Ce site est propri\u00e9t\u00e9 de&nbsp;: Guiddeur rue des Frenelles 59870 Marchiennes 845 344 936 00016 Ce site a \u00e9t\u00e9 cr\u00e9\u00e9 par Marie FOURNIER Ce site est maintenu par GUIDDEUR Ce site est h\u00e9berg\u00e9 par OVH Directeur de la publication&nbsp;: Thierry FOURNIER Cr\u00e9dits photos :&nbsp;Guiddeur\u00a9 Droit applicable :Le site Internet www.guiddeur.fr&nbsp;et les pr\u00e9sentes conditions [&hellip;]\" \/>\n<meta property=\"og:url\" content=\"http:\/\/guiddeur.fr\/index.php\/mentions-legales\/\" \/>\n<meta property=\"article:modified_time\" content=\"2020-06-05T09:39:07+00:00\" \/>\n<meta name=\"twitter:card\" content=\"summary_large_image\" \/>\n<meta name=\"twitter:label1\" content=\"Dur\u00e9e de lecture estim\u00e9e\" \/>\n\t<meta name=\"twitter:data1\" content=\"5 minutes\" \/>\n<script type=\"application\/ld+json\" class=\"yoast-schema-graph\">{\"@context\":\"https:\/\/schema.org\",\"@graph\":[{\"@type\":\"WebSite\",\"@id\":\"http:\/\/guiddeur.fr\/#website\",\"url\":\"http:\/\/guiddeur.fr\/\",\"name\":\"\",\"description\":\"\",\"potentialAction\":[{\"@type\":\"SearchAction\",\"target\":{\"@type\":\"EntryPoint\",\"urlTemplate\":\"http:\/\/guiddeur.fr\/?s={search_term_string}\"},\"query-input\":\"required name=search_term_string\"}],\"inLanguage\":\"fr-FR\"},{\"@type\":\"WebPage\",\"@id\":\"http:\/\/guiddeur.fr\/index.php\/mentions-legales\/#webpage\",\"url\":\"http:\/\/guiddeur.fr\/index.php\/mentions-legales\/\",\"name\":\"Mentions l\u00e9gales -\",\"isPartOf\":{\"@id\":\"http:\/\/guiddeur.fr\/#website\"},\"datePublished\":\"2020-06-05T09:28:12+00:00\",\"dateModified\":\"2020-06-05T09:39:07+00:00\",\"breadcrumb\":{\"@id\":\"http:\/\/guiddeur.fr\/index.php\/mentions-legales\/#breadcrumb\"},\"inLanguage\":\"fr-FR\",\"potentialAction\":[{\"@type\":\"ReadAction\",\"target\":[\"http:\/\/guiddeur.fr\/index.php\/mentions-legales\/\"]}]},{\"@type\":\"BreadcrumbList\",\"@id\":\"http:\/\/guiddeur.fr\/index.php\/mentions-legales\/#breadcrumb\",\"itemListElement\":[{\"@type\":\"ListItem\",\"position\":1,\"name\":\"Accueil\",\"item\":\"http:\/\/guiddeur.fr\/\"},{\"@type\":\"ListItem\",\"position\":2,\"name\":\"Mentions l\u00e9gales\"}]}]}<\/script>\n<!-- \/ Yoast SEO plugin. -->","yoast_head_json":{"title":"Mentions l\u00e9gales -","robots":{"index":"index","follow":"follow","max-snippet":"max-snippet:-1","max-image-preview":"max-image-preview:large","max-video-preview":"max-video-preview:-1"},"canonical":"http:\/\/guiddeur.fr\/index.php\/mentions-legales\/","og_locale":"fr_FR","og_type":"article","og_title":"Mentions l\u00e9gales -","og_description":"Informations g\u00e9n\u00e9rales&nbsp;: Ce site est propri\u00e9t\u00e9 de&nbsp;: Guiddeur rue des Frenelles 59870 Marchiennes 845 344 936 00016 Ce site a \u00e9t\u00e9 cr\u00e9\u00e9 par Marie FOURNIER Ce site est maintenu par GUIDDEUR Ce site est h\u00e9berg\u00e9 par OVH Directeur de la publication&nbsp;: Thierry FOURNIER Cr\u00e9dits photos :&nbsp;Guiddeur\u00a9 Droit applicable :Le site Internet www.guiddeur.fr&nbsp;et les pr\u00e9sentes conditions [&hellip;]","og_url":"http:\/\/guiddeur.fr\/index.php\/mentions-legales\/","article_modified_time":"2020-06-05T09:39:07+00:00","twitter_card":"summary_large_image","twitter_misc":{"Dur\u00e9e de lecture estim\u00e9e":"5 minutes"},"schema":{"@context":"https:\/\/schema.org","@graph":[{"@type":"WebSite","@id":"http:\/\/guiddeur.fr\/#website","url":"http:\/\/guiddeur.fr\/","name":"","description":"","potentialAction":[{"@type":"SearchAction","target":{"@type":"EntryPoint","urlTemplate":"http:\/\/guiddeur.fr\/?s={search_term_string}"},"query-input":"required name=search_term_string"}],"inLanguage":"fr-FR"},{"@type":"WebPage","@id":"http:\/\/guiddeur.fr\/index.php\/mentions-legales\/#webpage","url":"http:\/\/guiddeur.fr\/index.php\/mentions-legales\/","name":"Mentions l\u00e9gales -","isPartOf":{"@id":"http:\/\/guiddeur.fr\/#website"},"datePublished":"2020-06-05T09:28:12+00:00","dateModified":"2020-06-05T09:39:07+00:00","breadcrumb":{"@id":"http:\/\/guiddeur.fr\/index.php\/mentions-legales\/#breadcrumb"},"inLanguage":"fr-FR","potentialAction":[{"@type":"ReadAction","target":["http:\/\/guiddeur.fr\/index.php\/mentions-legales\/"]}]},{"@type":"BreadcrumbList","@id":"http:\/\/guiddeur.fr\/index.php\/mentions-legales\/#breadcrumb","itemListElement":[{"@type":"ListItem","position":1,"name":"Accueil","item":"http:\/\/guiddeur.fr\/"},{"@type":"ListItem","position":2,"name":"Mentions l\u00e9gales"}]}]}},"_links":{"self":[{"href":"https:\/\/guiddeur.fr\/index.php\/wp-json\/wp\/v2\/pages\/4887"}],"collection":[{"href":"https:\/\/guiddeur.fr\/index.php\/wp-json\/wp\/v2\/pages"}],"about":[{"href":"https:\/\/guiddeur.fr\/index.php\/wp-json\/wp\/v2\/types\/page"}],"author":[{"embeddable":true,"href":"https:\/\/guiddeur.fr\/index.php\/wp-json\/wp\/v2\/users\/1"}],"replies":[{"embeddable":true,"href":"https:\/\/guiddeur.fr\/index.php\/wp-json\/wp\/v2\/comments?post=4887"}],"version-history":[{"count":2,"href":"https:\/\/guiddeur.fr\/index.php\/wp-json\/wp\/v2\/pages\/4887\/revisions"}],"predecessor-version":[{"id":4895,"href":"https:\/\/guiddeur.fr\/index.php\/wp-json\/wp\/v2\/pages\/4887\/revisions\/4895"}],"wp:attachment":[{"href":"https:\/\/guiddeur.fr\/index.php\/wp-json\/wp\/v2\/media?parent=4887"}],"curies":[{"name":"wp","href":"https:\/\/api.w.org\/{rel}","templated":true}]}}