{"id":4870,"date":"2020-06-04T15:58:38","date_gmt":"2020-06-04T13:58:38","guid":{"rendered":"http:\/\/guiddeur.fr\/?page_id=4870"},"modified":"2020-06-30T13:51:27","modified_gmt":"2020-06-30T11:51:27","slug":"audit-e-commerce","status":"publish","type":"page","link":"https:\/\/guiddeur.fr\/index.php\/audit-e-commerce\/","title":{"rendered":"Audit e-commerce"},"content":{"rendered":"\n<div class=\"wp-block-nextend-smartslider3\"><\/div>\n\n\n\n<div style=\"height:60px\" aria-hidden=\"true\" class=\"wp-block-spacer\"><\/div>\n\n\n\n<p style=\"font-size:23px\">Vous souhaitez booster l&rsquo;activit\u00e9 de votre site marchand, votre site est en perte de vitesse, l&rsquo;\u00e9volution de votre site et de votre entreprise g\u00e9n\u00e8re de nouvelles probl\u00e9matiques, vous \u00eates \u00e0 la recherche de nouvelles fonctionnalit\u00e9s&nbsp;?<\/p>\n\n\n\n<p style=\"font-size:23px\">Guiddeur vous propose un audit e-commerce&nbsp;: design, webmarketing, fonctionnalit\u00e9s, catalogue, cat\u00e9gorisation, visuels, r\u00e8gles de prix, gestion des transports, gestion des moyens de paiement etc&#8230;tous ces crit\u00e8res seront pris en compte et \u00e9tudi\u00e9s.<\/p>\n\n\n\n<p style=\"font-size:23px\">Le rapport d&rsquo;audit qui vous sera ensuite fourni sera accompagn\u00e9 d&rsquo;une interpr\u00e9tation claire et pr\u00e9cise, et de pr\u00e9conisations adapt\u00e9es.<\/p>\n\n\n\n<div style=\"height:50px\" aria-hidden=\"true\" class=\"wp-block-spacer\"><\/div>\n\n\n\n<div class=\"wp-block-buttons is-layout-flex wp-block-buttons-is-layout-flex\">\n<div class=\"wp-block-button\"><a class=\"wp-block-button__link has-background\" href=\"http:\/\/guiddeur.fr\/index.php\/formulaire-de-contact\/\" style=\"background-color:#44526a\" target=\"_blank\" rel=\"noreferrer noopener\">Contactez-nous !<\/a><\/div>\n<\/div>\n","protected":false},"excerpt":{"rendered":"<p>Vous souhaitez booster l&rsquo;activit\u00e9 de votre site marchand, votre site est en perte de vitesse, l&rsquo;\u00e9volution de votre site et de votre entreprise g\u00e9n\u00e8re de nouvelles probl\u00e9matiques, vous \u00eates \u00e0 la recherche de nouvelles fonctionnalit\u00e9s&nbsp;? Guiddeur vous propose un audit e-commerce&nbsp;: design, webmarketing, fonctionnalit\u00e9s, catalogue, cat\u00e9gorisation, visuels, r\u00e8gles de prix, gestion des transports, gestion des [&hellip;]<\/p>\n","protected":false},"author":1,"featured_media":0,"parent":0,"menu_order":0,"comment_status":"closed","ping_status":"closed","template":"","meta":{"footnotes":""},"yoast_head":"<!-- This site is optimized with the Yoast SEO plugin v18.9 - https:\/\/yoast.com\/wordpress\/plugins\/seo\/ -->\n<title>Audit e-commerce -<\/title>\n<meta name=\"robots\" content=\"index, follow, max-snippet:-1, max-image-preview:large, max-video-preview:-1\" \/>\n<link rel=\"canonical\" href=\"http:\/\/guiddeur.fr\/index.php\/audit-e-commerce\/\" \/>\n<meta property=\"og:locale\" content=\"fr_FR\" \/>\n<meta property=\"og:type\" content=\"article\" \/>\n<meta property=\"og:title\" content=\"Audit e-commerce -\" \/>\n<meta property=\"og:description\" content=\"Vous souhaitez booster l&rsquo;activit\u00e9 de votre site marchand, votre site est en perte de vitesse, l&rsquo;\u00e9volution de votre site et de votre entreprise g\u00e9n\u00e8re de nouvelles probl\u00e9matiques, vous \u00eates \u00e0 la recherche de nouvelles fonctionnalit\u00e9s&nbsp;? Guiddeur vous propose un audit e-commerce&nbsp;: design, webmarketing, fonctionnalit\u00e9s, catalogue, cat\u00e9gorisation, visuels, r\u00e8gles de prix, gestion des transports, gestion des [&hellip;]\" \/>\n<meta property=\"og:url\" content=\"http:\/\/guiddeur.fr\/index.php\/audit-e-commerce\/\" \/>\n<meta property=\"article:modified_time\" content=\"2020-06-30T11:51:27+00:00\" \/>\n<meta name=\"twitter:card\" content=\"summary_large_image\" \/>\n<meta name=\"twitter:label1\" content=\"Dur\u00e9e de lecture estim\u00e9e\" \/>\n\t<meta name=\"twitter:data1\" content=\"1 minute\" \/>\n<script type=\"application\/ld+json\" class=\"yoast-schema-graph\">{\"@context\":\"https:\/\/schema.org\",\"@graph\":[{\"@type\":\"WebSite\",\"@id\":\"http:\/\/guiddeur.fr\/#website\",\"url\":\"http:\/\/guiddeur.fr\/\",\"name\":\"\",\"description\":\"\",\"potentialAction\":[{\"@type\":\"SearchAction\",\"target\":{\"@type\":\"EntryPoint\",\"urlTemplate\":\"http:\/\/guiddeur.fr\/?s={search_term_string}\"},\"query-input\":\"required name=search_term_string\"}],\"inLanguage\":\"fr-FR\"},{\"@type\":\"WebPage\",\"@id\":\"http:\/\/guiddeur.fr\/index.php\/audit-e-commerce\/#webpage\",\"url\":\"http:\/\/guiddeur.fr\/index.php\/audit-e-commerce\/\",\"name\":\"Audit e-commerce -\",\"isPartOf\":{\"@id\":\"http:\/\/guiddeur.fr\/#website\"},\"datePublished\":\"2020-06-04T13:58:38+00:00\",\"dateModified\":\"2020-06-30T11:51:27+00:00\",\"breadcrumb\":{\"@id\":\"http:\/\/guiddeur.fr\/index.php\/audit-e-commerce\/#breadcrumb\"},\"inLanguage\":\"fr-FR\",\"potentialAction\":[{\"@type\":\"ReadAction\",\"target\":[\"http:\/\/guiddeur.fr\/index.php\/audit-e-commerce\/\"]}]},{\"@type\":\"BreadcrumbList\",\"@id\":\"http:\/\/guiddeur.fr\/index.php\/audit-e-commerce\/#breadcrumb\",\"itemListElement\":[{\"@type\":\"ListItem\",\"position\":1,\"name\":\"Accueil\",\"item\":\"http:\/\/guiddeur.fr\/\"},{\"@type\":\"ListItem\",\"position\":2,\"name\":\"Audit e-commerce\"}]}]}<\/script>\n<!-- \/ Yoast SEO plugin. -->","yoast_head_json":{"title":"Audit e-commerce -","robots":{"index":"index","follow":"follow","max-snippet":"max-snippet:-1","max-image-preview":"max-image-preview:large","max-video-preview":"max-video-preview:-1"},"canonical":"http:\/\/guiddeur.fr\/index.php\/audit-e-commerce\/","og_locale":"fr_FR","og_type":"article","og_title":"Audit e-commerce -","og_description":"Vous souhaitez booster l&rsquo;activit\u00e9 de votre site marchand, votre site est en perte de vitesse, l&rsquo;\u00e9volution de votre site et de votre entreprise g\u00e9n\u00e8re de nouvelles probl\u00e9matiques, vous \u00eates \u00e0 la recherche de nouvelles fonctionnalit\u00e9s&nbsp;? Guiddeur vous propose un audit e-commerce&nbsp;: design, webmarketing, fonctionnalit\u00e9s, catalogue, cat\u00e9gorisation, visuels, r\u00e8gles de prix, gestion des transports, gestion des [&hellip;]","og_url":"http:\/\/guiddeur.fr\/index.php\/audit-e-commerce\/","article_modified_time":"2020-06-30T11:51:27+00:00","twitter_card":"summary_large_image","twitter_misc":{"Dur\u00e9e de lecture estim\u00e9e":"1 minute"},"schema":{"@context":"https:\/\/schema.org","@graph":[{"@type":"WebSite","@id":"http:\/\/guiddeur.fr\/#website","url":"http:\/\/guiddeur.fr\/","name":"","description":"","potentialAction":[{"@type":"SearchAction","target":{"@type":"EntryPoint","urlTemplate":"http:\/\/guiddeur.fr\/?s={search_term_string}"},"query-input":"required name=search_term_string"}],"inLanguage":"fr-FR"},{"@type":"WebPage","@id":"http:\/\/guiddeur.fr\/index.php\/audit-e-commerce\/#webpage","url":"http:\/\/guiddeur.fr\/index.php\/audit-e-commerce\/","name":"Audit e-commerce -","isPartOf":{"@id":"http:\/\/guiddeur.fr\/#website"},"datePublished":"2020-06-04T13:58:38+00:00","dateModified":"2020-06-30T11:51:27+00:00","breadcrumb":{"@id":"http:\/\/guiddeur.fr\/index.php\/audit-e-commerce\/#breadcrumb"},"inLanguage":"fr-FR","potentialAction":[{"@type":"ReadAction","target":["http:\/\/guiddeur.fr\/index.php\/audit-e-commerce\/"]}]},{"@type":"BreadcrumbList","@id":"http:\/\/guiddeur.fr\/index.php\/audit-e-commerce\/#breadcrumb","itemListElement":[{"@type":"ListItem","position":1,"name":"Accueil","item":"http:\/\/guiddeur.fr\/"},{"@type":"ListItem","position":2,"name":"Audit e-commerce"}]}]}},"_links":{"self":[{"href":"https:\/\/guiddeur.fr\/index.php\/wp-json\/wp\/v2\/pages\/4870"}],"collection":[{"href":"https:\/\/guiddeur.fr\/index.php\/wp-json\/wp\/v2\/pages"}],"about":[{"href":"https:\/\/guiddeur.fr\/index.php\/wp-json\/wp\/v2\/types\/page"}],"author":[{"embeddable":true,"href":"https:\/\/guiddeur.fr\/index.php\/wp-json\/wp\/v2\/users\/1"}],"replies":[{"embeddable":true,"href":"https:\/\/guiddeur.fr\/index.php\/wp-json\/wp\/v2\/comments?post=4870"}],"version-history":[{"count":8,"href":"https:\/\/guiddeur.fr\/index.php\/wp-json\/wp\/v2\/pages\/4870\/revisions"}],"predecessor-version":[{"id":5173,"href":"https:\/\/guiddeur.fr\/index.php\/wp-json\/wp\/v2\/pages\/4870\/revisions\/5173"}],"wp:attachment":[{"href":"https:\/\/guiddeur.fr\/index.php\/wp-json\/wp\/v2\/media?parent=4870"}],"curies":[{"name":"wp","href":"https:\/\/api.w.org\/{rel}","templated":true}]}}