{"id":4867,"date":"2020-06-04T15:58:02","date_gmt":"2020-06-04T13:58:02","guid":{"rendered":"http:\/\/guiddeur.fr\/?page_id=4867"},"modified":"2020-06-30T13:52:58","modified_gmt":"2020-06-30T11:52:58","slug":"audit-seo","status":"publish","type":"page","link":"https:\/\/guiddeur.fr\/index.php\/audit-seo\/","title":{"rendered":"Audit SEO"},"content":{"rendered":"\n<div class=\"wp-block-nextend-smartslider3\"><\/div>\n\n\n\n<div style=\"height:60px\" aria-hidden=\"true\" class=\"wp-block-spacer\"><\/div>\n\n\n\n<p style=\"font-size:23px\">Votre site internet ne vous donne pas les r\u00e9sultats esp\u00e9r\u00e9s en terme de contacts ou de ventes, vous ne parvenez pas \u00e0 vous hisser ou vous maintenir en bonne position sur les moteurs de recherche, vous vous demandez si vos requ\u00eates sur les moteurs de recherche sont les m\u00eames que celles des internautes, tout simplement le r\u00e9f\u00e9rencement de votre site est-il optimis\u00e9&nbsp;?<\/p>\n\n\n\n<p style=\"font-size:23px\">Le r\u00e9f\u00e9rencement naturel d&rsquo;un site (le SEO pour les initi\u00e9s) n\u00e9cessite de vraies comp\u00e9tences pour \u00eatre optimis\u00e9.<\/p>\n\n\n\n<p style=\"font-size:23px\">Mais au del\u00e0, il faut d\u00e9j\u00e0 \u00eatre en mesure de le conna\u00eetre avec pr\u00e9cision.<\/p>\n\n\n\n<p style=\"font-size:23px\">Guiddeur vous propose la r\u00e9alisation d&rsquo;un audit complet qui d\u00e9terminera avec force d\u00e9tails, \u00e0 quel niveau se situe votre site sur les moteurs de recherche et quelles sont les raisons qui justifient cette position.<\/p>\n\n\n\n<p style=\"font-size:23px\">Le rapport d&rsquo;audit qui vous sera ensuite fourni sera accompagn\u00e9 d&rsquo;une interpr\u00e9tation claire et pr\u00e9cise, et de pr\u00e9conisations adapt\u00e9es.<\/p>\n\n\n\n<div style=\"height:50px\" aria-hidden=\"true\" class=\"wp-block-spacer\"><\/div>\n\n\n\n<div class=\"wp-block-buttons is-layout-flex wp-block-buttons-is-layout-flex\">\n<div class=\"wp-block-button\"><a class=\"wp-block-button__link has-background\" href=\"http:\/\/guiddeur.fr\/index.php\/formulaire-de-contact\/\" style=\"background-color:#44526a\" target=\"_blank\" rel=\"noreferrer noopener\">Contactez-nous !<\/a><\/div>\n<\/div>\n","protected":false},"excerpt":{"rendered":"<p>Votre site internet ne vous donne pas les r\u00e9sultats esp\u00e9r\u00e9s en terme de contacts ou de ventes, vous ne parvenez pas \u00e0 vous hisser ou vous maintenir en bonne position sur les moteurs de recherche, vous vous demandez si vos requ\u00eates sur les moteurs de recherche sont les m\u00eames que celles des internautes, tout simplement [&hellip;]<\/p>\n","protected":false},"author":1,"featured_media":0,"parent":0,"menu_order":0,"comment_status":"closed","ping_status":"closed","template":"","meta":{"footnotes":""},"yoast_head":"<!-- This site is optimized with the Yoast SEO plugin v18.9 - https:\/\/yoast.com\/wordpress\/plugins\/seo\/ -->\n<title>Audit SEO -<\/title>\n<meta name=\"robots\" content=\"index, follow, max-snippet:-1, max-image-preview:large, max-video-preview:-1\" \/>\n<link rel=\"canonical\" href=\"http:\/\/guiddeur.fr\/index.php\/audit-seo\/\" \/>\n<meta property=\"og:locale\" content=\"fr_FR\" \/>\n<meta property=\"og:type\" content=\"article\" \/>\n<meta property=\"og:title\" content=\"Audit SEO -\" \/>\n<meta property=\"og:description\" content=\"Votre site internet ne vous donne pas les r\u00e9sultats esp\u00e9r\u00e9s en terme de contacts ou de ventes, vous ne parvenez pas \u00e0 vous hisser ou vous maintenir en bonne position sur les moteurs de recherche, vous vous demandez si vos requ\u00eates sur les moteurs de recherche sont les m\u00eames que celles des internautes, tout simplement [&hellip;]\" \/>\n<meta property=\"og:url\" content=\"http:\/\/guiddeur.fr\/index.php\/audit-seo\/\" \/>\n<meta property=\"article:modified_time\" content=\"2020-06-30T11:52:58+00:00\" \/>\n<meta name=\"twitter:card\" content=\"summary_large_image\" \/>\n<meta name=\"twitter:label1\" content=\"Dur\u00e9e de lecture estim\u00e9e\" \/>\n\t<meta name=\"twitter:data1\" content=\"1 minute\" \/>\n<script type=\"application\/ld+json\" class=\"yoast-schema-graph\">{\"@context\":\"https:\/\/schema.org\",\"@graph\":[{\"@type\":\"WebSite\",\"@id\":\"http:\/\/guiddeur.fr\/#website\",\"url\":\"http:\/\/guiddeur.fr\/\",\"name\":\"\",\"description\":\"\",\"potentialAction\":[{\"@type\":\"SearchAction\",\"target\":{\"@type\":\"EntryPoint\",\"urlTemplate\":\"http:\/\/guiddeur.fr\/?s={search_term_string}\"},\"query-input\":\"required name=search_term_string\"}],\"inLanguage\":\"fr-FR\"},{\"@type\":\"WebPage\",\"@id\":\"http:\/\/guiddeur.fr\/index.php\/audit-seo\/#webpage\",\"url\":\"http:\/\/guiddeur.fr\/index.php\/audit-seo\/\",\"name\":\"Audit SEO -\",\"isPartOf\":{\"@id\":\"http:\/\/guiddeur.fr\/#website\"},\"datePublished\":\"2020-06-04T13:58:02+00:00\",\"dateModified\":\"2020-06-30T11:52:58+00:00\",\"breadcrumb\":{\"@id\":\"http:\/\/guiddeur.fr\/index.php\/audit-seo\/#breadcrumb\"},\"inLanguage\":\"fr-FR\",\"potentialAction\":[{\"@type\":\"ReadAction\",\"target\":[\"http:\/\/guiddeur.fr\/index.php\/audit-seo\/\"]}]},{\"@type\":\"BreadcrumbList\",\"@id\":\"http:\/\/guiddeur.fr\/index.php\/audit-seo\/#breadcrumb\",\"itemListElement\":[{\"@type\":\"ListItem\",\"position\":1,\"name\":\"Accueil\",\"item\":\"http:\/\/guiddeur.fr\/\"},{\"@type\":\"ListItem\",\"position\":2,\"name\":\"Audit SEO\"}]}]}<\/script>\n<!-- \/ Yoast SEO plugin. -->","yoast_head_json":{"title":"Audit SEO -","robots":{"index":"index","follow":"follow","max-snippet":"max-snippet:-1","max-image-preview":"max-image-preview:large","max-video-preview":"max-video-preview:-1"},"canonical":"http:\/\/guiddeur.fr\/index.php\/audit-seo\/","og_locale":"fr_FR","og_type":"article","og_title":"Audit SEO -","og_description":"Votre site internet ne vous donne pas les r\u00e9sultats esp\u00e9r\u00e9s en terme de contacts ou de ventes, vous ne parvenez pas \u00e0 vous hisser ou vous maintenir en bonne position sur les moteurs de recherche, vous vous demandez si vos requ\u00eates sur les moteurs de recherche sont les m\u00eames que celles des internautes, tout simplement [&hellip;]","og_url":"http:\/\/guiddeur.fr\/index.php\/audit-seo\/","article_modified_time":"2020-06-30T11:52:58+00:00","twitter_card":"summary_large_image","twitter_misc":{"Dur\u00e9e de lecture estim\u00e9e":"1 minute"},"schema":{"@context":"https:\/\/schema.org","@graph":[{"@type":"WebSite","@id":"http:\/\/guiddeur.fr\/#website","url":"http:\/\/guiddeur.fr\/","name":"","description":"","potentialAction":[{"@type":"SearchAction","target":{"@type":"EntryPoint","urlTemplate":"http:\/\/guiddeur.fr\/?s={search_term_string}"},"query-input":"required name=search_term_string"}],"inLanguage":"fr-FR"},{"@type":"WebPage","@id":"http:\/\/guiddeur.fr\/index.php\/audit-seo\/#webpage","url":"http:\/\/guiddeur.fr\/index.php\/audit-seo\/","name":"Audit SEO -","isPartOf":{"@id":"http:\/\/guiddeur.fr\/#website"},"datePublished":"2020-06-04T13:58:02+00:00","dateModified":"2020-06-30T11:52:58+00:00","breadcrumb":{"@id":"http:\/\/guiddeur.fr\/index.php\/audit-seo\/#breadcrumb"},"inLanguage":"fr-FR","potentialAction":[{"@type":"ReadAction","target":["http:\/\/guiddeur.fr\/index.php\/audit-seo\/"]}]},{"@type":"BreadcrumbList","@id":"http:\/\/guiddeur.fr\/index.php\/audit-seo\/#breadcrumb","itemListElement":[{"@type":"ListItem","position":1,"name":"Accueil","item":"http:\/\/guiddeur.fr\/"},{"@type":"ListItem","position":2,"name":"Audit SEO"}]}]}},"_links":{"self":[{"href":"https:\/\/guiddeur.fr\/index.php\/wp-json\/wp\/v2\/pages\/4867"}],"collection":[{"href":"https:\/\/guiddeur.fr\/index.php\/wp-json\/wp\/v2\/pages"}],"about":[{"href":"https:\/\/guiddeur.fr\/index.php\/wp-json\/wp\/v2\/types\/page"}],"author":[{"embeddable":true,"href":"https:\/\/guiddeur.fr\/index.php\/wp-json\/wp\/v2\/users\/1"}],"replies":[{"embeddable":true,"href":"https:\/\/guiddeur.fr\/index.php\/wp-json\/wp\/v2\/comments?post=4867"}],"version-history":[{"count":8,"href":"https:\/\/guiddeur.fr\/index.php\/wp-json\/wp\/v2\/pages\/4867\/revisions"}],"predecessor-version":[{"id":5175,"href":"https:\/\/guiddeur.fr\/index.php\/wp-json\/wp\/v2\/pages\/4867\/revisions\/5175"}],"wp:attachment":[{"href":"https:\/\/guiddeur.fr\/index.php\/wp-json\/wp\/v2\/media?parent=4867"}],"curies":[{"name":"wp","href":"https:\/\/api.w.org\/{rel}","templated":true}]}}