{"id":4864,"date":"2020-06-04T15:57:42","date_gmt":"2020-06-04T13:57:42","guid":{"rendered":"http:\/\/guiddeur.fr\/?page_id=4864"},"modified":"2020-06-30T13:50:43","modified_gmt":"2020-06-30T11:50:43","slug":"audit-de-communication","status":"publish","type":"page","link":"https:\/\/guiddeur.fr\/index.php\/audit-de-communication\/","title":{"rendered":"Audit de communication"},"content":{"rendered":"\n<div class=\"wp-block-nextend-smartslider3\"><\/div>\n\n\n\n<div style=\"height:60px\" aria-hidden=\"true\" class=\"wp-block-spacer\"><\/div>\n\n\n\n<p style=\"font-size:23px\">Parce que vous \u00eates dans une phase de cr\u00e9ation, parce que vous \u00eates en train de revoir votre positionnement strat\u00e9gique, parce que vous avez besoin de booster votre d\u00e9veloppement, il est plus que jamais n\u00e9cessaire de vous rendre visible, de gagner en notori\u00e9t\u00e9 et valoriser votre entreprise et ses comp\u00e9tences.<\/p>\n\n\n\n<p style=\"font-size:23px\">C&rsquo;est le moment d&rsquo;organiser ou de r\u00e9-organiser votre communication.<\/p>\n\n\n\n<p style=\"font-size:23px\">Guiddeur vous accompagne dans cette r\u00e9flexion&nbsp;:<\/p>\n\n\n\n<p style=\"font-size:23px\">analyse de votre environnement m\u00e9tier et concurrence, de votre zone de chalandise, \u00e9tude de vos sp\u00e9cificit\u00e9s et contraintes, prise en compte de vos objectifs commerciaux et R.O.I, cadrage budg\u00e9taire, c&rsquo;est ensemble que nous d\u00e9finissons votre plan de communication et d\u00e9terminons les leviers digitaux et autres \u00e0 actionner.<\/p>\n\n\n\n<p style=\"font-size:23px\">Guiddeur organise, planifie, met en place les diff\u00e9rentes actions et vous aide \u00e0 contr\u00f4ler les r\u00e9sultats ainsi g\u00e9n\u00e9r\u00e9s.<\/p>\n\n\n\n<p style=\"font-size:23px\">Un audit de communication peut \u00eatre r\u00e9alis\u00e9 sous forme de prestation forfaitaire ou sous forme de jours de travail sur site ou non.<\/p>\n\n\n\n<div style=\"height:50px\" aria-hidden=\"true\" class=\"wp-block-spacer\"><\/div>\n\n\n\n<div class=\"wp-block-buttons is-layout-flex wp-block-buttons-is-layout-flex\">\n<div class=\"wp-block-button\"><a class=\"wp-block-button__link has-background\" href=\"http:\/\/guiddeur.fr\/index.php\/formulaire-de-contact\/\" style=\"background-color:#44526a\" target=\"_blank\" rel=\"noreferrer noopener\">Contactez-nous !<\/a><\/div>\n<\/div>\n","protected":false},"excerpt":{"rendered":"<p>Parce que vous \u00eates dans une phase de cr\u00e9ation, parce que vous \u00eates en train de revoir votre positionnement strat\u00e9gique, parce que vous avez besoin de booster votre d\u00e9veloppement, il est plus que jamais n\u00e9cessaire de vous rendre visible, de gagner en notori\u00e9t\u00e9 et valoriser votre entreprise et ses comp\u00e9tences. C&rsquo;est le moment d&rsquo;organiser ou [&hellip;]<\/p>\n","protected":false},"author":1,"featured_media":0,"parent":0,"menu_order":0,"comment_status":"closed","ping_status":"closed","template":"","meta":{"footnotes":""},"yoast_head":"<!-- This site is optimized with the Yoast SEO plugin v18.9 - https:\/\/yoast.com\/wordpress\/plugins\/seo\/ -->\n<title>Audit de communication -<\/title>\n<meta name=\"robots\" content=\"index, follow, max-snippet:-1, max-image-preview:large, max-video-preview:-1\" \/>\n<link rel=\"canonical\" href=\"http:\/\/guiddeur.fr\/index.php\/audit-de-communication\/\" \/>\n<meta property=\"og:locale\" content=\"fr_FR\" \/>\n<meta property=\"og:type\" content=\"article\" \/>\n<meta property=\"og:title\" content=\"Audit de communication -\" \/>\n<meta property=\"og:description\" content=\"Parce que vous \u00eates dans une phase de cr\u00e9ation, parce que vous \u00eates en train de revoir votre positionnement strat\u00e9gique, parce que vous avez besoin de booster votre d\u00e9veloppement, il est plus que jamais n\u00e9cessaire de vous rendre visible, de gagner en notori\u00e9t\u00e9 et valoriser votre entreprise et ses comp\u00e9tences. C&rsquo;est le moment d&rsquo;organiser ou [&hellip;]\" \/>\n<meta property=\"og:url\" content=\"http:\/\/guiddeur.fr\/index.php\/audit-de-communication\/\" \/>\n<meta property=\"article:modified_time\" content=\"2020-06-30T11:50:43+00:00\" \/>\n<meta name=\"twitter:card\" content=\"summary_large_image\" \/>\n<meta name=\"twitter:label1\" content=\"Dur\u00e9e de lecture estim\u00e9e\" \/>\n\t<meta name=\"twitter:data1\" content=\"1 minute\" \/>\n<script type=\"application\/ld+json\" class=\"yoast-schema-graph\">{\"@context\":\"https:\/\/schema.org\",\"@graph\":[{\"@type\":\"WebSite\",\"@id\":\"http:\/\/guiddeur.fr\/#website\",\"url\":\"http:\/\/guiddeur.fr\/\",\"name\":\"\",\"description\":\"\",\"potentialAction\":[{\"@type\":\"SearchAction\",\"target\":{\"@type\":\"EntryPoint\",\"urlTemplate\":\"http:\/\/guiddeur.fr\/?s={search_term_string}\"},\"query-input\":\"required name=search_term_string\"}],\"inLanguage\":\"fr-FR\"},{\"@type\":\"WebPage\",\"@id\":\"http:\/\/guiddeur.fr\/index.php\/audit-de-communication\/#webpage\",\"url\":\"http:\/\/guiddeur.fr\/index.php\/audit-de-communication\/\",\"name\":\"Audit de communication -\",\"isPartOf\":{\"@id\":\"http:\/\/guiddeur.fr\/#website\"},\"datePublished\":\"2020-06-04T13:57:42+00:00\",\"dateModified\":\"2020-06-30T11:50:43+00:00\",\"breadcrumb\":{\"@id\":\"http:\/\/guiddeur.fr\/index.php\/audit-de-communication\/#breadcrumb\"},\"inLanguage\":\"fr-FR\",\"potentialAction\":[{\"@type\":\"ReadAction\",\"target\":[\"http:\/\/guiddeur.fr\/index.php\/audit-de-communication\/\"]}]},{\"@type\":\"BreadcrumbList\",\"@id\":\"http:\/\/guiddeur.fr\/index.php\/audit-de-communication\/#breadcrumb\",\"itemListElement\":[{\"@type\":\"ListItem\",\"position\":1,\"name\":\"Accueil\",\"item\":\"http:\/\/guiddeur.fr\/\"},{\"@type\":\"ListItem\",\"position\":2,\"name\":\"Audit de communication\"}]}]}<\/script>\n<!-- \/ Yoast SEO plugin. -->","yoast_head_json":{"title":"Audit de communication -","robots":{"index":"index","follow":"follow","max-snippet":"max-snippet:-1","max-image-preview":"max-image-preview:large","max-video-preview":"max-video-preview:-1"},"canonical":"http:\/\/guiddeur.fr\/index.php\/audit-de-communication\/","og_locale":"fr_FR","og_type":"article","og_title":"Audit de communication -","og_description":"Parce que vous \u00eates dans une phase de cr\u00e9ation, parce que vous \u00eates en train de revoir votre positionnement strat\u00e9gique, parce que vous avez besoin de booster votre d\u00e9veloppement, il est plus que jamais n\u00e9cessaire de vous rendre visible, de gagner en notori\u00e9t\u00e9 et valoriser votre entreprise et ses comp\u00e9tences. C&rsquo;est le moment d&rsquo;organiser ou [&hellip;]","og_url":"http:\/\/guiddeur.fr\/index.php\/audit-de-communication\/","article_modified_time":"2020-06-30T11:50:43+00:00","twitter_card":"summary_large_image","twitter_misc":{"Dur\u00e9e de lecture estim\u00e9e":"1 minute"},"schema":{"@context":"https:\/\/schema.org","@graph":[{"@type":"WebSite","@id":"http:\/\/guiddeur.fr\/#website","url":"http:\/\/guiddeur.fr\/","name":"","description":"","potentialAction":[{"@type":"SearchAction","target":{"@type":"EntryPoint","urlTemplate":"http:\/\/guiddeur.fr\/?s={search_term_string}"},"query-input":"required name=search_term_string"}],"inLanguage":"fr-FR"},{"@type":"WebPage","@id":"http:\/\/guiddeur.fr\/index.php\/audit-de-communication\/#webpage","url":"http:\/\/guiddeur.fr\/index.php\/audit-de-communication\/","name":"Audit de communication -","isPartOf":{"@id":"http:\/\/guiddeur.fr\/#website"},"datePublished":"2020-06-04T13:57:42+00:00","dateModified":"2020-06-30T11:50:43+00:00","breadcrumb":{"@id":"http:\/\/guiddeur.fr\/index.php\/audit-de-communication\/#breadcrumb"},"inLanguage":"fr-FR","potentialAction":[{"@type":"ReadAction","target":["http:\/\/guiddeur.fr\/index.php\/audit-de-communication\/"]}]},{"@type":"BreadcrumbList","@id":"http:\/\/guiddeur.fr\/index.php\/audit-de-communication\/#breadcrumb","itemListElement":[{"@type":"ListItem","position":1,"name":"Accueil","item":"http:\/\/guiddeur.fr\/"},{"@type":"ListItem","position":2,"name":"Audit de communication"}]}]}},"_links":{"self":[{"href":"https:\/\/guiddeur.fr\/index.php\/wp-json\/wp\/v2\/pages\/4864"}],"collection":[{"href":"https:\/\/guiddeur.fr\/index.php\/wp-json\/wp\/v2\/pages"}],"about":[{"href":"https:\/\/guiddeur.fr\/index.php\/wp-json\/wp\/v2\/types\/page"}],"author":[{"embeddable":true,"href":"https:\/\/guiddeur.fr\/index.php\/wp-json\/wp\/v2\/users\/1"}],"replies":[{"embeddable":true,"href":"https:\/\/guiddeur.fr\/index.php\/wp-json\/wp\/v2\/comments?post=4864"}],"version-history":[{"count":8,"href":"https:\/\/guiddeur.fr\/index.php\/wp-json\/wp\/v2\/pages\/4864\/revisions"}],"predecessor-version":[{"id":5171,"href":"https:\/\/guiddeur.fr\/index.php\/wp-json\/wp\/v2\/pages\/4864\/revisions\/5171"}],"wp:attachment":[{"href":"https:\/\/guiddeur.fr\/index.php\/wp-json\/wp\/v2\/media?parent=4864"}],"curies":[{"name":"wp","href":"https:\/\/api.w.org\/{rel}","templated":true}]}}