{"id":4861,"date":"2020-06-04T15:56:56","date_gmt":"2020-06-04T13:56:56","guid":{"rendered":"http:\/\/guiddeur.fr\/?page_id=4861"},"modified":"2020-06-30T14:12:18","modified_gmt":"2020-06-30T12:12:18","slug":"marquage-de-vehicules","status":"publish","type":"page","link":"https:\/\/guiddeur.fr\/index.php\/marquage-de-vehicules\/","title":{"rendered":"Marquage de v\u00e9hicules"},"content":{"rendered":"\n<div class=\"wp-block-nextend-smartslider3\"><\/div>\n\n\n\n<div style=\"height:60px\" aria-hidden=\"true\" class=\"wp-block-spacer\"><\/div>\n\n\n\n<p style=\"font-size:23px\">Le v\u00e9hicule dans lequel vous vous d\u00e9placez, le v\u00e9hicule qui se trouve sur les chantiers peuvent \u00eatre de formidables vecteurs de communication visuelle.<\/p>\n\n\n\n<p style=\"font-size:23px\">Guiddeur et son partenaire Oxebo vous propose la cr\u00e9ation graphique, l&rsquo;impression quadri ou le lettrage teint\u00e9 des adh\u00e9sifs, le marquage ou le covering pour que vous puissiez v\u00e9hiculer l&rsquo;image de votre entreprise sur le terrain.<\/p>\n\n\n\n<div style=\"height:50px\" aria-hidden=\"true\" class=\"wp-block-spacer\"><\/div>\n\n\n\n<div class=\"wp-block-buttons is-layout-flex wp-block-buttons-is-layout-flex\">\n<div class=\"wp-block-button\"><a class=\"wp-block-button__link has-background\" href=\"http:\/\/guiddeur.fr\/index.php\/formulaire-de-contact\/\" style=\"background-color:#44526a\" target=\"_blank\" rel=\"noreferrer noopener\">Contactez-nous !<\/a><\/div>\n<\/div>\n\n\n\n<div class=\"wp-block-buttons is-layout-flex wp-block-buttons-is-layout-flex\">\n<div class=\"wp-block-button is-style-outline\"><a class=\"wp-block-button__link has-text-color\" href=\"https:\/\/www.oxebo.net\/\" style=\"color:#44526a\" target=\"_blank\" rel=\"noreferrer noopener\">Oxebo<\/a><\/div>\n<\/div>\n\n\n\n<div style=\"height:60px\" aria-hidden=\"true\" class=\"wp-block-spacer\"><\/div>\n\n\n\n<figure class=\"wp-block-gallery columns-3 is-cropped wp-block-gallery-1 is-layout-flex wp-block-gallery-is-layout-flex\"><ul class=\"blocks-gallery-grid\"><li class=\"blocks-gallery-item\"><figure><img loading=\"lazy\" decoding=\"async\" width=\"1024\" height=\"768\" src=\"http:\/\/guiddeur.fr\/wp-content\/uploads\/2020\/06\/marquagev\u00e9hicule3-1024x768.jpg\" alt=\"\" data-id=\"4910\" data-full-url=\"http:\/\/guiddeur.fr\/wp-content\/uploads\/2020\/06\/marquagev\u00e9hicule3-scaled.jpg\" data-link=\"http:\/\/guiddeur.fr\/marquagevehicule3\/\" class=\"wp-image-4910\" srcset=\"https:\/\/guiddeur.fr\/wp-content\/uploads\/2020\/06\/marquagev\u00e9hicule3-1024x768.jpg 1024w, https:\/\/guiddeur.fr\/wp-content\/uploads\/2020\/06\/marquagev\u00e9hicule3-300x225.jpg 300w, https:\/\/guiddeur.fr\/wp-content\/uploads\/2020\/06\/marquagev\u00e9hicule3-768x576.jpg 768w, https:\/\/guiddeur.fr\/wp-content\/uploads\/2020\/06\/marquagev\u00e9hicule3-1536x1152.jpg 1536w, https:\/\/guiddeur.fr\/wp-content\/uploads\/2020\/06\/marquagev\u00e9hicule3-2048x1536.jpg 2048w\" sizes=\"(max-width: 1024px) 100vw, 1024px\" \/><\/figure><\/li><li class=\"blocks-gallery-item\"><figure><img loading=\"lazy\" decoding=\"async\" width=\"1024\" height=\"768\" src=\"http:\/\/guiddeur.fr\/wp-content\/uploads\/2020\/06\/marquagev\u00e9hicule4-1024x768.jpg\" alt=\"\" data-id=\"4911\" data-full-url=\"http:\/\/guiddeur.fr\/wp-content\/uploads\/2020\/06\/marquagev\u00e9hicule4-scaled.jpg\" data-link=\"http:\/\/guiddeur.fr\/marquagevehicule4\/\" class=\"wp-image-4911\" srcset=\"https:\/\/guiddeur.fr\/wp-content\/uploads\/2020\/06\/marquagev\u00e9hicule4-1024x768.jpg 1024w, https:\/\/guiddeur.fr\/wp-content\/uploads\/2020\/06\/marquagev\u00e9hicule4-300x225.jpg 300w, https:\/\/guiddeur.fr\/wp-content\/uploads\/2020\/06\/marquagev\u00e9hicule4-768x576.jpg 768w, https:\/\/guiddeur.fr\/wp-content\/uploads\/2020\/06\/marquagev\u00e9hicule4-1536x1152.jpg 1536w, https:\/\/guiddeur.fr\/wp-content\/uploads\/2020\/06\/marquagev\u00e9hicule4-2048x1536.jpg 2048w\" sizes=\"(max-width: 1024px) 100vw, 1024px\" \/><\/figure><\/li><li class=\"blocks-gallery-item\"><figure><img loading=\"lazy\" decoding=\"async\" width=\"768\" height=\"1024\" src=\"http:\/\/guiddeur.fr\/wp-content\/uploads\/2020\/06\/marquagev\u00e9hicule1-768x1024.jpg\" alt=\"\" data-id=\"4908\" data-full-url=\"http:\/\/guiddeur.fr\/wp-content\/uploads\/2020\/06\/marquagev\u00e9hicule1-scaled.jpg\" data-link=\"http:\/\/guiddeur.fr\/marquagevehicule1\/\" class=\"wp-image-4908\" srcset=\"https:\/\/guiddeur.fr\/wp-content\/uploads\/2020\/06\/marquagev\u00e9hicule1-768x1024.jpg 768w, https:\/\/guiddeur.fr\/wp-content\/uploads\/2020\/06\/marquagev\u00e9hicule1-225x300.jpg 225w, https:\/\/guiddeur.fr\/wp-content\/uploads\/2020\/06\/marquagev\u00e9hicule1-1152x1536.jpg 1152w, https:\/\/guiddeur.fr\/wp-content\/uploads\/2020\/06\/marquagev\u00e9hicule1-1536x2048.jpg 1536w, https:\/\/guiddeur.fr\/wp-content\/uploads\/2020\/06\/marquagev\u00e9hicule1-scaled.jpg 1920w\" sizes=\"(max-width: 768px) 100vw, 768px\" \/><\/figure><\/li><li class=\"blocks-gallery-item\"><figure><img loading=\"lazy\" decoding=\"async\" width=\"1024\" height=\"768\" src=\"http:\/\/guiddeur.fr\/wp-content\/uploads\/2020\/06\/marquagev\u00e9hicule2-1024x768.jpg\" alt=\"\" data-id=\"4909\" data-full-url=\"http:\/\/guiddeur.fr\/wp-content\/uploads\/2020\/06\/marquagev\u00e9hicule2-scaled.jpg\" data-link=\"http:\/\/guiddeur.fr\/marquagevehicule2\/\" class=\"wp-image-4909\" srcset=\"https:\/\/guiddeur.fr\/wp-content\/uploads\/2020\/06\/marquagev\u00e9hicule2-1024x768.jpg 1024w, https:\/\/guiddeur.fr\/wp-content\/uploads\/2020\/06\/marquagev\u00e9hicule2-300x225.jpg 300w, https:\/\/guiddeur.fr\/wp-content\/uploads\/2020\/06\/marquagev\u00e9hicule2-768x576.jpg 768w, https:\/\/guiddeur.fr\/wp-content\/uploads\/2020\/06\/marquagev\u00e9hicule2-1536x1152.jpg 1536w, https:\/\/guiddeur.fr\/wp-content\/uploads\/2020\/06\/marquagev\u00e9hicule2-2048x1536.jpg 2048w\" sizes=\"(max-width: 1024px) 100vw, 1024px\" \/><\/figure><\/li><li class=\"blocks-gallery-item\"><figure><img loading=\"lazy\" decoding=\"async\" width=\"1024\" height=\"768\" src=\"http:\/\/guiddeur.fr\/wp-content\/uploads\/2020\/06\/marquagev\u00e9hicule7-1024x768.jpg\" alt=\"\" data-id=\"4914\" data-full-url=\"http:\/\/guiddeur.fr\/wp-content\/uploads\/2020\/06\/marquagev\u00e9hicule7-scaled.jpg\" data-link=\"http:\/\/guiddeur.fr\/marquagevehicule7\/\" class=\"wp-image-4914\" srcset=\"https:\/\/guiddeur.fr\/wp-content\/uploads\/2020\/06\/marquagev\u00e9hicule7-1024x768.jpg 1024w, https:\/\/guiddeur.fr\/wp-content\/uploads\/2020\/06\/marquagev\u00e9hicule7-300x225.jpg 300w, https:\/\/guiddeur.fr\/wp-content\/uploads\/2020\/06\/marquagev\u00e9hicule7-768x576.jpg 768w, https:\/\/guiddeur.fr\/wp-content\/uploads\/2020\/06\/marquagev\u00e9hicule7-1536x1152.jpg 1536w, https:\/\/guiddeur.fr\/wp-content\/uploads\/2020\/06\/marquagev\u00e9hicule7-2048x1536.jpg 2048w\" sizes=\"(max-width: 1024px) 100vw, 1024px\" \/><\/figure><\/li><li class=\"blocks-gallery-item\"><figure><img loading=\"lazy\" decoding=\"async\" width=\"1024\" height=\"768\" src=\"http:\/\/guiddeur.fr\/wp-content\/uploads\/2020\/06\/marquagev\u00e9hicule6-1024x768.jpg\" alt=\"\" data-id=\"4913\" data-full-url=\"http:\/\/guiddeur.fr\/wp-content\/uploads\/2020\/06\/marquagev\u00e9hicule6-scaled.jpg\" data-link=\"http:\/\/guiddeur.fr\/marquagevehicule6\/\" class=\"wp-image-4913\" srcset=\"https:\/\/guiddeur.fr\/wp-content\/uploads\/2020\/06\/marquagev\u00e9hicule6-1024x768.jpg 1024w, https:\/\/guiddeur.fr\/wp-content\/uploads\/2020\/06\/marquagev\u00e9hicule6-300x225.jpg 300w, https:\/\/guiddeur.fr\/wp-content\/uploads\/2020\/06\/marquagev\u00e9hicule6-768x576.jpg 768w, https:\/\/guiddeur.fr\/wp-content\/uploads\/2020\/06\/marquagev\u00e9hicule6-1536x1152.jpg 1536w, https:\/\/guiddeur.fr\/wp-content\/uploads\/2020\/06\/marquagev\u00e9hicule6-2048x1536.jpg 2048w\" sizes=\"(max-width: 1024px) 100vw, 1024px\" \/><\/figure><\/li><\/ul><\/figure>\n","protected":false},"excerpt":{"rendered":"<p>Le v\u00e9hicule dans lequel vous vous d\u00e9placez, le v\u00e9hicule qui se trouve sur les chantiers peuvent \u00eatre de formidables vecteurs de communication visuelle. Guiddeur et son partenaire Oxebo vous propose la cr\u00e9ation graphique, l&rsquo;impression quadri ou le lettrage teint\u00e9 des adh\u00e9sifs, le marquage ou le covering pour que vous puissiez v\u00e9hiculer l&rsquo;image de votre entreprise [&hellip;]<\/p>\n","protected":false},"author":1,"featured_media":0,"parent":0,"menu_order":0,"comment_status":"closed","ping_status":"closed","template":"","meta":{"footnotes":""},"yoast_head":"<!-- This site is optimized with the Yoast SEO plugin v18.9 - https:\/\/yoast.com\/wordpress\/plugins\/seo\/ -->\n<title>Marquage de v\u00e9hicules -<\/title>\n<meta name=\"robots\" content=\"index, follow, max-snippet:-1, max-image-preview:large, max-video-preview:-1\" \/>\n<link rel=\"canonical\" href=\"https:\/\/guiddeur.fr\/index.php\/marquage-de-vehicules\/\" \/>\n<meta property=\"og:locale\" content=\"fr_FR\" \/>\n<meta property=\"og:type\" content=\"article\" \/>\n<meta property=\"og:title\" content=\"Marquage de v\u00e9hicules -\" \/>\n<meta property=\"og:description\" content=\"Le v\u00e9hicule dans lequel vous vous d\u00e9placez, le v\u00e9hicule qui se trouve sur les chantiers peuvent \u00eatre de formidables vecteurs de communication visuelle. Guiddeur et son partenaire Oxebo vous propose la cr\u00e9ation graphique, l&rsquo;impression quadri ou le lettrage teint\u00e9 des adh\u00e9sifs, le marquage ou le covering pour que vous puissiez v\u00e9hiculer l&rsquo;image de votre entreprise [&hellip;]\" \/>\n<meta property=\"og:url\" content=\"https:\/\/guiddeur.fr\/index.php\/marquage-de-vehicules\/\" \/>\n<meta property=\"article:modified_time\" content=\"2020-06-30T12:12:18+00:00\" \/>\n<meta name=\"twitter:card\" content=\"summary_large_image\" \/>\n<script type=\"application\/ld+json\" class=\"yoast-schema-graph\">{\"@context\":\"https:\/\/schema.org\",\"@graph\":[{\"@type\":\"WebSite\",\"@id\":\"http:\/\/guiddeur.fr\/#website\",\"url\":\"http:\/\/guiddeur.fr\/\",\"name\":\"\",\"description\":\"\",\"potentialAction\":[{\"@type\":\"SearchAction\",\"target\":{\"@type\":\"EntryPoint\",\"urlTemplate\":\"http:\/\/guiddeur.fr\/?s={search_term_string}\"},\"query-input\":\"required name=search_term_string\"}],\"inLanguage\":\"fr-FR\"},{\"@type\":\"WebPage\",\"@id\":\"https:\/\/guiddeur.fr\/index.php\/marquage-de-vehicules\/#webpage\",\"url\":\"https:\/\/guiddeur.fr\/index.php\/marquage-de-vehicules\/\",\"name\":\"Marquage de v\u00e9hicules -\",\"isPartOf\":{\"@id\":\"http:\/\/guiddeur.fr\/#website\"},\"datePublished\":\"2020-06-04T13:56:56+00:00\",\"dateModified\":\"2020-06-30T12:12:18+00:00\",\"breadcrumb\":{\"@id\":\"https:\/\/guiddeur.fr\/index.php\/marquage-de-vehicules\/#breadcrumb\"},\"inLanguage\":\"fr-FR\",\"potentialAction\":[{\"@type\":\"ReadAction\",\"target\":[\"https:\/\/guiddeur.fr\/index.php\/marquage-de-vehicules\/\"]}]},{\"@type\":\"BreadcrumbList\",\"@id\":\"https:\/\/guiddeur.fr\/index.php\/marquage-de-vehicules\/#breadcrumb\",\"itemListElement\":[{\"@type\":\"ListItem\",\"position\":1,\"name\":\"Accueil\",\"item\":\"http:\/\/guiddeur.fr\/\"},{\"@type\":\"ListItem\",\"position\":2,\"name\":\"Marquage de v\u00e9hicules\"}]}]}<\/script>\n<!-- \/ Yoast SEO plugin. -->","yoast_head_json":{"title":"Marquage de v\u00e9hicules -","robots":{"index":"index","follow":"follow","max-snippet":"max-snippet:-1","max-image-preview":"max-image-preview:large","max-video-preview":"max-video-preview:-1"},"canonical":"https:\/\/guiddeur.fr\/index.php\/marquage-de-vehicules\/","og_locale":"fr_FR","og_type":"article","og_title":"Marquage de v\u00e9hicules -","og_description":"Le v\u00e9hicule dans lequel vous vous d\u00e9placez, le v\u00e9hicule qui se trouve sur les chantiers peuvent \u00eatre de formidables vecteurs de communication visuelle. Guiddeur et son partenaire Oxebo vous propose la cr\u00e9ation graphique, l&rsquo;impression quadri ou le lettrage teint\u00e9 des adh\u00e9sifs, le marquage ou le covering pour que vous puissiez v\u00e9hiculer l&rsquo;image de votre entreprise [&hellip;]","og_url":"https:\/\/guiddeur.fr\/index.php\/marquage-de-vehicules\/","article_modified_time":"2020-06-30T12:12:18+00:00","twitter_card":"summary_large_image","schema":{"@context":"https:\/\/schema.org","@graph":[{"@type":"WebSite","@id":"http:\/\/guiddeur.fr\/#website","url":"http:\/\/guiddeur.fr\/","name":"","description":"","potentialAction":[{"@type":"SearchAction","target":{"@type":"EntryPoint","urlTemplate":"http:\/\/guiddeur.fr\/?s={search_term_string}"},"query-input":"required name=search_term_string"}],"inLanguage":"fr-FR"},{"@type":"WebPage","@id":"https:\/\/guiddeur.fr\/index.php\/marquage-de-vehicules\/#webpage","url":"https:\/\/guiddeur.fr\/index.php\/marquage-de-vehicules\/","name":"Marquage de v\u00e9hicules -","isPartOf":{"@id":"http:\/\/guiddeur.fr\/#website"},"datePublished":"2020-06-04T13:56:56+00:00","dateModified":"2020-06-30T12:12:18+00:00","breadcrumb":{"@id":"https:\/\/guiddeur.fr\/index.php\/marquage-de-vehicules\/#breadcrumb"},"inLanguage":"fr-FR","potentialAction":[{"@type":"ReadAction","target":["https:\/\/guiddeur.fr\/index.php\/marquage-de-vehicules\/"]}]},{"@type":"BreadcrumbList","@id":"https:\/\/guiddeur.fr\/index.php\/marquage-de-vehicules\/#breadcrumb","itemListElement":[{"@type":"ListItem","position":1,"name":"Accueil","item":"http:\/\/guiddeur.fr\/"},{"@type":"ListItem","position":2,"name":"Marquage de v\u00e9hicules"}]}]}},"_links":{"self":[{"href":"https:\/\/guiddeur.fr\/index.php\/wp-json\/wp\/v2\/pages\/4861"}],"collection":[{"href":"https:\/\/guiddeur.fr\/index.php\/wp-json\/wp\/v2\/pages"}],"about":[{"href":"https:\/\/guiddeur.fr\/index.php\/wp-json\/wp\/v2\/types\/page"}],"author":[{"embeddable":true,"href":"https:\/\/guiddeur.fr\/index.php\/wp-json\/wp\/v2\/users\/1"}],"replies":[{"embeddable":true,"href":"https:\/\/guiddeur.fr\/index.php\/wp-json\/wp\/v2\/comments?post=4861"}],"version-history":[{"count":10,"href":"https:\/\/guiddeur.fr\/index.php\/wp-json\/wp\/v2\/pages\/4861\/revisions"}],"predecessor-version":[{"id":5203,"href":"https:\/\/guiddeur.fr\/index.php\/wp-json\/wp\/v2\/pages\/4861\/revisions\/5203"}],"wp:attachment":[{"href":"https:\/\/guiddeur.fr\/index.php\/wp-json\/wp\/v2\/media?parent=4861"}],"curies":[{"name":"wp","href":"https:\/\/api.w.org\/{rel}","templated":true}]}}