{"id":4858,"date":"2020-06-04T15:56:28","date_gmt":"2020-06-04T13:56:28","guid":{"rendered":"http:\/\/guiddeur.fr\/?page_id=4858"},"modified":"2020-07-02T17:34:20","modified_gmt":"2020-07-02T15:34:20","slug":"enseigne","status":"publish","type":"page","link":"https:\/\/guiddeur.fr\/index.php\/enseigne\/","title":{"rendered":"Enseigne"},"content":{"rendered":"\n<div class=\"wp-block-nextend-smartslider3\"><\/div>\n\n\n\n<div style=\"height:60px\" aria-hidden=\"true\" class=\"wp-block-spacer\"><\/div>\n\n\n\n<p style=\"font-size:23px\">Guiddeur et Oxebo vous propose la cr\u00e9ation graphique, la r\u00e9alisation et la pose de votre enseigne.<\/p>\n\n\n\n<p style=\"font-size:23px\">Simple panneau, lettres d\u00e9coup\u00e9es, totem, confiez-nous votre projet d&rsquo;enseigne non lumineuse.<\/p>\n\n\n\n<div style=\"height:50px\" aria-hidden=\"true\" class=\"wp-block-spacer\"><\/div>\n\n\n\n<div class=\"wp-block-buttons is-layout-flex wp-block-buttons-is-layout-flex\">\n<div class=\"wp-block-button\"><a class=\"wp-block-button__link has-background\" href=\"http:\/\/guiddeur.fr\/index.php\/formulaire-de-contact\/\" style=\"background-color:#44526a\" target=\"_blank\" rel=\"noreferrer noopener\">Contactez-nous !<\/a><\/div>\n<\/div>\n\n\n\n<div class=\"wp-block-buttons is-layout-flex wp-block-buttons-is-layout-flex\">\n<div class=\"wp-block-button is-style-outline\"><a class=\"wp-block-button__link has-text-color\" href=\"https:\/\/www.oxebo.net\/\" style=\"color:#44526a\" target=\"_blank\" rel=\"noreferrer noopener\">Oxebo<\/a><\/div>\n<\/div>\n\n\n\n<div style=\"height:70px\" aria-hidden=\"true\" class=\"wp-block-spacer\"><\/div>\n\n\n\n<figure class=\"wp-block-image size-large\"><img loading=\"lazy\" decoding=\"async\" width=\"1024\" height=\"521\" src=\"http:\/\/guiddeur.fr\/wp-content\/uploads\/2020\/06\/Enseigne-Histoire-dabeille-1024x521.jpg\" alt=\"\" class=\"wp-image-4901\" srcset=\"https:\/\/guiddeur.fr\/wp-content\/uploads\/2020\/06\/Enseigne-Histoire-dabeille-1024x521.jpg 1024w, https:\/\/guiddeur.fr\/wp-content\/uploads\/2020\/06\/Enseigne-Histoire-dabeille-300x153.jpg 300w, https:\/\/guiddeur.fr\/wp-content\/uploads\/2020\/06\/Enseigne-Histoire-dabeille-768x391.jpg 768w, https:\/\/guiddeur.fr\/wp-content\/uploads\/2020\/06\/Enseigne-Histoire-dabeille-1536x782.jpg 1536w, https:\/\/guiddeur.fr\/wp-content\/uploads\/2020\/06\/Enseigne-Histoire-dabeille.jpg 2048w\" sizes=\"(max-width: 1024px) 100vw, 1024px\" \/><\/figure>\n","protected":false},"excerpt":{"rendered":"<p>Guiddeur et Oxebo vous propose la cr\u00e9ation graphique, la r\u00e9alisation et la pose de votre enseigne. Simple panneau, lettres d\u00e9coup\u00e9es, totem, confiez-nous votre projet d&rsquo;enseigne non lumineuse.<\/p>\n","protected":false},"author":1,"featured_media":0,"parent":0,"menu_order":0,"comment_status":"closed","ping_status":"closed","template":"","meta":{"footnotes":""},"yoast_head":"<!-- This site is optimized with the Yoast SEO plugin v18.9 - https:\/\/yoast.com\/wordpress\/plugins\/seo\/ -->\n<title>Enseigne -<\/title>\n<meta name=\"robots\" content=\"index, follow, max-snippet:-1, max-image-preview:large, max-video-preview:-1\" \/>\n<link rel=\"canonical\" href=\"http:\/\/guiddeur.fr\/index.php\/enseigne\/\" \/>\n<meta property=\"og:locale\" content=\"fr_FR\" \/>\n<meta property=\"og:type\" content=\"article\" \/>\n<meta property=\"og:title\" content=\"Enseigne -\" \/>\n<meta property=\"og:description\" content=\"Guiddeur et Oxebo vous propose la cr\u00e9ation graphique, la r\u00e9alisation et la pose de votre enseigne. Simple panneau, lettres d\u00e9coup\u00e9es, totem, confiez-nous votre projet d&rsquo;enseigne non lumineuse.\" \/>\n<meta property=\"og:url\" content=\"http:\/\/guiddeur.fr\/index.php\/enseigne\/\" \/>\n<meta property=\"article:modified_time\" content=\"2020-07-02T15:34:20+00:00\" \/>\n<meta property=\"og:image\" content=\"http:\/\/guiddeur.fr\/wp-content\/uploads\/2020\/06\/Enseigne-Histoire-dabeille-1024x521.jpg\" \/>\n<meta name=\"twitter:card\" content=\"summary_large_image\" \/>\n<script type=\"application\/ld+json\" class=\"yoast-schema-graph\">{\"@context\":\"https:\/\/schema.org\",\"@graph\":[{\"@type\":\"WebSite\",\"@id\":\"http:\/\/guiddeur.fr\/#website\",\"url\":\"http:\/\/guiddeur.fr\/\",\"name\":\"\",\"description\":\"\",\"potentialAction\":[{\"@type\":\"SearchAction\",\"target\":{\"@type\":\"EntryPoint\",\"urlTemplate\":\"http:\/\/guiddeur.fr\/?s={search_term_string}\"},\"query-input\":\"required name=search_term_string\"}],\"inLanguage\":\"fr-FR\"},{\"@type\":\"ImageObject\",\"inLanguage\":\"fr-FR\",\"@id\":\"http:\/\/guiddeur.fr\/index.php\/enseigne\/#primaryimage\",\"url\":\"https:\/\/guiddeur.fr\/wp-content\/uploads\/2020\/06\/Enseigne-Histoire-dabeille.jpg\",\"contentUrl\":\"https:\/\/guiddeur.fr\/wp-content\/uploads\/2020\/06\/Enseigne-Histoire-dabeille.jpg\",\"width\":2048,\"height\":1042},{\"@type\":\"WebPage\",\"@id\":\"http:\/\/guiddeur.fr\/index.php\/enseigne\/#webpage\",\"url\":\"http:\/\/guiddeur.fr\/index.php\/enseigne\/\",\"name\":\"Enseigne -\",\"isPartOf\":{\"@id\":\"http:\/\/guiddeur.fr\/#website\"},\"primaryImageOfPage\":{\"@id\":\"http:\/\/guiddeur.fr\/index.php\/enseigne\/#primaryimage\"},\"datePublished\":\"2020-06-04T13:56:28+00:00\",\"dateModified\":\"2020-07-02T15:34:20+00:00\",\"breadcrumb\":{\"@id\":\"http:\/\/guiddeur.fr\/index.php\/enseigne\/#breadcrumb\"},\"inLanguage\":\"fr-FR\",\"potentialAction\":[{\"@type\":\"ReadAction\",\"target\":[\"http:\/\/guiddeur.fr\/index.php\/enseigne\/\"]}]},{\"@type\":\"BreadcrumbList\",\"@id\":\"http:\/\/guiddeur.fr\/index.php\/enseigne\/#breadcrumb\",\"itemListElement\":[{\"@type\":\"ListItem\",\"position\":1,\"name\":\"Accueil\",\"item\":\"http:\/\/guiddeur.fr\/\"},{\"@type\":\"ListItem\",\"position\":2,\"name\":\"Enseigne\"}]}]}<\/script>\n<!-- \/ Yoast SEO plugin. -->","yoast_head_json":{"title":"Enseigne -","robots":{"index":"index","follow":"follow","max-snippet":"max-snippet:-1","max-image-preview":"max-image-preview:large","max-video-preview":"max-video-preview:-1"},"canonical":"http:\/\/guiddeur.fr\/index.php\/enseigne\/","og_locale":"fr_FR","og_type":"article","og_title":"Enseigne -","og_description":"Guiddeur et Oxebo vous propose la cr\u00e9ation graphique, la r\u00e9alisation et la pose de votre enseigne. Simple panneau, lettres d\u00e9coup\u00e9es, totem, confiez-nous votre projet d&rsquo;enseigne non lumineuse.","og_url":"http:\/\/guiddeur.fr\/index.php\/enseigne\/","article_modified_time":"2020-07-02T15:34:20+00:00","og_image":[{"url":"http:\/\/guiddeur.fr\/wp-content\/uploads\/2020\/06\/Enseigne-Histoire-dabeille-1024x521.jpg"}],"twitter_card":"summary_large_image","schema":{"@context":"https:\/\/schema.org","@graph":[{"@type":"WebSite","@id":"http:\/\/guiddeur.fr\/#website","url":"http:\/\/guiddeur.fr\/","name":"","description":"","potentialAction":[{"@type":"SearchAction","target":{"@type":"EntryPoint","urlTemplate":"http:\/\/guiddeur.fr\/?s={search_term_string}"},"query-input":"required name=search_term_string"}],"inLanguage":"fr-FR"},{"@type":"ImageObject","inLanguage":"fr-FR","@id":"http:\/\/guiddeur.fr\/index.php\/enseigne\/#primaryimage","url":"https:\/\/guiddeur.fr\/wp-content\/uploads\/2020\/06\/Enseigne-Histoire-dabeille.jpg","contentUrl":"https:\/\/guiddeur.fr\/wp-content\/uploads\/2020\/06\/Enseigne-Histoire-dabeille.jpg","width":2048,"height":1042},{"@type":"WebPage","@id":"http:\/\/guiddeur.fr\/index.php\/enseigne\/#webpage","url":"http:\/\/guiddeur.fr\/index.php\/enseigne\/","name":"Enseigne -","isPartOf":{"@id":"http:\/\/guiddeur.fr\/#website"},"primaryImageOfPage":{"@id":"http:\/\/guiddeur.fr\/index.php\/enseigne\/#primaryimage"},"datePublished":"2020-06-04T13:56:28+00:00","dateModified":"2020-07-02T15:34:20+00:00","breadcrumb":{"@id":"http:\/\/guiddeur.fr\/index.php\/enseigne\/#breadcrumb"},"inLanguage":"fr-FR","potentialAction":[{"@type":"ReadAction","target":["http:\/\/guiddeur.fr\/index.php\/enseigne\/"]}]},{"@type":"BreadcrumbList","@id":"http:\/\/guiddeur.fr\/index.php\/enseigne\/#breadcrumb","itemListElement":[{"@type":"ListItem","position":1,"name":"Accueil","item":"http:\/\/guiddeur.fr\/"},{"@type":"ListItem","position":2,"name":"Enseigne"}]}]}},"_links":{"self":[{"href":"https:\/\/guiddeur.fr\/index.php\/wp-json\/wp\/v2\/pages\/4858"}],"collection":[{"href":"https:\/\/guiddeur.fr\/index.php\/wp-json\/wp\/v2\/pages"}],"about":[{"href":"https:\/\/guiddeur.fr\/index.php\/wp-json\/wp\/v2\/types\/page"}],"author":[{"embeddable":true,"href":"https:\/\/guiddeur.fr\/index.php\/wp-json\/wp\/v2\/users\/1"}],"replies":[{"embeddable":true,"href":"https:\/\/guiddeur.fr\/index.php\/wp-json\/wp\/v2\/comments?post=4858"}],"version-history":[{"count":13,"href":"https:\/\/guiddeur.fr\/index.php\/wp-json\/wp\/v2\/pages\/4858\/revisions"}],"predecessor-version":[{"id":5223,"href":"https:\/\/guiddeur.fr\/index.php\/wp-json\/wp\/v2\/pages\/4858\/revisions\/5223"}],"wp:attachment":[{"href":"https:\/\/guiddeur.fr\/index.php\/wp-json\/wp\/v2\/media?parent=4858"}],"curies":[{"name":"wp","href":"https:\/\/api.w.org\/{rel}","templated":true}]}}