{"id":4855,"date":"2020-06-04T15:56:13","date_gmt":"2020-06-04T13:56:13","guid":{"rendered":"http:\/\/guiddeur.fr\/?page_id=4855"},"modified":"2020-07-02T17:35:18","modified_gmt":"2020-07-02T15:35:18","slug":"communication-visuelle-et-signaletique","status":"publish","type":"page","link":"https:\/\/guiddeur.fr\/index.php\/communication-visuelle-et-signaletique\/","title":{"rendered":"Communication visuelle et signal\u00e9tique"},"content":{"rendered":"\n<div class=\"wp-block-nextend-smartslider3\"><\/div>\n\n\n\n<div style=\"height:60px\" aria-hidden=\"true\" class=\"wp-block-spacer\"><\/div>\n\n\n\n<p style=\"font-size:23px\">Parce qu&rsquo;il faut que vous puissiez vous donner de la visibilit\u00e9 sur un stand lorsque vous participez \u00e0 un \u00e9v\u00e9nement de type salon, baliser vos locaux \u00e0 l&rsquo;int\u00e9rieur comme \u00e0 l&rsquo;ext\u00e9rieur, r\u00e9aliser votre signal\u00e9tique, vos PLV, th\u00e9\u00e2traliser vos vitrines et points de vente, Guiddeur et son partenaire Oxebo vous proposent des impressions tous formats et tous supports et assurent les poses en int\u00e9rieur comme en ext\u00e9rieur.<\/p>\n\n\n\n<p style=\"font-size:23px\">Supports souples (adh\u00e9sifs, b\u00e2ches&#8230;), supports rigides (PVC, panneau sandwich&#8230;), impression quadri ou ton direct, effets particuliers (lamination, adh\u00e9sifs antid\u00e9rapants, vitrophanie&#8230;), nous saurons vous orienter vers la communication visuelle la plus efficace.<\/p>\n\n\n\n<div style=\"height:50px\" aria-hidden=\"true\" class=\"wp-block-spacer\"><\/div>\n\n\n\n<div class=\"wp-block-buttons is-layout-flex wp-block-buttons-is-layout-flex\">\n<div class=\"wp-block-button\"><a class=\"wp-block-button__link has-background\" href=\"http:\/\/guiddeur.fr\/index.php\/formulaire-de-contact\/\" style=\"background-color:#44526a\" target=\"_blank\" rel=\"noreferrer noopener\">Contactez-nous !<\/a><\/div>\n<\/div>\n\n\n\n<div class=\"wp-block-buttons is-layout-flex wp-block-buttons-is-layout-flex\">\n<div class=\"wp-block-button is-style-outline\"><a class=\"wp-block-button__link has-text-color\" href=\"https:\/\/www.oxebo.net\/\" style=\"color:#44526a\" target=\"_blank\" rel=\"noreferrer noopener\">Oxebo<\/a><\/div>\n<\/div>\n\n\n\n<div style=\"height:60px\" aria-hidden=\"true\" class=\"wp-block-spacer\"><\/div>\n\n\n\n<figure class=\"wp-block-image size-large\"><img loading=\"lazy\" decoding=\"async\" width=\"1024\" height=\"768\" src=\"http:\/\/guiddeur.fr\/wp-content\/uploads\/2020\/06\/illustrationabeille-1024x768.jpg\" alt=\"\" class=\"wp-image-4907\" srcset=\"https:\/\/guiddeur.fr\/wp-content\/uploads\/2020\/06\/illustrationabeille-1024x768.jpg 1024w, https:\/\/guiddeur.fr\/wp-content\/uploads\/2020\/06\/illustrationabeille-300x225.jpg 300w, https:\/\/guiddeur.fr\/wp-content\/uploads\/2020\/06\/illustrationabeille-768x576.jpg 768w, https:\/\/guiddeur.fr\/wp-content\/uploads\/2020\/06\/illustrationabeille-1536x1152.jpg 1536w, https:\/\/guiddeur.fr\/wp-content\/uploads\/2020\/06\/illustrationabeille-2048x1536.jpg 2048w\" sizes=\"(max-width: 1024px) 100vw, 1024px\" \/><\/figure>\n\n\n\n<figure class=\"wp-block-image size-large is-resized\"><img loading=\"lazy\" decoding=\"async\" src=\"http:\/\/guiddeur.fr\/wp-content\/uploads\/2020\/06\/enseigne4-768x1024.jpg\" alt=\"\" class=\"wp-image-4905\" width=\"576\" height=\"768\" srcset=\"https:\/\/guiddeur.fr\/wp-content\/uploads\/2020\/06\/enseigne4-768x1024.jpg 768w, https:\/\/guiddeur.fr\/wp-content\/uploads\/2020\/06\/enseigne4-225x300.jpg 225w, https:\/\/guiddeur.fr\/wp-content\/uploads\/2020\/06\/enseigne4-1152x1536.jpg 1152w, https:\/\/guiddeur.fr\/wp-content\/uploads\/2020\/06\/enseigne4-1536x2048.jpg 1536w, https:\/\/guiddeur.fr\/wp-content\/uploads\/2020\/06\/enseigne4-scaled.jpg 1920w\" sizes=\"(max-width: 576px) 100vw, 576px\" \/><\/figure>\n","protected":false},"excerpt":{"rendered":"<p>Parce qu&rsquo;il faut que vous puissiez vous donner de la visibilit\u00e9 sur un stand lorsque vous participez \u00e0 un \u00e9v\u00e9nement de type salon, baliser vos locaux \u00e0 l&rsquo;int\u00e9rieur comme \u00e0 l&rsquo;ext\u00e9rieur, r\u00e9aliser votre signal\u00e9tique, vos PLV, th\u00e9\u00e2traliser vos vitrines et points de vente, Guiddeur et son partenaire Oxebo vous proposent des impressions tous formats et [&hellip;]<\/p>\n","protected":false},"author":1,"featured_media":0,"parent":0,"menu_order":0,"comment_status":"closed","ping_status":"closed","template":"","meta":{"footnotes":""},"yoast_head":"<!-- This site is optimized with the Yoast SEO plugin v18.9 - https:\/\/yoast.com\/wordpress\/plugins\/seo\/ -->\n<title>Communication visuelle et signal\u00e9tique -<\/title>\n<meta name=\"robots\" content=\"index, follow, max-snippet:-1, max-image-preview:large, max-video-preview:-1\" \/>\n<link rel=\"canonical\" href=\"https:\/\/guiddeur.fr\/index.php\/communication-visuelle-et-signaletique\/\" \/>\n<meta property=\"og:locale\" content=\"fr_FR\" \/>\n<meta property=\"og:type\" content=\"article\" \/>\n<meta property=\"og:title\" content=\"Communication visuelle et signal\u00e9tique -\" \/>\n<meta property=\"og:description\" content=\"Parce qu&rsquo;il faut que vous puissiez vous donner de la visibilit\u00e9 sur un stand lorsque vous participez \u00e0 un \u00e9v\u00e9nement de type salon, baliser vos locaux \u00e0 l&rsquo;int\u00e9rieur comme \u00e0 l&rsquo;ext\u00e9rieur, r\u00e9aliser votre signal\u00e9tique, vos PLV, th\u00e9\u00e2traliser vos vitrines et points de vente, Guiddeur et son partenaire Oxebo vous proposent des impressions tous formats et [&hellip;]\" \/>\n<meta property=\"og:url\" content=\"https:\/\/guiddeur.fr\/index.php\/communication-visuelle-et-signaletique\/\" \/>\n<meta property=\"article:modified_time\" content=\"2020-07-02T15:35:18+00:00\" \/>\n<meta property=\"og:image\" content=\"http:\/\/guiddeur.fr\/wp-content\/uploads\/2020\/06\/illustrationabeille-1024x768.jpg\" \/>\n<meta name=\"twitter:card\" content=\"summary_large_image\" \/>\n<meta name=\"twitter:label1\" content=\"Dur\u00e9e de lecture estim\u00e9e\" \/>\n\t<meta name=\"twitter:data1\" content=\"1 minute\" \/>\n<script type=\"application\/ld+json\" class=\"yoast-schema-graph\">{\"@context\":\"https:\/\/schema.org\",\"@graph\":[{\"@type\":\"WebSite\",\"@id\":\"http:\/\/guiddeur.fr\/#website\",\"url\":\"http:\/\/guiddeur.fr\/\",\"name\":\"\",\"description\":\"\",\"potentialAction\":[{\"@type\":\"SearchAction\",\"target\":{\"@type\":\"EntryPoint\",\"urlTemplate\":\"http:\/\/guiddeur.fr\/?s={search_term_string}\"},\"query-input\":\"required name=search_term_string\"}],\"inLanguage\":\"fr-FR\"},{\"@type\":\"ImageObject\",\"inLanguage\":\"fr-FR\",\"@id\":\"https:\/\/guiddeur.fr\/index.php\/communication-visuelle-et-signaletique\/#primaryimage\",\"url\":\"http:\/\/guiddeur.fr\/wp-content\/uploads\/2020\/06\/illustrationabeille-1024x768.jpg\",\"contentUrl\":\"http:\/\/guiddeur.fr\/wp-content\/uploads\/2020\/06\/illustrationabeille-1024x768.jpg\"},{\"@type\":\"WebPage\",\"@id\":\"https:\/\/guiddeur.fr\/index.php\/communication-visuelle-et-signaletique\/#webpage\",\"url\":\"https:\/\/guiddeur.fr\/index.php\/communication-visuelle-et-signaletique\/\",\"name\":\"Communication visuelle et signal\u00e9tique -\",\"isPartOf\":{\"@id\":\"http:\/\/guiddeur.fr\/#website\"},\"primaryImageOfPage\":{\"@id\":\"https:\/\/guiddeur.fr\/index.php\/communication-visuelle-et-signaletique\/#primaryimage\"},\"datePublished\":\"2020-06-04T13:56:13+00:00\",\"dateModified\":\"2020-07-02T15:35:18+00:00\",\"breadcrumb\":{\"@id\":\"https:\/\/guiddeur.fr\/index.php\/communication-visuelle-et-signaletique\/#breadcrumb\"},\"inLanguage\":\"fr-FR\",\"potentialAction\":[{\"@type\":\"ReadAction\",\"target\":[\"https:\/\/guiddeur.fr\/index.php\/communication-visuelle-et-signaletique\/\"]}]},{\"@type\":\"BreadcrumbList\",\"@id\":\"https:\/\/guiddeur.fr\/index.php\/communication-visuelle-et-signaletique\/#breadcrumb\",\"itemListElement\":[{\"@type\":\"ListItem\",\"position\":1,\"name\":\"Accueil\",\"item\":\"http:\/\/guiddeur.fr\/\"},{\"@type\":\"ListItem\",\"position\":2,\"name\":\"Communication visuelle et signal\u00e9tique\"}]}]}<\/script>\n<!-- \/ Yoast SEO plugin. -->","yoast_head_json":{"title":"Communication visuelle et signal\u00e9tique -","robots":{"index":"index","follow":"follow","max-snippet":"max-snippet:-1","max-image-preview":"max-image-preview:large","max-video-preview":"max-video-preview:-1"},"canonical":"https:\/\/guiddeur.fr\/index.php\/communication-visuelle-et-signaletique\/","og_locale":"fr_FR","og_type":"article","og_title":"Communication visuelle et signal\u00e9tique -","og_description":"Parce qu&rsquo;il faut que vous puissiez vous donner de la visibilit\u00e9 sur un stand lorsque vous participez \u00e0 un \u00e9v\u00e9nement de type salon, baliser vos locaux \u00e0 l&rsquo;int\u00e9rieur comme \u00e0 l&rsquo;ext\u00e9rieur, r\u00e9aliser votre signal\u00e9tique, vos PLV, th\u00e9\u00e2traliser vos vitrines et points de vente, Guiddeur et son partenaire Oxebo vous proposent des impressions tous formats et [&hellip;]","og_url":"https:\/\/guiddeur.fr\/index.php\/communication-visuelle-et-signaletique\/","article_modified_time":"2020-07-02T15:35:18+00:00","og_image":[{"url":"http:\/\/guiddeur.fr\/wp-content\/uploads\/2020\/06\/illustrationabeille-1024x768.jpg"}],"twitter_card":"summary_large_image","twitter_misc":{"Dur\u00e9e de lecture estim\u00e9e":"1 minute"},"schema":{"@context":"https:\/\/schema.org","@graph":[{"@type":"WebSite","@id":"http:\/\/guiddeur.fr\/#website","url":"http:\/\/guiddeur.fr\/","name":"","description":"","potentialAction":[{"@type":"SearchAction","target":{"@type":"EntryPoint","urlTemplate":"http:\/\/guiddeur.fr\/?s={search_term_string}"},"query-input":"required name=search_term_string"}],"inLanguage":"fr-FR"},{"@type":"ImageObject","inLanguage":"fr-FR","@id":"https:\/\/guiddeur.fr\/index.php\/communication-visuelle-et-signaletique\/#primaryimage","url":"http:\/\/guiddeur.fr\/wp-content\/uploads\/2020\/06\/illustrationabeille-1024x768.jpg","contentUrl":"http:\/\/guiddeur.fr\/wp-content\/uploads\/2020\/06\/illustrationabeille-1024x768.jpg"},{"@type":"WebPage","@id":"https:\/\/guiddeur.fr\/index.php\/communication-visuelle-et-signaletique\/#webpage","url":"https:\/\/guiddeur.fr\/index.php\/communication-visuelle-et-signaletique\/","name":"Communication visuelle et signal\u00e9tique -","isPartOf":{"@id":"http:\/\/guiddeur.fr\/#website"},"primaryImageOfPage":{"@id":"https:\/\/guiddeur.fr\/index.php\/communication-visuelle-et-signaletique\/#primaryimage"},"datePublished":"2020-06-04T13:56:13+00:00","dateModified":"2020-07-02T15:35:18+00:00","breadcrumb":{"@id":"https:\/\/guiddeur.fr\/index.php\/communication-visuelle-et-signaletique\/#breadcrumb"},"inLanguage":"fr-FR","potentialAction":[{"@type":"ReadAction","target":["https:\/\/guiddeur.fr\/index.php\/communication-visuelle-et-signaletique\/"]}]},{"@type":"BreadcrumbList","@id":"https:\/\/guiddeur.fr\/index.php\/communication-visuelle-et-signaletique\/#breadcrumb","itemListElement":[{"@type":"ListItem","position":1,"name":"Accueil","item":"http:\/\/guiddeur.fr\/"},{"@type":"ListItem","position":2,"name":"Communication visuelle et signal\u00e9tique"}]}]}},"_links":{"self":[{"href":"https:\/\/guiddeur.fr\/index.php\/wp-json\/wp\/v2\/pages\/4855"}],"collection":[{"href":"https:\/\/guiddeur.fr\/index.php\/wp-json\/wp\/v2\/pages"}],"about":[{"href":"https:\/\/guiddeur.fr\/index.php\/wp-json\/wp\/v2\/types\/page"}],"author":[{"embeddable":true,"href":"https:\/\/guiddeur.fr\/index.php\/wp-json\/wp\/v2\/users\/1"}],"replies":[{"embeddable":true,"href":"https:\/\/guiddeur.fr\/index.php\/wp-json\/wp\/v2\/comments?post=4855"}],"version-history":[{"count":10,"href":"https:\/\/guiddeur.fr\/index.php\/wp-json\/wp\/v2\/pages\/4855\/revisions"}],"predecessor-version":[{"id":5225,"href":"https:\/\/guiddeur.fr\/index.php\/wp-json\/wp\/v2\/pages\/4855\/revisions\/5225"}],"wp:attachment":[{"href":"https:\/\/guiddeur.fr\/index.php\/wp-json\/wp\/v2\/media?parent=4855"}],"curies":[{"name":"wp","href":"https:\/\/api.w.org\/{rel}","templated":true}]}}