{"id":4852,"date":"2020-06-04T15:55:42","date_gmt":"2020-06-04T13:55:42","guid":{"rendered":"http:\/\/guiddeur.fr\/?page_id=4852"},"modified":"2020-06-30T14:06:19","modified_gmt":"2020-06-30T12:06:19","slug":"impression","status":"publish","type":"page","link":"https:\/\/guiddeur.fr\/index.php\/impression\/","title":{"rendered":"Impression"},"content":{"rendered":"\n<div class=\"wp-block-nextend-smartslider3\"><\/div>\n\n\n\n<div style=\"height:60px\" aria-hidden=\"true\" class=\"wp-block-spacer\"><\/div>\n\n\n\n<p style=\"font-size:23px\">Flyers, brochures, affiches, d\u00e9pliants, plaquettes d&rsquo;entreprises, pochettes \u00e0 rabats, livres, invitations personnalis\u00e9es, impression avec traitement de donn\u00e9es variables, impression sur supports sp\u00e9ciaux, Guiddeur et ses partenaires tri\u00e9s sur le volet, vous propose des solutions sur mesure avec le respect de vos contraintes budg\u00e9taires et de vos d\u00e9lais.<\/p>\n\n\n\n<div style=\"height:50px\" aria-hidden=\"true\" class=\"wp-block-spacer\"><\/div>\n\n\n\n<div class=\"wp-block-buttons is-layout-flex wp-block-buttons-is-layout-flex\">\n<div class=\"wp-block-button\"><a class=\"wp-block-button__link has-background\" href=\"http:\/\/guiddeur.fr\/index.php\/formulaire-de-contact\/\" style=\"background-color:#44526a\" target=\"_blank\" rel=\"noreferrer noopener\">Contactez-nous !<\/a><\/div>\n<\/div>\n","protected":false},"excerpt":{"rendered":"<p>Flyers, brochures, affiches, d\u00e9pliants, plaquettes d&rsquo;entreprises, pochettes \u00e0 rabats, livres, invitations personnalis\u00e9es, impression avec traitement de donn\u00e9es variables, impression sur supports sp\u00e9ciaux, Guiddeur et ses partenaires tri\u00e9s sur le volet, vous propose des solutions sur mesure avec le respect de vos contraintes budg\u00e9taires et de vos d\u00e9lais.<\/p>\n","protected":false},"author":1,"featured_media":0,"parent":0,"menu_order":0,"comment_status":"closed","ping_status":"closed","template":"","meta":{"footnotes":""},"yoast_head":"<!-- This site is optimized with the Yoast SEO plugin v18.9 - https:\/\/yoast.com\/wordpress\/plugins\/seo\/ -->\n<title>Impression -<\/title>\n<meta name=\"robots\" content=\"index, follow, max-snippet:-1, max-image-preview:large, max-video-preview:-1\" \/>\n<link rel=\"canonical\" href=\"http:\/\/guiddeur.fr\/index.php\/impression\/\" \/>\n<meta property=\"og:locale\" content=\"fr_FR\" \/>\n<meta property=\"og:type\" content=\"article\" \/>\n<meta property=\"og:title\" content=\"Impression -\" \/>\n<meta property=\"og:description\" content=\"Flyers, brochures, affiches, d\u00e9pliants, plaquettes d&rsquo;entreprises, pochettes \u00e0 rabats, livres, invitations personnalis\u00e9es, impression avec traitement de donn\u00e9es variables, impression sur supports sp\u00e9ciaux, Guiddeur et ses partenaires tri\u00e9s sur le volet, vous propose des solutions sur mesure avec le respect de vos contraintes budg\u00e9taires et de vos d\u00e9lais.\" \/>\n<meta property=\"og:url\" content=\"http:\/\/guiddeur.fr\/index.php\/impression\/\" \/>\n<meta property=\"article:modified_time\" content=\"2020-06-30T12:06:19+00:00\" \/>\n<meta name=\"twitter:card\" content=\"summary_large_image\" \/>\n<script type=\"application\/ld+json\" class=\"yoast-schema-graph\">{\"@context\":\"https:\/\/schema.org\",\"@graph\":[{\"@type\":\"WebSite\",\"@id\":\"http:\/\/guiddeur.fr\/#website\",\"url\":\"http:\/\/guiddeur.fr\/\",\"name\":\"\",\"description\":\"\",\"potentialAction\":[{\"@type\":\"SearchAction\",\"target\":{\"@type\":\"EntryPoint\",\"urlTemplate\":\"http:\/\/guiddeur.fr\/?s={search_term_string}\"},\"query-input\":\"required name=search_term_string\"}],\"inLanguage\":\"fr-FR\"},{\"@type\":\"WebPage\",\"@id\":\"http:\/\/guiddeur.fr\/index.php\/impression\/#webpage\",\"url\":\"http:\/\/guiddeur.fr\/index.php\/impression\/\",\"name\":\"Impression -\",\"isPartOf\":{\"@id\":\"http:\/\/guiddeur.fr\/#website\"},\"datePublished\":\"2020-06-04T13:55:42+00:00\",\"dateModified\":\"2020-06-30T12:06:19+00:00\",\"breadcrumb\":{\"@id\":\"http:\/\/guiddeur.fr\/index.php\/impression\/#breadcrumb\"},\"inLanguage\":\"fr-FR\",\"potentialAction\":[{\"@type\":\"ReadAction\",\"target\":[\"http:\/\/guiddeur.fr\/index.php\/impression\/\"]}]},{\"@type\":\"BreadcrumbList\",\"@id\":\"http:\/\/guiddeur.fr\/index.php\/impression\/#breadcrumb\",\"itemListElement\":[{\"@type\":\"ListItem\",\"position\":1,\"name\":\"Accueil\",\"item\":\"http:\/\/guiddeur.fr\/\"},{\"@type\":\"ListItem\",\"position\":2,\"name\":\"Impression\"}]}]}<\/script>\n<!-- \/ Yoast SEO plugin. -->","yoast_head_json":{"title":"Impression -","robots":{"index":"index","follow":"follow","max-snippet":"max-snippet:-1","max-image-preview":"max-image-preview:large","max-video-preview":"max-video-preview:-1"},"canonical":"http:\/\/guiddeur.fr\/index.php\/impression\/","og_locale":"fr_FR","og_type":"article","og_title":"Impression -","og_description":"Flyers, brochures, affiches, d\u00e9pliants, plaquettes d&rsquo;entreprises, pochettes \u00e0 rabats, livres, invitations personnalis\u00e9es, impression avec traitement de donn\u00e9es variables, impression sur supports sp\u00e9ciaux, Guiddeur et ses partenaires tri\u00e9s sur le volet, vous propose des solutions sur mesure avec le respect de vos contraintes budg\u00e9taires et de vos d\u00e9lais.","og_url":"http:\/\/guiddeur.fr\/index.php\/impression\/","article_modified_time":"2020-06-30T12:06:19+00:00","twitter_card":"summary_large_image","schema":{"@context":"https:\/\/schema.org","@graph":[{"@type":"WebSite","@id":"http:\/\/guiddeur.fr\/#website","url":"http:\/\/guiddeur.fr\/","name":"","description":"","potentialAction":[{"@type":"SearchAction","target":{"@type":"EntryPoint","urlTemplate":"http:\/\/guiddeur.fr\/?s={search_term_string}"},"query-input":"required name=search_term_string"}],"inLanguage":"fr-FR"},{"@type":"WebPage","@id":"http:\/\/guiddeur.fr\/index.php\/impression\/#webpage","url":"http:\/\/guiddeur.fr\/index.php\/impression\/","name":"Impression -","isPartOf":{"@id":"http:\/\/guiddeur.fr\/#website"},"datePublished":"2020-06-04T13:55:42+00:00","dateModified":"2020-06-30T12:06:19+00:00","breadcrumb":{"@id":"http:\/\/guiddeur.fr\/index.php\/impression\/#breadcrumb"},"inLanguage":"fr-FR","potentialAction":[{"@type":"ReadAction","target":["http:\/\/guiddeur.fr\/index.php\/impression\/"]}]},{"@type":"BreadcrumbList","@id":"http:\/\/guiddeur.fr\/index.php\/impression\/#breadcrumb","itemListElement":[{"@type":"ListItem","position":1,"name":"Accueil","item":"http:\/\/guiddeur.fr\/"},{"@type":"ListItem","position":2,"name":"Impression"}]}]}},"_links":{"self":[{"href":"https:\/\/guiddeur.fr\/index.php\/wp-json\/wp\/v2\/pages\/4852"}],"collection":[{"href":"https:\/\/guiddeur.fr\/index.php\/wp-json\/wp\/v2\/pages"}],"about":[{"href":"https:\/\/guiddeur.fr\/index.php\/wp-json\/wp\/v2\/types\/page"}],"author":[{"embeddable":true,"href":"https:\/\/guiddeur.fr\/index.php\/wp-json\/wp\/v2\/users\/1"}],"replies":[{"embeddable":true,"href":"https:\/\/guiddeur.fr\/index.php\/wp-json\/wp\/v2\/comments?post=4852"}],"version-history":[{"count":8,"href":"https:\/\/guiddeur.fr\/index.php\/wp-json\/wp\/v2\/pages\/4852\/revisions"}],"predecessor-version":[{"id":5193,"href":"https:\/\/guiddeur.fr\/index.php\/wp-json\/wp\/v2\/pages\/4852\/revisions\/5193"}],"wp:attachment":[{"href":"https:\/\/guiddeur.fr\/index.php\/wp-json\/wp\/v2\/media?parent=4852"}],"curies":[{"name":"wp","href":"https:\/\/api.w.org\/{rel}","templated":true}]}}