{"id":4849,"date":"2020-06-04T15:55:18","date_gmt":"2020-06-04T13:55:18","guid":{"rendered":"http:\/\/guiddeur.fr\/?page_id=4849"},"modified":"2020-06-30T14:02:51","modified_gmt":"2020-06-30T12:02:51","slug":"creation-graphique","status":"publish","type":"page","link":"https:\/\/guiddeur.fr\/index.php\/creation-graphique\/","title":{"rendered":"Cr\u00e9ation graphique"},"content":{"rendered":"\n<div class=\"wp-block-nextend-smartslider3\"><\/div>\n\n\n\n<div style=\"height:100px\" aria-hidden=\"true\" class=\"wp-block-spacer\"><\/div>\n\n\n\n<p style=\"font-size:23px\">Recherche de logo, cr\u00e9ation de charte graphique, cr\u00e9ation d&rsquo;une maquette, mise en page d&rsquo;un document, cr\u00e9ation d&rsquo;une enseigne, d&rsquo;un totem&#8230;<\/p>\n\n\n\n<p style=\"font-size:23px\">Pour tous vos projets graphiques, Guiddeur r\u00e9alise des cr\u00e9ations conformes \u00e0 vos attentes, adapt\u00e9es \u00e0 vos objectifs avec le respect de vos contraintes budg\u00e9taires.<\/p>\n\n\n\n<div style=\"height:80px\" aria-hidden=\"true\" class=\"wp-block-spacer\"><\/div>\n\n\n\n<h2 class=\"has-text-align-center wp-block-heading\">Vos logos<\/h2>\n\n\n\n<div style=\"height:50px\" aria-hidden=\"true\" class=\"wp-block-spacer\"><\/div>\n\n\n\n<div class=\"wp-block-image is-style-default\"><figure class=\"aligncenter size-medium\"><img loading=\"lazy\" decoding=\"async\" width=\"300\" height=\"146\" src=\"http:\/\/guiddeur.fr\/wp-content\/uploads\/2020\/06\/LOGO_AGRO-SERVICE_Plan-de-travail_RVB-300x146.png\" alt=\"\" class=\"wp-image-4787\" srcset=\"https:\/\/guiddeur.fr\/wp-content\/uploads\/2020\/06\/LOGO_AGRO-SERVICE_Plan-de-travail_RVB-300x146.png 300w, https:\/\/guiddeur.fr\/wp-content\/uploads\/2020\/06\/LOGO_AGRO-SERVICE_Plan-de-travail_RVB-1024x497.png 1024w, https:\/\/guiddeur.fr\/wp-content\/uploads\/2020\/06\/LOGO_AGRO-SERVICE_Plan-de-travail_RVB-768x373.png 768w, https:\/\/guiddeur.fr\/wp-content\/uploads\/2020\/06\/LOGO_AGRO-SERVICE_Plan-de-travail_RVB.png 1218w\" sizes=\"(max-width: 300px) 100vw, 300px\" \/><\/figure><\/div>\n\n\n\n<div style=\"height:60px\" aria-hidden=\"true\" class=\"wp-block-spacer\"><\/div>\n\n\n\n<div class=\"wp-block-image\"><figure class=\"aligncenter size-medium\"><img loading=\"lazy\" decoding=\"async\" width=\"300\" height=\"142\" src=\"http:\/\/guiddeur.fr\/wp-content\/uploads\/2020\/06\/LOGO_BAMBYNOUNOU_RVB-300x142.jpg\" alt=\"\" class=\"wp-image-4788\" srcset=\"https:\/\/guiddeur.fr\/wp-content\/uploads\/2020\/06\/LOGO_BAMBYNOUNOU_RVB-300x142.jpg 300w, https:\/\/guiddeur.fr\/wp-content\/uploads\/2020\/06\/LOGO_BAMBYNOUNOU_RVB-1024x484.jpg 1024w, https:\/\/guiddeur.fr\/wp-content\/uploads\/2020\/06\/LOGO_BAMBYNOUNOU_RVB-768x363.jpg 768w, https:\/\/guiddeur.fr\/wp-content\/uploads\/2020\/06\/LOGO_BAMBYNOUNOU_RVB.jpg 1382w\" sizes=\"(max-width: 300px) 100vw, 300px\" \/><\/figure><\/div>\n\n\n\n<div style=\"height:60px\" aria-hidden=\"true\" class=\"wp-block-spacer\"><\/div>\n\n\n\n<div class=\"wp-block-image\"><figure class=\"aligncenter size-medium\"><img loading=\"lazy\" decoding=\"async\" width=\"300\" height=\"252\" src=\"http:\/\/guiddeur.fr\/wp-content\/uploads\/2020\/06\/Logo_OnSeCaleUnBocal_JPG_HD_RVB-300x252.jpg\" alt=\"\" class=\"wp-image-4790\"\/><\/figure><\/div>\n\n\n\n<div style=\"height:60px\" aria-hidden=\"true\" class=\"wp-block-spacer\"><\/div>\n\n\n\n<div class=\"wp-block-image\"><figure class=\"aligncenter size-medium\"><img loading=\"lazy\" decoding=\"async\" width=\"183\" height=\"300\" src=\"http:\/\/guiddeur.fr\/wp-content\/uploads\/2020\/06\/LOGO_HA_RVB-183x300.jpg\" alt=\"\" class=\"wp-image-4789\" srcset=\"https:\/\/guiddeur.fr\/wp-content\/uploads\/2020\/06\/LOGO_HA_RVB-183x300.jpg 183w, https:\/\/guiddeur.fr\/wp-content\/uploads\/2020\/06\/LOGO_HA_RVB-625x1024.jpg 625w, https:\/\/guiddeur.fr\/wp-content\/uploads\/2020\/06\/LOGO_HA_RVB-768x1259.jpg 768w, https:\/\/guiddeur.fr\/wp-content\/uploads\/2020\/06\/LOGO_HA_RVB-937x1536.jpg 937w, https:\/\/guiddeur.fr\/wp-content\/uploads\/2020\/06\/LOGO_HA_RVB.jpg 955w\" sizes=\"(max-width: 183px) 100vw, 183px\" \/><\/figure><\/div>\n\n\n\n<div style=\"height:60px\" aria-hidden=\"true\" class=\"wp-block-spacer\"><\/div>\n\n\n\n<div class=\"wp-block-buttons is-layout-flex wp-block-buttons-is-layout-flex\">\n<div class=\"wp-block-button\"><a class=\"wp-block-button__link has-background\" href=\"http:\/\/guiddeur.fr\/index.php\/formulaire-de-contact\/\" style=\"background-color:#44526a\" target=\"_blank\" rel=\"noreferrer noopener\">Contactez-nous !<\/a><\/div>\n<\/div>\n","protected":false},"excerpt":{"rendered":"<p>Recherche de logo, cr\u00e9ation de charte graphique, cr\u00e9ation d&rsquo;une maquette, mise en page d&rsquo;un document, cr\u00e9ation d&rsquo;une enseigne, d&rsquo;un totem&#8230; Pour tous vos projets graphiques, Guiddeur r\u00e9alise des cr\u00e9ations conformes \u00e0 vos attentes, adapt\u00e9es \u00e0 vos objectifs avec le respect de vos contraintes budg\u00e9taires. Vos logos<\/p>\n","protected":false},"author":1,"featured_media":0,"parent":0,"menu_order":0,"comment_status":"closed","ping_status":"closed","template":"","meta":{"footnotes":""},"yoast_head":"<!-- This site is optimized with the Yoast SEO plugin v18.9 - https:\/\/yoast.com\/wordpress\/plugins\/seo\/ -->\n<title>Cr\u00e9ation graphique -<\/title>\n<meta name=\"robots\" content=\"index, follow, max-snippet:-1, max-image-preview:large, max-video-preview:-1\" \/>\n<link rel=\"canonical\" href=\"https:\/\/guiddeur.fr\/index.php\/creation-graphique\/\" \/>\n<meta property=\"og:locale\" content=\"fr_FR\" \/>\n<meta property=\"og:type\" content=\"article\" \/>\n<meta property=\"og:title\" content=\"Cr\u00e9ation graphique -\" \/>\n<meta property=\"og:description\" content=\"Recherche de logo, cr\u00e9ation de charte graphique, cr\u00e9ation d&rsquo;une maquette, mise en page d&rsquo;un document, cr\u00e9ation d&rsquo;une enseigne, d&rsquo;un totem&#8230; Pour tous vos projets graphiques, Guiddeur r\u00e9alise des cr\u00e9ations conformes \u00e0 vos attentes, adapt\u00e9es \u00e0 vos objectifs avec le respect de vos contraintes budg\u00e9taires. Vos logos\" \/>\n<meta property=\"og:url\" content=\"https:\/\/guiddeur.fr\/index.php\/creation-graphique\/\" \/>\n<meta property=\"article:modified_time\" content=\"2020-06-30T12:02:51+00:00\" \/>\n<meta property=\"og:image\" content=\"http:\/\/guiddeur.fr\/wp-content\/uploads\/2020\/06\/LOGO_AGRO-SERVICE_Plan-de-travail_RVB-300x146.png\" \/>\n<meta name=\"twitter:card\" content=\"summary_large_image\" \/>\n<script type=\"application\/ld+json\" class=\"yoast-schema-graph\">{\"@context\":\"https:\/\/schema.org\",\"@graph\":[{\"@type\":\"WebSite\",\"@id\":\"http:\/\/guiddeur.fr\/#website\",\"url\":\"http:\/\/guiddeur.fr\/\",\"name\":\"\",\"description\":\"\",\"potentialAction\":[{\"@type\":\"SearchAction\",\"target\":{\"@type\":\"EntryPoint\",\"urlTemplate\":\"http:\/\/guiddeur.fr\/?s={search_term_string}\"},\"query-input\":\"required name=search_term_string\"}],\"inLanguage\":\"fr-FR\"},{\"@type\":\"ImageObject\",\"inLanguage\":\"fr-FR\",\"@id\":\"https:\/\/guiddeur.fr\/index.php\/creation-graphique\/#primaryimage\",\"url\":\"https:\/\/guiddeur.fr\/wp-content\/uploads\/2020\/06\/LOGO_AGRO-SERVICE_Plan-de-travail_RVB.png\",\"contentUrl\":\"https:\/\/guiddeur.fr\/wp-content\/uploads\/2020\/06\/LOGO_AGRO-SERVICE_Plan-de-travail_RVB.png\",\"width\":1218,\"height\":591},{\"@type\":\"WebPage\",\"@id\":\"https:\/\/guiddeur.fr\/index.php\/creation-graphique\/#webpage\",\"url\":\"https:\/\/guiddeur.fr\/index.php\/creation-graphique\/\",\"name\":\"Cr\u00e9ation graphique -\",\"isPartOf\":{\"@id\":\"http:\/\/guiddeur.fr\/#website\"},\"primaryImageOfPage\":{\"@id\":\"https:\/\/guiddeur.fr\/index.php\/creation-graphique\/#primaryimage\"},\"datePublished\":\"2020-06-04T13:55:18+00:00\",\"dateModified\":\"2020-06-30T12:02:51+00:00\",\"breadcrumb\":{\"@id\":\"https:\/\/guiddeur.fr\/index.php\/creation-graphique\/#breadcrumb\"},\"inLanguage\":\"fr-FR\",\"potentialAction\":[{\"@type\":\"ReadAction\",\"target\":[\"https:\/\/guiddeur.fr\/index.php\/creation-graphique\/\"]}]},{\"@type\":\"BreadcrumbList\",\"@id\":\"https:\/\/guiddeur.fr\/index.php\/creation-graphique\/#breadcrumb\",\"itemListElement\":[{\"@type\":\"ListItem\",\"position\":1,\"name\":\"Accueil\",\"item\":\"http:\/\/guiddeur.fr\/\"},{\"@type\":\"ListItem\",\"position\":2,\"name\":\"Cr\u00e9ation graphique\"}]}]}<\/script>\n<!-- \/ Yoast SEO plugin. -->","yoast_head_json":{"title":"Cr\u00e9ation graphique -","robots":{"index":"index","follow":"follow","max-snippet":"max-snippet:-1","max-image-preview":"max-image-preview:large","max-video-preview":"max-video-preview:-1"},"canonical":"https:\/\/guiddeur.fr\/index.php\/creation-graphique\/","og_locale":"fr_FR","og_type":"article","og_title":"Cr\u00e9ation graphique -","og_description":"Recherche de logo, cr\u00e9ation de charte graphique, cr\u00e9ation d&rsquo;une maquette, mise en page d&rsquo;un document, cr\u00e9ation d&rsquo;une enseigne, d&rsquo;un totem&#8230; Pour tous vos projets graphiques, Guiddeur r\u00e9alise des cr\u00e9ations conformes \u00e0 vos attentes, adapt\u00e9es \u00e0 vos objectifs avec le respect de vos contraintes budg\u00e9taires. Vos logos","og_url":"https:\/\/guiddeur.fr\/index.php\/creation-graphique\/","article_modified_time":"2020-06-30T12:02:51+00:00","og_image":[{"url":"http:\/\/guiddeur.fr\/wp-content\/uploads\/2020\/06\/LOGO_AGRO-SERVICE_Plan-de-travail_RVB-300x146.png"}],"twitter_card":"summary_large_image","schema":{"@context":"https:\/\/schema.org","@graph":[{"@type":"WebSite","@id":"http:\/\/guiddeur.fr\/#website","url":"http:\/\/guiddeur.fr\/","name":"","description":"","potentialAction":[{"@type":"SearchAction","target":{"@type":"EntryPoint","urlTemplate":"http:\/\/guiddeur.fr\/?s={search_term_string}"},"query-input":"required name=search_term_string"}],"inLanguage":"fr-FR"},{"@type":"ImageObject","inLanguage":"fr-FR","@id":"https:\/\/guiddeur.fr\/index.php\/creation-graphique\/#primaryimage","url":"https:\/\/guiddeur.fr\/wp-content\/uploads\/2020\/06\/LOGO_AGRO-SERVICE_Plan-de-travail_RVB.png","contentUrl":"https:\/\/guiddeur.fr\/wp-content\/uploads\/2020\/06\/LOGO_AGRO-SERVICE_Plan-de-travail_RVB.png","width":1218,"height":591},{"@type":"WebPage","@id":"https:\/\/guiddeur.fr\/index.php\/creation-graphique\/#webpage","url":"https:\/\/guiddeur.fr\/index.php\/creation-graphique\/","name":"Cr\u00e9ation graphique -","isPartOf":{"@id":"http:\/\/guiddeur.fr\/#website"},"primaryImageOfPage":{"@id":"https:\/\/guiddeur.fr\/index.php\/creation-graphique\/#primaryimage"},"datePublished":"2020-06-04T13:55:18+00:00","dateModified":"2020-06-30T12:02:51+00:00","breadcrumb":{"@id":"https:\/\/guiddeur.fr\/index.php\/creation-graphique\/#breadcrumb"},"inLanguage":"fr-FR","potentialAction":[{"@type":"ReadAction","target":["https:\/\/guiddeur.fr\/index.php\/creation-graphique\/"]}]},{"@type":"BreadcrumbList","@id":"https:\/\/guiddeur.fr\/index.php\/creation-graphique\/#breadcrumb","itemListElement":[{"@type":"ListItem","position":1,"name":"Accueil","item":"http:\/\/guiddeur.fr\/"},{"@type":"ListItem","position":2,"name":"Cr\u00e9ation graphique"}]}]}},"_links":{"self":[{"href":"https:\/\/guiddeur.fr\/index.php\/wp-json\/wp\/v2\/pages\/4849"}],"collection":[{"href":"https:\/\/guiddeur.fr\/index.php\/wp-json\/wp\/v2\/pages"}],"about":[{"href":"https:\/\/guiddeur.fr\/index.php\/wp-json\/wp\/v2\/types\/page"}],"author":[{"embeddable":true,"href":"https:\/\/guiddeur.fr\/index.php\/wp-json\/wp\/v2\/users\/1"}],"replies":[{"embeddable":true,"href":"https:\/\/guiddeur.fr\/index.php\/wp-json\/wp\/v2\/comments?post=4849"}],"version-history":[{"count":10,"href":"https:\/\/guiddeur.fr\/index.php\/wp-json\/wp\/v2\/pages\/4849\/revisions"}],"predecessor-version":[{"id":5189,"href":"https:\/\/guiddeur.fr\/index.php\/wp-json\/wp\/v2\/pages\/4849\/revisions\/5189"}],"wp:attachment":[{"href":"https:\/\/guiddeur.fr\/index.php\/wp-json\/wp\/v2\/media?parent=4849"}],"curies":[{"name":"wp","href":"https:\/\/api.w.org\/{rel}","templated":true}]}}