{"id":4820,"date":"2020-06-03T14:42:18","date_gmt":"2020-06-03T12:42:18","guid":{"rendered":"http:\/\/guiddeur.fr\/?page_id=4820"},"modified":"2020-06-30T14:01:29","modified_gmt":"2020-06-30T12:01:29","slug":"contenus","status":"publish","type":"page","link":"https:\/\/guiddeur.fr\/index.php\/contenus\/","title":{"rendered":"Contenus"},"content":{"rendered":"\n<div class=\"wp-block-nextend-smartslider3\"><\/div>\n\n\n\n<div style=\"height:60px\" aria-hidden=\"true\" class=\"wp-block-spacer\"><\/div>\n\n\n\n<p style=\"font-size:23px\">Vous manquez de temps, vous n&rsquo;avez pas les ressources en interne mais vous avez conscience de l&rsquo;importance des contenus, Guiddeur vous propose la r\u00e9daction SEO de vos textes, le shooting de vos photos, la r\u00e9alisation de vos vid\u00e9os.<\/p>\n\n\n\n<div style=\"height:50px\" aria-hidden=\"true\" class=\"wp-block-spacer\"><\/div>\n\n\n\n<div class=\"wp-block-buttons is-layout-flex wp-block-buttons-is-layout-flex\">\n<div class=\"wp-block-button\"><a class=\"wp-block-button__link has-background\" href=\"http:\/\/guiddeur.fr\/index.php\/formulaire-de-contact\/\" style=\"background-color:#44526a\">Contactez-nous !<\/a><\/div>\n<\/div>\n","protected":false},"excerpt":{"rendered":"<p>Vous manquez de temps, vous n&rsquo;avez pas les ressources en interne mais vous avez conscience de l&rsquo;importance des contenus, Guiddeur vous propose la r\u00e9daction SEO de vos textes, le shooting de vos photos, la r\u00e9alisation de vos vid\u00e9os.<\/p>\n","protected":false},"author":1,"featured_media":0,"parent":0,"menu_order":0,"comment_status":"closed","ping_status":"closed","template":"","meta":{"footnotes":""},"yoast_head":"<!-- This site is optimized with the Yoast SEO plugin v18.9 - https:\/\/yoast.com\/wordpress\/plugins\/seo\/ -->\n<title>Contenus -<\/title>\n<meta name=\"robots\" content=\"index, follow, max-snippet:-1, max-image-preview:large, max-video-preview:-1\" \/>\n<link rel=\"canonical\" href=\"http:\/\/guiddeur.fr\/index.php\/contenus\/\" \/>\n<meta property=\"og:locale\" content=\"fr_FR\" \/>\n<meta property=\"og:type\" content=\"article\" \/>\n<meta property=\"og:title\" content=\"Contenus -\" \/>\n<meta property=\"og:description\" content=\"Vous manquez de temps, vous n&rsquo;avez pas les ressources en interne mais vous avez conscience de l&rsquo;importance des contenus, Guiddeur vous propose la r\u00e9daction SEO de vos textes, le shooting de vos photos, la r\u00e9alisation de vos vid\u00e9os.\" \/>\n<meta property=\"og:url\" content=\"http:\/\/guiddeur.fr\/index.php\/contenus\/\" \/>\n<meta property=\"article:modified_time\" content=\"2020-06-30T12:01:29+00:00\" \/>\n<meta name=\"twitter:card\" content=\"summary_large_image\" \/>\n<script type=\"application\/ld+json\" class=\"yoast-schema-graph\">{\"@context\":\"https:\/\/schema.org\",\"@graph\":[{\"@type\":\"WebSite\",\"@id\":\"http:\/\/guiddeur.fr\/#website\",\"url\":\"http:\/\/guiddeur.fr\/\",\"name\":\"\",\"description\":\"\",\"potentialAction\":[{\"@type\":\"SearchAction\",\"target\":{\"@type\":\"EntryPoint\",\"urlTemplate\":\"http:\/\/guiddeur.fr\/?s={search_term_string}\"},\"query-input\":\"required name=search_term_string\"}],\"inLanguage\":\"fr-FR\"},{\"@type\":\"WebPage\",\"@id\":\"http:\/\/guiddeur.fr\/index.php\/contenus\/#webpage\",\"url\":\"http:\/\/guiddeur.fr\/index.php\/contenus\/\",\"name\":\"Contenus -\",\"isPartOf\":{\"@id\":\"http:\/\/guiddeur.fr\/#website\"},\"datePublished\":\"2020-06-03T12:42:18+00:00\",\"dateModified\":\"2020-06-30T12:01:29+00:00\",\"breadcrumb\":{\"@id\":\"http:\/\/guiddeur.fr\/index.php\/contenus\/#breadcrumb\"},\"inLanguage\":\"fr-FR\",\"potentialAction\":[{\"@type\":\"ReadAction\",\"target\":[\"http:\/\/guiddeur.fr\/index.php\/contenus\/\"]}]},{\"@type\":\"BreadcrumbList\",\"@id\":\"http:\/\/guiddeur.fr\/index.php\/contenus\/#breadcrumb\",\"itemListElement\":[{\"@type\":\"ListItem\",\"position\":1,\"name\":\"Accueil\",\"item\":\"http:\/\/guiddeur.fr\/\"},{\"@type\":\"ListItem\",\"position\":2,\"name\":\"Contenus\"}]}]}<\/script>\n<!-- \/ Yoast SEO plugin. -->","yoast_head_json":{"title":"Contenus -","robots":{"index":"index","follow":"follow","max-snippet":"max-snippet:-1","max-image-preview":"max-image-preview:large","max-video-preview":"max-video-preview:-1"},"canonical":"http:\/\/guiddeur.fr\/index.php\/contenus\/","og_locale":"fr_FR","og_type":"article","og_title":"Contenus -","og_description":"Vous manquez de temps, vous n&rsquo;avez pas les ressources en interne mais vous avez conscience de l&rsquo;importance des contenus, Guiddeur vous propose la r\u00e9daction SEO de vos textes, le shooting de vos photos, la r\u00e9alisation de vos vid\u00e9os.","og_url":"http:\/\/guiddeur.fr\/index.php\/contenus\/","article_modified_time":"2020-06-30T12:01:29+00:00","twitter_card":"summary_large_image","schema":{"@context":"https:\/\/schema.org","@graph":[{"@type":"WebSite","@id":"http:\/\/guiddeur.fr\/#website","url":"http:\/\/guiddeur.fr\/","name":"","description":"","potentialAction":[{"@type":"SearchAction","target":{"@type":"EntryPoint","urlTemplate":"http:\/\/guiddeur.fr\/?s={search_term_string}"},"query-input":"required name=search_term_string"}],"inLanguage":"fr-FR"},{"@type":"WebPage","@id":"http:\/\/guiddeur.fr\/index.php\/contenus\/#webpage","url":"http:\/\/guiddeur.fr\/index.php\/contenus\/","name":"Contenus -","isPartOf":{"@id":"http:\/\/guiddeur.fr\/#website"},"datePublished":"2020-06-03T12:42:18+00:00","dateModified":"2020-06-30T12:01:29+00:00","breadcrumb":{"@id":"http:\/\/guiddeur.fr\/index.php\/contenus\/#breadcrumb"},"inLanguage":"fr-FR","potentialAction":[{"@type":"ReadAction","target":["http:\/\/guiddeur.fr\/index.php\/contenus\/"]}]},{"@type":"BreadcrumbList","@id":"http:\/\/guiddeur.fr\/index.php\/contenus\/#breadcrumb","itemListElement":[{"@type":"ListItem","position":1,"name":"Accueil","item":"http:\/\/guiddeur.fr\/"},{"@type":"ListItem","position":2,"name":"Contenus"}]}]}},"_links":{"self":[{"href":"https:\/\/guiddeur.fr\/index.php\/wp-json\/wp\/v2\/pages\/4820"}],"collection":[{"href":"https:\/\/guiddeur.fr\/index.php\/wp-json\/wp\/v2\/pages"}],"about":[{"href":"https:\/\/guiddeur.fr\/index.php\/wp-json\/wp\/v2\/types\/page"}],"author":[{"embeddable":true,"href":"https:\/\/guiddeur.fr\/index.php\/wp-json\/wp\/v2\/users\/1"}],"replies":[{"embeddable":true,"href":"https:\/\/guiddeur.fr\/index.php\/wp-json\/wp\/v2\/comments?post=4820"}],"version-history":[{"count":7,"href":"https:\/\/guiddeur.fr\/index.php\/wp-json\/wp\/v2\/pages\/4820\/revisions"}],"predecessor-version":[{"id":5187,"href":"https:\/\/guiddeur.fr\/index.php\/wp-json\/wp\/v2\/pages\/4820\/revisions\/5187"}],"wp:attachment":[{"href":"https:\/\/guiddeur.fr\/index.php\/wp-json\/wp\/v2\/media?parent=4820"}],"curies":[{"name":"wp","href":"https:\/\/api.w.org\/{rel}","templated":true}]}}