{"id":4813,"date":"2020-06-03T14:39:06","date_gmt":"2020-06-03T12:39:06","guid":{"rendered":"http:\/\/guiddeur.fr\/?page_id=4813"},"modified":"2020-06-30T13:58:25","modified_gmt":"2020-06-30T11:58:25","slug":"connecteurs","status":"publish","type":"page","link":"https:\/\/guiddeur.fr\/index.php\/connecteurs\/","title":{"rendered":"Connecteurs"},"content":{"rendered":"\n<div class=\"wp-block-nextend-smartslider3\"><\/div>\n\n\n\n<div style=\"height:60px\" aria-hidden=\"true\" class=\"wp-block-spacer\"><\/div>\n\n\n\n<p style=\"font-size:23px\">e-commer\u00e7ant, il vous est n\u00e9cessaire de connecter votre site \u00e0 votre logiciel de caisse ou votre ERP&nbsp;?<\/p>\n\n\n\n<p style=\"font-size:23px\">Guiddeur et 42stores ont la solution&nbsp;!<\/p>\n\n\n\n<div style=\"height:30px\" aria-hidden=\"true\" class=\"wp-block-spacer\"><\/div>\n\n\n\n<div class=\"wp-block-buttons is-layout-flex wp-block-buttons-is-layout-flex\">\n<div class=\"wp-block-button\"><a class=\"wp-block-button__link has-background\" href=\"http:\/\/guiddeur.fr\/index.php\/formulaire-de-contact\/\" style=\"background-color:#44526a\" target=\"_blank\" rel=\"noreferrer noopener\">Contactez-nous !<\/a><\/div>\n<\/div>\n\n\n\n<div class=\"wp-block-buttons is-layout-flex wp-block-buttons-is-layout-flex\">\n<div class=\"wp-block-button is-style-outline\"><a class=\"wp-block-button__link has-text-color\" href=\"http:\/\/www.42stores.com\" style=\"color:#44526a\" target=\"_blank\" rel=\"noreferrer noopener\">42stores<\/a><\/div>\n<\/div>\n\n\n\n<div style=\"height:70px\" aria-hidden=\"true\" class=\"wp-block-spacer\"><\/div>\n\n\n\n<p style=\"font-size:23px\">Industriels, PME, vous souhaitez g\u00e9rer vos commandes en ligne et automatiser vos flux entre la plateforme et votre ERP&nbsp;?<\/p>\n\n\n\n<p style=\"font-size:23px\">Guiddeur et 42stores ont la solution&nbsp;!<\/p>\n\n\n\n<div style=\"height:30px\" aria-hidden=\"true\" class=\"wp-block-spacer\"><\/div>\n\n\n\n<div class=\"wp-block-buttons is-layout-flex wp-block-buttons-is-layout-flex\">\n<div class=\"wp-block-button\"><a class=\"wp-block-button__link has-background\" href=\"http:\/\/guiddeur.fr\/index.php\/formulaire-de-contact\/\" style=\"background-color:#44526a\" target=\"_blank\" rel=\"noreferrer noopener\">Contactez-nous !<\/a><\/div>\n<\/div>\n\n\n\n<div class=\"wp-block-buttons is-layout-flex wp-block-buttons-is-layout-flex\">\n<div class=\"wp-block-button is-style-outline\"><a class=\"wp-block-button__link has-text-color\" href=\"https:\/\/www.42stores.com\/\" style=\"color:#44526a\" target=\"_blank\" rel=\"noreferrer noopener\">42stores<\/a><\/div>\n<\/div>\n","protected":false},"excerpt":{"rendered":"<p>e-commer\u00e7ant, il vous est n\u00e9cessaire de connecter votre site \u00e0 votre logiciel de caisse ou votre ERP&nbsp;? Guiddeur et 42stores ont la solution&nbsp;! Industriels, PME, vous souhaitez g\u00e9rer vos commandes en ligne et automatiser vos flux entre la plateforme et votre ERP&nbsp;? Guiddeur et 42stores ont la solution&nbsp;!<\/p>\n","protected":false},"author":1,"featured_media":0,"parent":0,"menu_order":0,"comment_status":"closed","ping_status":"closed","template":"","meta":{"footnotes":""},"yoast_head":"<!-- This site is optimized with the Yoast SEO plugin v18.9 - https:\/\/yoast.com\/wordpress\/plugins\/seo\/ -->\n<title>Connecteurs -<\/title>\n<meta name=\"robots\" content=\"index, follow, max-snippet:-1, max-image-preview:large, max-video-preview:-1\" \/>\n<link rel=\"canonical\" href=\"http:\/\/guiddeur.fr\/index.php\/connecteurs\/\" \/>\n<meta property=\"og:locale\" content=\"fr_FR\" \/>\n<meta property=\"og:type\" content=\"article\" \/>\n<meta property=\"og:title\" content=\"Connecteurs -\" \/>\n<meta property=\"og:description\" content=\"e-commer\u00e7ant, il vous est n\u00e9cessaire de connecter votre site \u00e0 votre logiciel de caisse ou votre ERP&nbsp;? Guiddeur et 42stores ont la solution&nbsp;! Industriels, PME, vous souhaitez g\u00e9rer vos commandes en ligne et automatiser vos flux entre la plateforme et votre ERP&nbsp;? Guiddeur et 42stores ont la solution&nbsp;!\" \/>\n<meta property=\"og:url\" content=\"http:\/\/guiddeur.fr\/index.php\/connecteurs\/\" \/>\n<meta property=\"article:modified_time\" content=\"2020-06-30T11:58:25+00:00\" \/>\n<meta name=\"twitter:card\" content=\"summary_large_image\" \/>\n<script type=\"application\/ld+json\" class=\"yoast-schema-graph\">{\"@context\":\"https:\/\/schema.org\",\"@graph\":[{\"@type\":\"WebSite\",\"@id\":\"http:\/\/guiddeur.fr\/#website\",\"url\":\"http:\/\/guiddeur.fr\/\",\"name\":\"\",\"description\":\"\",\"potentialAction\":[{\"@type\":\"SearchAction\",\"target\":{\"@type\":\"EntryPoint\",\"urlTemplate\":\"http:\/\/guiddeur.fr\/?s={search_term_string}\"},\"query-input\":\"required name=search_term_string\"}],\"inLanguage\":\"fr-FR\"},{\"@type\":\"WebPage\",\"@id\":\"http:\/\/guiddeur.fr\/index.php\/connecteurs\/#webpage\",\"url\":\"http:\/\/guiddeur.fr\/index.php\/connecteurs\/\",\"name\":\"Connecteurs -\",\"isPartOf\":{\"@id\":\"http:\/\/guiddeur.fr\/#website\"},\"datePublished\":\"2020-06-03T12:39:06+00:00\",\"dateModified\":\"2020-06-30T11:58:25+00:00\",\"breadcrumb\":{\"@id\":\"http:\/\/guiddeur.fr\/index.php\/connecteurs\/#breadcrumb\"},\"inLanguage\":\"fr-FR\",\"potentialAction\":[{\"@type\":\"ReadAction\",\"target\":[\"http:\/\/guiddeur.fr\/index.php\/connecteurs\/\"]}]},{\"@type\":\"BreadcrumbList\",\"@id\":\"http:\/\/guiddeur.fr\/index.php\/connecteurs\/#breadcrumb\",\"itemListElement\":[{\"@type\":\"ListItem\",\"position\":1,\"name\":\"Accueil\",\"item\":\"http:\/\/guiddeur.fr\/\"},{\"@type\":\"ListItem\",\"position\":2,\"name\":\"Connecteurs\"}]}]}<\/script>\n<!-- \/ Yoast SEO plugin. -->","yoast_head_json":{"title":"Connecteurs -","robots":{"index":"index","follow":"follow","max-snippet":"max-snippet:-1","max-image-preview":"max-image-preview:large","max-video-preview":"max-video-preview:-1"},"canonical":"http:\/\/guiddeur.fr\/index.php\/connecteurs\/","og_locale":"fr_FR","og_type":"article","og_title":"Connecteurs -","og_description":"e-commer\u00e7ant, il vous est n\u00e9cessaire de connecter votre site \u00e0 votre logiciel de caisse ou votre ERP&nbsp;? Guiddeur et 42stores ont la solution&nbsp;! Industriels, PME, vous souhaitez g\u00e9rer vos commandes en ligne et automatiser vos flux entre la plateforme et votre ERP&nbsp;? Guiddeur et 42stores ont la solution&nbsp;!","og_url":"http:\/\/guiddeur.fr\/index.php\/connecteurs\/","article_modified_time":"2020-06-30T11:58:25+00:00","twitter_card":"summary_large_image","schema":{"@context":"https:\/\/schema.org","@graph":[{"@type":"WebSite","@id":"http:\/\/guiddeur.fr\/#website","url":"http:\/\/guiddeur.fr\/","name":"","description":"","potentialAction":[{"@type":"SearchAction","target":{"@type":"EntryPoint","urlTemplate":"http:\/\/guiddeur.fr\/?s={search_term_string}"},"query-input":"required name=search_term_string"}],"inLanguage":"fr-FR"},{"@type":"WebPage","@id":"http:\/\/guiddeur.fr\/index.php\/connecteurs\/#webpage","url":"http:\/\/guiddeur.fr\/index.php\/connecteurs\/","name":"Connecteurs -","isPartOf":{"@id":"http:\/\/guiddeur.fr\/#website"},"datePublished":"2020-06-03T12:39:06+00:00","dateModified":"2020-06-30T11:58:25+00:00","breadcrumb":{"@id":"http:\/\/guiddeur.fr\/index.php\/connecteurs\/#breadcrumb"},"inLanguage":"fr-FR","potentialAction":[{"@type":"ReadAction","target":["http:\/\/guiddeur.fr\/index.php\/connecteurs\/"]}]},{"@type":"BreadcrumbList","@id":"http:\/\/guiddeur.fr\/index.php\/connecteurs\/#breadcrumb","itemListElement":[{"@type":"ListItem","position":1,"name":"Accueil","item":"http:\/\/guiddeur.fr\/"},{"@type":"ListItem","position":2,"name":"Connecteurs"}]}]}},"_links":{"self":[{"href":"https:\/\/guiddeur.fr\/index.php\/wp-json\/wp\/v2\/pages\/4813"}],"collection":[{"href":"https:\/\/guiddeur.fr\/index.php\/wp-json\/wp\/v2\/pages"}],"about":[{"href":"https:\/\/guiddeur.fr\/index.php\/wp-json\/wp\/v2\/types\/page"}],"author":[{"embeddable":true,"href":"https:\/\/guiddeur.fr\/index.php\/wp-json\/wp\/v2\/users\/1"}],"replies":[{"embeddable":true,"href":"https:\/\/guiddeur.fr\/index.php\/wp-json\/wp\/v2\/comments?post=4813"}],"version-history":[{"count":11,"href":"https:\/\/guiddeur.fr\/index.php\/wp-json\/wp\/v2\/pages\/4813\/revisions"}],"predecessor-version":[{"id":5183,"href":"https:\/\/guiddeur.fr\/index.php\/wp-json\/wp\/v2\/pages\/4813\/revisions\/5183"}],"wp:attachment":[{"href":"https:\/\/guiddeur.fr\/index.php\/wp-json\/wp\/v2\/media?parent=4813"}],"curies":[{"name":"wp","href":"https:\/\/api.w.org\/{rel}","templated":true}]}}