{"id":4810,"date":"2020-06-03T14:38:33","date_gmt":"2020-06-03T12:38:33","guid":{"rendered":"http:\/\/guiddeur.fr\/?page_id=4810"},"modified":"2020-06-30T14:15:59","modified_gmt":"2020-06-30T12:15:59","slug":"site-e-commerce","status":"publish","type":"page","link":"https:\/\/guiddeur.fr\/index.php\/site-e-commerce\/","title":{"rendered":"Site e-commerce"},"content":{"rendered":"\n<div class=\"wp-block-nextend-smartslider3\"><\/div>\n\n\n\n<div style=\"height:100px\" aria-hidden=\"true\" class=\"wp-block-spacer\"><\/div>\n\n\n\n<p style=\"font-size:23px\">Vous d\u00e9butez votre activit\u00e9 e-commerce&nbsp;? La solution start vous offre un outil simple, performant et \u00e9volutif.<\/p>\n\n\n\n<p style=\"font-size:23px\">Vous souhaitez booster votre activit\u00e9 e-commerce&nbsp;? La solution full vous offre un outil puissant<\/p>\n\n\n\n<div style=\"height:50px\" aria-hidden=\"true\" class=\"wp-block-spacer\"><\/div>\n\n\n\n<div class=\"wp-block-buttons is-layout-flex wp-block-buttons-is-layout-flex\">\n<div class=\"wp-block-button\"><a class=\"wp-block-button__link has-background\" href=\"http:\/\/guiddeur.fr\/index.php\/formulaire-de-contact\/\" style=\"background-color:#44526a\" target=\"_blank\" rel=\"noreferrer noopener\">Contactez-nous !<\/a><\/div>\n<\/div>\n","protected":false},"excerpt":{"rendered":"<p>Vous d\u00e9butez votre activit\u00e9 e-commerce&nbsp;? La solution start vous offre un outil simple, performant et \u00e9volutif. Vous souhaitez booster votre activit\u00e9 e-commerce&nbsp;? La solution full vous offre un outil puissant<\/p>\n","protected":false},"author":1,"featured_media":0,"parent":0,"menu_order":0,"comment_status":"closed","ping_status":"closed","template":"","meta":{"footnotes":""},"yoast_head":"<!-- This site is optimized with the Yoast SEO plugin v18.9 - https:\/\/yoast.com\/wordpress\/plugins\/seo\/ -->\n<title>Site e-commerce -<\/title>\n<meta name=\"robots\" content=\"index, follow, max-snippet:-1, max-image-preview:large, max-video-preview:-1\" \/>\n<link rel=\"canonical\" href=\"https:\/\/guiddeur.fr\/index.php\/site-e-commerce\/\" \/>\n<meta property=\"og:locale\" content=\"fr_FR\" \/>\n<meta property=\"og:type\" content=\"article\" \/>\n<meta property=\"og:title\" content=\"Site e-commerce -\" \/>\n<meta property=\"og:description\" content=\"Vous d\u00e9butez votre activit\u00e9 e-commerce&nbsp;? La solution start vous offre un outil simple, performant et \u00e9volutif. Vous souhaitez booster votre activit\u00e9 e-commerce&nbsp;? La solution full vous offre un outil puissant\" \/>\n<meta property=\"og:url\" content=\"https:\/\/guiddeur.fr\/index.php\/site-e-commerce\/\" \/>\n<meta property=\"article:modified_time\" content=\"2020-06-30T12:15:59+00:00\" \/>\n<meta name=\"twitter:card\" content=\"summary_large_image\" \/>\n<script type=\"application\/ld+json\" class=\"yoast-schema-graph\">{\"@context\":\"https:\/\/schema.org\",\"@graph\":[{\"@type\":\"WebSite\",\"@id\":\"http:\/\/guiddeur.fr\/#website\",\"url\":\"http:\/\/guiddeur.fr\/\",\"name\":\"\",\"description\":\"\",\"potentialAction\":[{\"@type\":\"SearchAction\",\"target\":{\"@type\":\"EntryPoint\",\"urlTemplate\":\"http:\/\/guiddeur.fr\/?s={search_term_string}\"},\"query-input\":\"required name=search_term_string\"}],\"inLanguage\":\"fr-FR\"},{\"@type\":\"WebPage\",\"@id\":\"https:\/\/guiddeur.fr\/index.php\/site-e-commerce\/#webpage\",\"url\":\"https:\/\/guiddeur.fr\/index.php\/site-e-commerce\/\",\"name\":\"Site e-commerce -\",\"isPartOf\":{\"@id\":\"http:\/\/guiddeur.fr\/#website\"},\"datePublished\":\"2020-06-03T12:38:33+00:00\",\"dateModified\":\"2020-06-30T12:15:59+00:00\",\"breadcrumb\":{\"@id\":\"https:\/\/guiddeur.fr\/index.php\/site-e-commerce\/#breadcrumb\"},\"inLanguage\":\"fr-FR\",\"potentialAction\":[{\"@type\":\"ReadAction\",\"target\":[\"https:\/\/guiddeur.fr\/index.php\/site-e-commerce\/\"]}]},{\"@type\":\"BreadcrumbList\",\"@id\":\"https:\/\/guiddeur.fr\/index.php\/site-e-commerce\/#breadcrumb\",\"itemListElement\":[{\"@type\":\"ListItem\",\"position\":1,\"name\":\"Accueil\",\"item\":\"http:\/\/guiddeur.fr\/\"},{\"@type\":\"ListItem\",\"position\":2,\"name\":\"Site e-commerce\"}]}]}<\/script>\n<!-- \/ Yoast SEO plugin. -->","yoast_head_json":{"title":"Site e-commerce -","robots":{"index":"index","follow":"follow","max-snippet":"max-snippet:-1","max-image-preview":"max-image-preview:large","max-video-preview":"max-video-preview:-1"},"canonical":"https:\/\/guiddeur.fr\/index.php\/site-e-commerce\/","og_locale":"fr_FR","og_type":"article","og_title":"Site e-commerce -","og_description":"Vous d\u00e9butez votre activit\u00e9 e-commerce&nbsp;? La solution start vous offre un outil simple, performant et \u00e9volutif. Vous souhaitez booster votre activit\u00e9 e-commerce&nbsp;? La solution full vous offre un outil puissant","og_url":"https:\/\/guiddeur.fr\/index.php\/site-e-commerce\/","article_modified_time":"2020-06-30T12:15:59+00:00","twitter_card":"summary_large_image","schema":{"@context":"https:\/\/schema.org","@graph":[{"@type":"WebSite","@id":"http:\/\/guiddeur.fr\/#website","url":"http:\/\/guiddeur.fr\/","name":"","description":"","potentialAction":[{"@type":"SearchAction","target":{"@type":"EntryPoint","urlTemplate":"http:\/\/guiddeur.fr\/?s={search_term_string}"},"query-input":"required name=search_term_string"}],"inLanguage":"fr-FR"},{"@type":"WebPage","@id":"https:\/\/guiddeur.fr\/index.php\/site-e-commerce\/#webpage","url":"https:\/\/guiddeur.fr\/index.php\/site-e-commerce\/","name":"Site e-commerce -","isPartOf":{"@id":"http:\/\/guiddeur.fr\/#website"},"datePublished":"2020-06-03T12:38:33+00:00","dateModified":"2020-06-30T12:15:59+00:00","breadcrumb":{"@id":"https:\/\/guiddeur.fr\/index.php\/site-e-commerce\/#breadcrumb"},"inLanguage":"fr-FR","potentialAction":[{"@type":"ReadAction","target":["https:\/\/guiddeur.fr\/index.php\/site-e-commerce\/"]}]},{"@type":"BreadcrumbList","@id":"https:\/\/guiddeur.fr\/index.php\/site-e-commerce\/#breadcrumb","itemListElement":[{"@type":"ListItem","position":1,"name":"Accueil","item":"http:\/\/guiddeur.fr\/"},{"@type":"ListItem","position":2,"name":"Site e-commerce"}]}]}},"_links":{"self":[{"href":"https:\/\/guiddeur.fr\/index.php\/wp-json\/wp\/v2\/pages\/4810"}],"collection":[{"href":"https:\/\/guiddeur.fr\/index.php\/wp-json\/wp\/v2\/pages"}],"about":[{"href":"https:\/\/guiddeur.fr\/index.php\/wp-json\/wp\/v2\/types\/page"}],"author":[{"embeddable":true,"href":"https:\/\/guiddeur.fr\/index.php\/wp-json\/wp\/v2\/users\/1"}],"replies":[{"embeddable":true,"href":"https:\/\/guiddeur.fr\/index.php\/wp-json\/wp\/v2\/comments?post=4810"}],"version-history":[{"count":7,"href":"https:\/\/guiddeur.fr\/index.php\/wp-json\/wp\/v2\/pages\/4810\/revisions"}],"predecessor-version":[{"id":5211,"href":"https:\/\/guiddeur.fr\/index.php\/wp-json\/wp\/v2\/pages\/4810\/revisions\/5211"}],"wp:attachment":[{"href":"https:\/\/guiddeur.fr\/index.php\/wp-json\/wp\/v2\/media?parent=4810"}],"curies":[{"name":"wp","href":"https:\/\/api.w.org\/{rel}","templated":true}]}}