{"id":4802,"date":"2020-06-03T14:29:34","date_gmt":"2020-06-03T12:29:34","guid":{"rendered":"http:\/\/guiddeur.fr\/?page_id=4802"},"modified":"2020-06-30T14:16:55","modified_gmt":"2020-06-30T12:16:55","slug":"sites-wordpress","status":"publish","type":"page","link":"https:\/\/guiddeur.fr\/index.php\/sites-wordpress\/","title":{"rendered":"Sites WordPress"},"content":{"rendered":"\n<div class=\"wp-block-nextend-smartslider3\"><\/div>\n\n\n\n<div style=\"height:60px\" aria-hidden=\"true\" class=\"wp-block-spacer\"><\/div>\n\n\n\n<p style=\"font-size:23px\">Vous souhaitez profiter d&rsquo;un site au design soign\u00e9, riche en fonctionnalit\u00e9s potentielles, administrable \u00e0 partir d&rsquo;un back office d&rsquo;une grande simplicit\u00e9 ?<\/p>\n\n\n\n<p style=\"font-size:23px\">Guiddeur et Sowink vous propose votre site WordPress adapt\u00e9 au plus juste \u00e0 vos probl\u00e9matiques.<\/p>\n\n\n\n<div style=\"height:50px\" aria-hidden=\"true\" class=\"wp-block-spacer\"><\/div>\n\n\n\n<div class=\"wp-block-buttons is-layout-flex wp-block-buttons-is-layout-flex\">\n<div class=\"wp-block-button\"><a class=\"wp-block-button__link has-background\" href=\"http:\/\/guiddeur.fr\/index.php\/formulaire-de-contact\/\" style=\"background-color:#44526a\" target=\"_blank\" rel=\"noreferrer noopener\">Contactez-nous !<\/a><\/div>\n<\/div>\n\n\n\n<div class=\"wp-block-buttons is-layout-flex wp-block-buttons-is-layout-flex\">\n<div class=\"wp-block-button is-style-outline\"><a class=\"wp-block-button__link has-text-color\" href=\"https:\/\/www.sowink.fr\/agence-sowink-nord\/\" style=\"color:#44526a\" target=\"_blank\" rel=\"noreferrer noopener\">Sowink<\/a><\/div>\n<\/div>\n\n\n\n<div style=\"height:60px\" aria-hidden=\"true\" class=\"wp-block-spacer\"><\/div>\n\n\n\n<p style=\"font-size:23px\">Votre site est pr\u00eat, b\u00e9n\u00e9ficiez des conseils de Guiddeur pour g\u00e9rer vos contenus et optimiser le r\u00e9f\u00e9rencement de votre site.<\/p>\n","protected":false},"excerpt":{"rendered":"<p>Vous souhaitez profiter d&rsquo;un site au design soign\u00e9, riche en fonctionnalit\u00e9s potentielles, administrable \u00e0 partir d&rsquo;un back office d&rsquo;une grande simplicit\u00e9 ? Guiddeur et Sowink vous propose votre site WordPress adapt\u00e9 au plus juste \u00e0 vos probl\u00e9matiques. Votre site est pr\u00eat, b\u00e9n\u00e9ficiez des conseils de Guiddeur pour g\u00e9rer vos contenus et optimiser le r\u00e9f\u00e9rencement de [&hellip;]<\/p>\n","protected":false},"author":1,"featured_media":0,"parent":0,"menu_order":0,"comment_status":"closed","ping_status":"closed","template":"","meta":{"footnotes":""},"yoast_head":"<!-- This site is optimized with the Yoast SEO plugin v18.9 - https:\/\/yoast.com\/wordpress\/plugins\/seo\/ -->\n<title>Sites Wordpress -<\/title>\n<meta name=\"robots\" content=\"index, follow, max-snippet:-1, max-image-preview:large, max-video-preview:-1\" \/>\n<link rel=\"canonical\" href=\"https:\/\/guiddeur.fr\/index.php\/sites-wordpress\/\" \/>\n<meta property=\"og:locale\" content=\"fr_FR\" \/>\n<meta property=\"og:type\" content=\"article\" \/>\n<meta property=\"og:title\" content=\"Sites Wordpress -\" \/>\n<meta property=\"og:description\" content=\"Vous souhaitez profiter d&rsquo;un site au design soign\u00e9, riche en fonctionnalit\u00e9s potentielles, administrable \u00e0 partir d&rsquo;un back office d&rsquo;une grande simplicit\u00e9 ? Guiddeur et Sowink vous propose votre site WordPress adapt\u00e9 au plus juste \u00e0 vos probl\u00e9matiques. Votre site est pr\u00eat, b\u00e9n\u00e9ficiez des conseils de Guiddeur pour g\u00e9rer vos contenus et optimiser le r\u00e9f\u00e9rencement de [&hellip;]\" \/>\n<meta property=\"og:url\" content=\"https:\/\/guiddeur.fr\/index.php\/sites-wordpress\/\" \/>\n<meta property=\"article:modified_time\" content=\"2020-06-30T12:16:55+00:00\" \/>\n<meta name=\"twitter:card\" content=\"summary_large_image\" \/>\n<script type=\"application\/ld+json\" class=\"yoast-schema-graph\">{\"@context\":\"https:\/\/schema.org\",\"@graph\":[{\"@type\":\"WebSite\",\"@id\":\"http:\/\/guiddeur.fr\/#website\",\"url\":\"http:\/\/guiddeur.fr\/\",\"name\":\"\",\"description\":\"\",\"potentialAction\":[{\"@type\":\"SearchAction\",\"target\":{\"@type\":\"EntryPoint\",\"urlTemplate\":\"http:\/\/guiddeur.fr\/?s={search_term_string}\"},\"query-input\":\"required name=search_term_string\"}],\"inLanguage\":\"fr-FR\"},{\"@type\":\"WebPage\",\"@id\":\"https:\/\/guiddeur.fr\/index.php\/sites-wordpress\/#webpage\",\"url\":\"https:\/\/guiddeur.fr\/index.php\/sites-wordpress\/\",\"name\":\"Sites Wordpress -\",\"isPartOf\":{\"@id\":\"http:\/\/guiddeur.fr\/#website\"},\"datePublished\":\"2020-06-03T12:29:34+00:00\",\"dateModified\":\"2020-06-30T12:16:55+00:00\",\"breadcrumb\":{\"@id\":\"https:\/\/guiddeur.fr\/index.php\/sites-wordpress\/#breadcrumb\"},\"inLanguage\":\"fr-FR\",\"potentialAction\":[{\"@type\":\"ReadAction\",\"target\":[\"https:\/\/guiddeur.fr\/index.php\/sites-wordpress\/\"]}]},{\"@type\":\"BreadcrumbList\",\"@id\":\"https:\/\/guiddeur.fr\/index.php\/sites-wordpress\/#breadcrumb\",\"itemListElement\":[{\"@type\":\"ListItem\",\"position\":1,\"name\":\"Accueil\",\"item\":\"http:\/\/guiddeur.fr\/\"},{\"@type\":\"ListItem\",\"position\":2,\"name\":\"Sites WordPress\"}]}]}<\/script>\n<!-- \/ Yoast SEO plugin. -->","yoast_head_json":{"title":"Sites Wordpress -","robots":{"index":"index","follow":"follow","max-snippet":"max-snippet:-1","max-image-preview":"max-image-preview:large","max-video-preview":"max-video-preview:-1"},"canonical":"https:\/\/guiddeur.fr\/index.php\/sites-wordpress\/","og_locale":"fr_FR","og_type":"article","og_title":"Sites Wordpress -","og_description":"Vous souhaitez profiter d&rsquo;un site au design soign\u00e9, riche en fonctionnalit\u00e9s potentielles, administrable \u00e0 partir d&rsquo;un back office d&rsquo;une grande simplicit\u00e9 ? Guiddeur et Sowink vous propose votre site WordPress adapt\u00e9 au plus juste \u00e0 vos probl\u00e9matiques. Votre site est pr\u00eat, b\u00e9n\u00e9ficiez des conseils de Guiddeur pour g\u00e9rer vos contenus et optimiser le r\u00e9f\u00e9rencement de [&hellip;]","og_url":"https:\/\/guiddeur.fr\/index.php\/sites-wordpress\/","article_modified_time":"2020-06-30T12:16:55+00:00","twitter_card":"summary_large_image","schema":{"@context":"https:\/\/schema.org","@graph":[{"@type":"WebSite","@id":"http:\/\/guiddeur.fr\/#website","url":"http:\/\/guiddeur.fr\/","name":"","description":"","potentialAction":[{"@type":"SearchAction","target":{"@type":"EntryPoint","urlTemplate":"http:\/\/guiddeur.fr\/?s={search_term_string}"},"query-input":"required name=search_term_string"}],"inLanguage":"fr-FR"},{"@type":"WebPage","@id":"https:\/\/guiddeur.fr\/index.php\/sites-wordpress\/#webpage","url":"https:\/\/guiddeur.fr\/index.php\/sites-wordpress\/","name":"Sites Wordpress -","isPartOf":{"@id":"http:\/\/guiddeur.fr\/#website"},"datePublished":"2020-06-03T12:29:34+00:00","dateModified":"2020-06-30T12:16:55+00:00","breadcrumb":{"@id":"https:\/\/guiddeur.fr\/index.php\/sites-wordpress\/#breadcrumb"},"inLanguage":"fr-FR","potentialAction":[{"@type":"ReadAction","target":["https:\/\/guiddeur.fr\/index.php\/sites-wordpress\/"]}]},{"@type":"BreadcrumbList","@id":"https:\/\/guiddeur.fr\/index.php\/sites-wordpress\/#breadcrumb","itemListElement":[{"@type":"ListItem","position":1,"name":"Accueil","item":"http:\/\/guiddeur.fr\/"},{"@type":"ListItem","position":2,"name":"Sites WordPress"}]}]}},"_links":{"self":[{"href":"https:\/\/guiddeur.fr\/index.php\/wp-json\/wp\/v2\/pages\/4802"}],"collection":[{"href":"https:\/\/guiddeur.fr\/index.php\/wp-json\/wp\/v2\/pages"}],"about":[{"href":"https:\/\/guiddeur.fr\/index.php\/wp-json\/wp\/v2\/types\/page"}],"author":[{"embeddable":true,"href":"https:\/\/guiddeur.fr\/index.php\/wp-json\/wp\/v2\/users\/1"}],"replies":[{"embeddable":true,"href":"https:\/\/guiddeur.fr\/index.php\/wp-json\/wp\/v2\/comments?post=4802"}],"version-history":[{"count":10,"href":"https:\/\/guiddeur.fr\/index.php\/wp-json\/wp\/v2\/pages\/4802\/revisions"}],"predecessor-version":[{"id":5213,"href":"https:\/\/guiddeur.fr\/index.php\/wp-json\/wp\/v2\/pages\/4802\/revisions\/5213"}],"wp:attachment":[{"href":"https:\/\/guiddeur.fr\/index.php\/wp-json\/wp\/v2\/media?parent=4802"}],"curies":[{"name":"wp","href":"https:\/\/api.w.org\/{rel}","templated":true}]}}