{"id":4793,"date":"2020-06-03T14:26:29","date_gmt":"2020-06-03T12:26:29","guid":{"rendered":"http:\/\/guiddeur.fr\/?page_id=4793"},"modified":"2020-06-30T13:48:15","modified_gmt":"2020-06-30T11:48:15","slug":"42stores","status":"publish","type":"page","link":"https:\/\/guiddeur.fr\/index.php\/42stores\/","title":{"rendered":"42stores"},"content":{"rendered":"\n<div class=\"wp-block-nextend-smartslider3\"><\/div>\n\n\n\n<div style=\"height:100px\" aria-hidden=\"true\" class=\"wp-block-spacer\"><\/div>\n\n\n\n<p style=\"font-size:23px\">Principal partenaire e-commerce de l&rsquo;agence, 42stores d\u00e9veloppe depuis 2008, la solution e-commerce du m\u00eame nom.<\/p>\n\n\n\n<p style=\"font-size:23px\">C&rsquo;est un outil complet, riche de plusieurs centaines de fonctionnalit\u00e9s, simple, facile \u00e0 prendre en main, performant et totalement \u00e9volutif.<\/p>\n\n\n\n<p style=\"font-size:23px\">Vous g\u00e9rez vos contenus, vous g\u00e9rez vos ventes, vous administrez votre site depuis le back office, nous nous occupons du reste et de la maintenance.<\/p>\n\n\n\n<p style=\"font-size:23px\">Guiddeur g\u00e8re l&rsquo;amont et le suivi de votre projet, l&rsquo;\u00e9quipe 42stores prend en charge toute la partie technique et la maintenance.<\/p>\n\n\n\n<div style=\"height:50px\" aria-hidden=\"true\" class=\"wp-block-spacer\"><\/div>\n\n\n\n<div class=\"wp-block-buttons is-layout-flex wp-block-buttons-is-layout-flex\">\n<div class=\"wp-block-button is-style-outline\"><a class=\"wp-block-button__link has-text-color\" href=\"https:\/\/www.42stores.com\/\" style=\"color:#44526a\" target=\"_blank\" rel=\"noreferrer noopener\">42stores<\/a><\/div>\n<\/div>\n\n\n\n<p><\/p>\n","protected":false},"excerpt":{"rendered":"<p>Principal partenaire e-commerce de l&rsquo;agence, 42stores d\u00e9veloppe depuis 2008, la solution e-commerce du m\u00eame nom. C&rsquo;est un outil complet, riche de plusieurs centaines de fonctionnalit\u00e9s, simple, facile \u00e0 prendre en main, performant et totalement \u00e9volutif. Vous g\u00e9rez vos contenus, vous g\u00e9rez vos ventes, vous administrez votre site depuis le back office, nous nous occupons du [&hellip;]<\/p>\n","protected":false},"author":1,"featured_media":0,"parent":0,"menu_order":0,"comment_status":"closed","ping_status":"closed","template":"","meta":{"footnotes":""},"yoast_head":"<!-- This site is optimized with the Yoast SEO plugin v18.9 - https:\/\/yoast.com\/wordpress\/plugins\/seo\/ -->\n<title>42stores -<\/title>\n<meta name=\"robots\" content=\"index, follow, max-snippet:-1, max-image-preview:large, max-video-preview:-1\" \/>\n<link rel=\"canonical\" href=\"https:\/\/guiddeur.fr\/index.php\/42stores\/\" \/>\n<meta property=\"og:locale\" content=\"fr_FR\" \/>\n<meta property=\"og:type\" content=\"article\" \/>\n<meta property=\"og:title\" content=\"42stores -\" \/>\n<meta property=\"og:description\" content=\"Principal partenaire e-commerce de l&rsquo;agence, 42stores d\u00e9veloppe depuis 2008, la solution e-commerce du m\u00eame nom. C&rsquo;est un outil complet, riche de plusieurs centaines de fonctionnalit\u00e9s, simple, facile \u00e0 prendre en main, performant et totalement \u00e9volutif. Vous g\u00e9rez vos contenus, vous g\u00e9rez vos ventes, vous administrez votre site depuis le back office, nous nous occupons du [&hellip;]\" \/>\n<meta property=\"og:url\" content=\"https:\/\/guiddeur.fr\/index.php\/42stores\/\" \/>\n<meta property=\"article:modified_time\" content=\"2020-06-30T11:48:15+00:00\" \/>\n<meta name=\"twitter:card\" content=\"summary_large_image\" \/>\n<script type=\"application\/ld+json\" class=\"yoast-schema-graph\">{\"@context\":\"https:\/\/schema.org\",\"@graph\":[{\"@type\":\"WebSite\",\"@id\":\"http:\/\/guiddeur.fr\/#website\",\"url\":\"http:\/\/guiddeur.fr\/\",\"name\":\"\",\"description\":\"\",\"potentialAction\":[{\"@type\":\"SearchAction\",\"target\":{\"@type\":\"EntryPoint\",\"urlTemplate\":\"http:\/\/guiddeur.fr\/?s={search_term_string}\"},\"query-input\":\"required name=search_term_string\"}],\"inLanguage\":\"fr-FR\"},{\"@type\":\"WebPage\",\"@id\":\"https:\/\/guiddeur.fr\/index.php\/42stores\/#webpage\",\"url\":\"https:\/\/guiddeur.fr\/index.php\/42stores\/\",\"name\":\"42stores -\",\"isPartOf\":{\"@id\":\"http:\/\/guiddeur.fr\/#website\"},\"datePublished\":\"2020-06-03T12:26:29+00:00\",\"dateModified\":\"2020-06-30T11:48:15+00:00\",\"breadcrumb\":{\"@id\":\"https:\/\/guiddeur.fr\/index.php\/42stores\/#breadcrumb\"},\"inLanguage\":\"fr-FR\",\"potentialAction\":[{\"@type\":\"ReadAction\",\"target\":[\"https:\/\/guiddeur.fr\/index.php\/42stores\/\"]}]},{\"@type\":\"BreadcrumbList\",\"@id\":\"https:\/\/guiddeur.fr\/index.php\/42stores\/#breadcrumb\",\"itemListElement\":[{\"@type\":\"ListItem\",\"position\":1,\"name\":\"Accueil\",\"item\":\"http:\/\/guiddeur.fr\/\"},{\"@type\":\"ListItem\",\"position\":2,\"name\":\"42stores\"}]}]}<\/script>\n<!-- \/ Yoast SEO plugin. -->","yoast_head_json":{"title":"42stores -","robots":{"index":"index","follow":"follow","max-snippet":"max-snippet:-1","max-image-preview":"max-image-preview:large","max-video-preview":"max-video-preview:-1"},"canonical":"https:\/\/guiddeur.fr\/index.php\/42stores\/","og_locale":"fr_FR","og_type":"article","og_title":"42stores -","og_description":"Principal partenaire e-commerce de l&rsquo;agence, 42stores d\u00e9veloppe depuis 2008, la solution e-commerce du m\u00eame nom. C&rsquo;est un outil complet, riche de plusieurs centaines de fonctionnalit\u00e9s, simple, facile \u00e0 prendre en main, performant et totalement \u00e9volutif. Vous g\u00e9rez vos contenus, vous g\u00e9rez vos ventes, vous administrez votre site depuis le back office, nous nous occupons du [&hellip;]","og_url":"https:\/\/guiddeur.fr\/index.php\/42stores\/","article_modified_time":"2020-06-30T11:48:15+00:00","twitter_card":"summary_large_image","schema":{"@context":"https:\/\/schema.org","@graph":[{"@type":"WebSite","@id":"http:\/\/guiddeur.fr\/#website","url":"http:\/\/guiddeur.fr\/","name":"","description":"","potentialAction":[{"@type":"SearchAction","target":{"@type":"EntryPoint","urlTemplate":"http:\/\/guiddeur.fr\/?s={search_term_string}"},"query-input":"required name=search_term_string"}],"inLanguage":"fr-FR"},{"@type":"WebPage","@id":"https:\/\/guiddeur.fr\/index.php\/42stores\/#webpage","url":"https:\/\/guiddeur.fr\/index.php\/42stores\/","name":"42stores -","isPartOf":{"@id":"http:\/\/guiddeur.fr\/#website"},"datePublished":"2020-06-03T12:26:29+00:00","dateModified":"2020-06-30T11:48:15+00:00","breadcrumb":{"@id":"https:\/\/guiddeur.fr\/index.php\/42stores\/#breadcrumb"},"inLanguage":"fr-FR","potentialAction":[{"@type":"ReadAction","target":["https:\/\/guiddeur.fr\/index.php\/42stores\/"]}]},{"@type":"BreadcrumbList","@id":"https:\/\/guiddeur.fr\/index.php\/42stores\/#breadcrumb","itemListElement":[{"@type":"ListItem","position":1,"name":"Accueil","item":"http:\/\/guiddeur.fr\/"},{"@type":"ListItem","position":2,"name":"42stores"}]}]}},"_links":{"self":[{"href":"https:\/\/guiddeur.fr\/index.php\/wp-json\/wp\/v2\/pages\/4793"}],"collection":[{"href":"https:\/\/guiddeur.fr\/index.php\/wp-json\/wp\/v2\/pages"}],"about":[{"href":"https:\/\/guiddeur.fr\/index.php\/wp-json\/wp\/v2\/types\/page"}],"author":[{"embeddable":true,"href":"https:\/\/guiddeur.fr\/index.php\/wp-json\/wp\/v2\/users\/1"}],"replies":[{"embeddable":true,"href":"https:\/\/guiddeur.fr\/index.php\/wp-json\/wp\/v2\/comments?post=4793"}],"version-history":[{"count":11,"href":"https:\/\/guiddeur.fr\/index.php\/wp-json\/wp\/v2\/pages\/4793\/revisions"}],"predecessor-version":[{"id":5218,"href":"https:\/\/guiddeur.fr\/index.php\/wp-json\/wp\/v2\/pages\/4793\/revisions\/5218"}],"wp:attachment":[{"href":"https:\/\/guiddeur.fr\/index.php\/wp-json\/wp\/v2\/media?parent=4793"}],"curies":[{"name":"wp","href":"https:\/\/api.w.org\/{rel}","templated":true}]}}