{"id":206,"date":"2020-05-07T16:41:57","date_gmt":"2020-05-07T14:41:57","guid":{"rendered":"http:\/\/guiddeur.fr\/?page_id=206"},"modified":"2020-06-30T14:18:01","modified_gmt":"2020-06-30T12:18:01","slug":"gestion-de-projets","status":"publish","type":"page","link":"https:\/\/guiddeur.fr\/index.php\/gestion-de-projets\/","title":{"rendered":"Votre gestion de projets"},"content":{"rendered":"\n<div class=\"wp-block-nextend-smartslider3\"><\/div>\n\n\n\n<div style=\"height:60px\" aria-hidden=\"true\" class=\"wp-block-spacer\"><\/div>\n\n\n\n<p style=\"font-size:23px\">Communiquer, ce n&rsquo;est pas votre m\u00e9tier.<\/p>\n\n\n\n<p style=\"font-size:23px\">Votre temps, pr\u00e9cieux s&rsquo;il en est, doit \u00eatre consacr\u00e9 \u00e0 votre activit\u00e9..<\/p>\n\n\n\n<p style=\"font-size:23px\">Vos ressources internes n&rsquo;ont pas forc\u00e9ment les comp\u00e9tences pour g\u00e9rer votre site internet, vos contenus ou animer vos pages sur les r\u00e9seaux sociaux.<\/p>\n\n\n\n<p style=\"font-size:23px\">Guiddeur g\u00e8re vos projets, vous oriente et vous aide \u00e0 mettre en place les actions et les outils qui vous permettront de vous faire conna\u00eetre et de d\u00e9velopper votre activit\u00e9.<\/p>\n","protected":false},"excerpt":{"rendered":"<p>Communiquer, ce n&rsquo;est pas votre m\u00e9tier. Votre temps, pr\u00e9cieux s&rsquo;il en est, doit \u00eatre consacr\u00e9 \u00e0 votre activit\u00e9.. Vos ressources internes n&rsquo;ont pas forc\u00e9ment les comp\u00e9tences pour g\u00e9rer votre site internet, vos contenus ou animer vos pages sur les r\u00e9seaux sociaux. Guiddeur g\u00e8re vos projets, vous oriente et vous aide \u00e0 mettre en place les [&hellip;]<\/p>\n","protected":false},"author":1,"featured_media":0,"parent":0,"menu_order":0,"comment_status":"closed","ping_status":"closed","template":"","meta":{"footnotes":""},"yoast_head":"<!-- This site is optimized with the Yoast SEO plugin v18.9 - https:\/\/yoast.com\/wordpress\/plugins\/seo\/ -->\n<title>Votre gestion de projets -<\/title>\n<meta name=\"robots\" content=\"index, follow, max-snippet:-1, max-image-preview:large, max-video-preview:-1\" \/>\n<link rel=\"canonical\" href=\"https:\/\/guiddeur.fr\/index.php\/gestion-de-projets\/\" \/>\n<meta property=\"og:locale\" content=\"fr_FR\" \/>\n<meta property=\"og:type\" content=\"article\" \/>\n<meta property=\"og:title\" content=\"Votre gestion de projets -\" \/>\n<meta property=\"og:description\" content=\"Communiquer, ce n&rsquo;est pas votre m\u00e9tier. Votre temps, pr\u00e9cieux s&rsquo;il en est, doit \u00eatre consacr\u00e9 \u00e0 votre activit\u00e9.. Vos ressources internes n&rsquo;ont pas forc\u00e9ment les comp\u00e9tences pour g\u00e9rer votre site internet, vos contenus ou animer vos pages sur les r\u00e9seaux sociaux. Guiddeur g\u00e8re vos projets, vous oriente et vous aide \u00e0 mettre en place les [&hellip;]\" \/>\n<meta property=\"og:url\" content=\"https:\/\/guiddeur.fr\/index.php\/gestion-de-projets\/\" \/>\n<meta property=\"article:modified_time\" content=\"2020-06-30T12:18:01+00:00\" \/>\n<meta name=\"twitter:card\" content=\"summary_large_image\" \/>\n<script type=\"application\/ld+json\" class=\"yoast-schema-graph\">{\"@context\":\"https:\/\/schema.org\",\"@graph\":[{\"@type\":\"WebSite\",\"@id\":\"http:\/\/guiddeur.fr\/#website\",\"url\":\"http:\/\/guiddeur.fr\/\",\"name\":\"\",\"description\":\"\",\"potentialAction\":[{\"@type\":\"SearchAction\",\"target\":{\"@type\":\"EntryPoint\",\"urlTemplate\":\"http:\/\/guiddeur.fr\/?s={search_term_string}\"},\"query-input\":\"required name=search_term_string\"}],\"inLanguage\":\"fr-FR\"},{\"@type\":\"WebPage\",\"@id\":\"https:\/\/guiddeur.fr\/index.php\/gestion-de-projets\/#webpage\",\"url\":\"https:\/\/guiddeur.fr\/index.php\/gestion-de-projets\/\",\"name\":\"Votre gestion de projets -\",\"isPartOf\":{\"@id\":\"http:\/\/guiddeur.fr\/#website\"},\"datePublished\":\"2020-05-07T14:41:57+00:00\",\"dateModified\":\"2020-06-30T12:18:01+00:00\",\"breadcrumb\":{\"@id\":\"https:\/\/guiddeur.fr\/index.php\/gestion-de-projets\/#breadcrumb\"},\"inLanguage\":\"fr-FR\",\"potentialAction\":[{\"@type\":\"ReadAction\",\"target\":[\"https:\/\/guiddeur.fr\/index.php\/gestion-de-projets\/\"]}]},{\"@type\":\"BreadcrumbList\",\"@id\":\"https:\/\/guiddeur.fr\/index.php\/gestion-de-projets\/#breadcrumb\",\"itemListElement\":[{\"@type\":\"ListItem\",\"position\":1,\"name\":\"Accueil\",\"item\":\"http:\/\/guiddeur.fr\/\"},{\"@type\":\"ListItem\",\"position\":2,\"name\":\"Votre gestion de projets\"}]}]}<\/script>\n<!-- \/ Yoast SEO plugin. -->","yoast_head_json":{"title":"Votre gestion de projets -","robots":{"index":"index","follow":"follow","max-snippet":"max-snippet:-1","max-image-preview":"max-image-preview:large","max-video-preview":"max-video-preview:-1"},"canonical":"https:\/\/guiddeur.fr\/index.php\/gestion-de-projets\/","og_locale":"fr_FR","og_type":"article","og_title":"Votre gestion de projets -","og_description":"Communiquer, ce n&rsquo;est pas votre m\u00e9tier. Votre temps, pr\u00e9cieux s&rsquo;il en est, doit \u00eatre consacr\u00e9 \u00e0 votre activit\u00e9.. Vos ressources internes n&rsquo;ont pas forc\u00e9ment les comp\u00e9tences pour g\u00e9rer votre site internet, vos contenus ou animer vos pages sur les r\u00e9seaux sociaux. Guiddeur g\u00e8re vos projets, vous oriente et vous aide \u00e0 mettre en place les [&hellip;]","og_url":"https:\/\/guiddeur.fr\/index.php\/gestion-de-projets\/","article_modified_time":"2020-06-30T12:18:01+00:00","twitter_card":"summary_large_image","schema":{"@context":"https:\/\/schema.org","@graph":[{"@type":"WebSite","@id":"http:\/\/guiddeur.fr\/#website","url":"http:\/\/guiddeur.fr\/","name":"","description":"","potentialAction":[{"@type":"SearchAction","target":{"@type":"EntryPoint","urlTemplate":"http:\/\/guiddeur.fr\/?s={search_term_string}"},"query-input":"required name=search_term_string"}],"inLanguage":"fr-FR"},{"@type":"WebPage","@id":"https:\/\/guiddeur.fr\/index.php\/gestion-de-projets\/#webpage","url":"https:\/\/guiddeur.fr\/index.php\/gestion-de-projets\/","name":"Votre gestion de projets -","isPartOf":{"@id":"http:\/\/guiddeur.fr\/#website"},"datePublished":"2020-05-07T14:41:57+00:00","dateModified":"2020-06-30T12:18:01+00:00","breadcrumb":{"@id":"https:\/\/guiddeur.fr\/index.php\/gestion-de-projets\/#breadcrumb"},"inLanguage":"fr-FR","potentialAction":[{"@type":"ReadAction","target":["https:\/\/guiddeur.fr\/index.php\/gestion-de-projets\/"]}]},{"@type":"BreadcrumbList","@id":"https:\/\/guiddeur.fr\/index.php\/gestion-de-projets\/#breadcrumb","itemListElement":[{"@type":"ListItem","position":1,"name":"Accueil","item":"http:\/\/guiddeur.fr\/"},{"@type":"ListItem","position":2,"name":"Votre gestion de projets"}]}]}},"_links":{"self":[{"href":"https:\/\/guiddeur.fr\/index.php\/wp-json\/wp\/v2\/pages\/206"}],"collection":[{"href":"https:\/\/guiddeur.fr\/index.php\/wp-json\/wp\/v2\/pages"}],"about":[{"href":"https:\/\/guiddeur.fr\/index.php\/wp-json\/wp\/v2\/types\/page"}],"author":[{"embeddable":true,"href":"https:\/\/guiddeur.fr\/index.php\/wp-json\/wp\/v2\/users\/1"}],"replies":[{"embeddable":true,"href":"https:\/\/guiddeur.fr\/index.php\/wp-json\/wp\/v2\/comments?post=206"}],"version-history":[{"count":6,"href":"https:\/\/guiddeur.fr\/index.php\/wp-json\/wp\/v2\/pages\/206\/revisions"}],"predecessor-version":[{"id":5215,"href":"https:\/\/guiddeur.fr\/index.php\/wp-json\/wp\/v2\/pages\/206\/revisions\/5215"}],"wp:attachment":[{"href":"https:\/\/guiddeur.fr\/index.php\/wp-json\/wp\/v2\/media?parent=206"}],"curies":[{"name":"wp","href":"https:\/\/api.w.org\/{rel}","templated":true}]}}