{"id":197,"date":"2020-05-07T16:39:21","date_gmt":"2020-05-07T14:39:21","guid":{"rendered":"http:\/\/guiddeur.fr\/?page_id=197"},"modified":"2020-06-30T14:15:17","modified_gmt":"2020-06-30T12:15:17","slug":"reseaux-sociaux","status":"publish","type":"page","link":"https:\/\/guiddeur.fr\/index.php\/reseaux-sociaux\/","title":{"rendered":"R\u00e9seaux sociaux"},"content":{"rendered":"\n<div class=\"wp-block-nextend-smartslider3\"><\/div>\n\n\n\n<div style=\"height:60px\" aria-hidden=\"true\" class=\"wp-block-spacer\"><\/div>\n\n\n\n<p style=\"font-size:23px\">Se constituer une e-communaut\u00e9, atteindre les prospects l\u00e0 o\u00f9 ils se trouvent, partager la vie quotidienne de votre entreprise, mettre en avant vos offres, cr\u00e9dibiliser votre professionnalisme&#8230;soyez pr\u00e9sents sur les r\u00e9seaux sociaux.<\/p>\n\n\n\n<p style=\"font-size:23px\">Guiddeur et Sowink organisent votre SMO&nbsp;: choisir les r\u00e9seaux appropri\u00e9s, cr\u00e9er vos pages, organiser vos contenus, planifier vos publications et d\u00e9velopper votre notori\u00e9t\u00e9 sur le net<\/p>\n\n\n\n<div style=\"height:50px\" aria-hidden=\"true\" class=\"wp-block-spacer\"><\/div>\n\n\n\n<div class=\"wp-block-buttons is-layout-flex wp-block-buttons-is-layout-flex\">\n<div class=\"wp-block-button\"><a class=\"wp-block-button__link has-background\" href=\"http:\/\/guiddeur.fr\/index.php\/formulaire-de-contact\/\" style=\"background-color:#44526a\" target=\"_blank\" rel=\"noreferrer noopener\">Contactez-nous !<\/a><\/div>\n<\/div>\n","protected":false},"excerpt":{"rendered":"<p>Se constituer une e-communaut\u00e9, atteindre les prospects l\u00e0 o\u00f9 ils se trouvent, partager la vie quotidienne de votre entreprise, mettre en avant vos offres, cr\u00e9dibiliser votre professionnalisme&#8230;soyez pr\u00e9sents sur les r\u00e9seaux sociaux. Guiddeur et Sowink organisent votre SMO&nbsp;: choisir les r\u00e9seaux appropri\u00e9s, cr\u00e9er vos pages, organiser vos contenus, planifier vos publications et d\u00e9velopper votre notori\u00e9t\u00e9 [&hellip;]<\/p>\n","protected":false},"author":1,"featured_media":0,"parent":0,"menu_order":0,"comment_status":"closed","ping_status":"closed","template":"","meta":{"footnotes":""},"yoast_head":"<!-- This site is optimized with the Yoast SEO plugin v18.9 - https:\/\/yoast.com\/wordpress\/plugins\/seo\/ -->\n<title>R\u00e9seaux sociaux -<\/title>\n<meta name=\"robots\" content=\"index, follow, max-snippet:-1, max-image-preview:large, max-video-preview:-1\" \/>\n<link rel=\"canonical\" href=\"http:\/\/guiddeur.fr\/index.php\/reseaux-sociaux\/\" \/>\n<meta property=\"og:locale\" content=\"fr_FR\" \/>\n<meta property=\"og:type\" content=\"article\" \/>\n<meta property=\"og:title\" content=\"R\u00e9seaux sociaux -\" \/>\n<meta property=\"og:description\" content=\"Se constituer une e-communaut\u00e9, atteindre les prospects l\u00e0 o\u00f9 ils se trouvent, partager la vie quotidienne de votre entreprise, mettre en avant vos offres, cr\u00e9dibiliser votre professionnalisme&#8230;soyez pr\u00e9sents sur les r\u00e9seaux sociaux. Guiddeur et Sowink organisent votre SMO&nbsp;: choisir les r\u00e9seaux appropri\u00e9s, cr\u00e9er vos pages, organiser vos contenus, planifier vos publications et d\u00e9velopper votre notori\u00e9t\u00e9 [&hellip;]\" \/>\n<meta property=\"og:url\" content=\"http:\/\/guiddeur.fr\/index.php\/reseaux-sociaux\/\" \/>\n<meta property=\"article:modified_time\" content=\"2020-06-30T12:15:17+00:00\" \/>\n<meta name=\"twitter:card\" content=\"summary_large_image\" \/>\n<script type=\"application\/ld+json\" class=\"yoast-schema-graph\">{\"@context\":\"https:\/\/schema.org\",\"@graph\":[{\"@type\":\"WebSite\",\"@id\":\"http:\/\/guiddeur.fr\/#website\",\"url\":\"http:\/\/guiddeur.fr\/\",\"name\":\"\",\"description\":\"\",\"potentialAction\":[{\"@type\":\"SearchAction\",\"target\":{\"@type\":\"EntryPoint\",\"urlTemplate\":\"http:\/\/guiddeur.fr\/?s={search_term_string}\"},\"query-input\":\"required name=search_term_string\"}],\"inLanguage\":\"fr-FR\"},{\"@type\":\"WebPage\",\"@id\":\"http:\/\/guiddeur.fr\/index.php\/reseaux-sociaux\/#webpage\",\"url\":\"http:\/\/guiddeur.fr\/index.php\/reseaux-sociaux\/\",\"name\":\"R\u00e9seaux sociaux -\",\"isPartOf\":{\"@id\":\"http:\/\/guiddeur.fr\/#website\"},\"datePublished\":\"2020-05-07T14:39:21+00:00\",\"dateModified\":\"2020-06-30T12:15:17+00:00\",\"breadcrumb\":{\"@id\":\"http:\/\/guiddeur.fr\/index.php\/reseaux-sociaux\/#breadcrumb\"},\"inLanguage\":\"fr-FR\",\"potentialAction\":[{\"@type\":\"ReadAction\",\"target\":[\"http:\/\/guiddeur.fr\/index.php\/reseaux-sociaux\/\"]}]},{\"@type\":\"BreadcrumbList\",\"@id\":\"http:\/\/guiddeur.fr\/index.php\/reseaux-sociaux\/#breadcrumb\",\"itemListElement\":[{\"@type\":\"ListItem\",\"position\":1,\"name\":\"Accueil\",\"item\":\"http:\/\/guiddeur.fr\/\"},{\"@type\":\"ListItem\",\"position\":2,\"name\":\"R\u00e9seaux sociaux\"}]}]}<\/script>\n<!-- \/ Yoast SEO plugin. -->","yoast_head_json":{"title":"R\u00e9seaux sociaux -","robots":{"index":"index","follow":"follow","max-snippet":"max-snippet:-1","max-image-preview":"max-image-preview:large","max-video-preview":"max-video-preview:-1"},"canonical":"http:\/\/guiddeur.fr\/index.php\/reseaux-sociaux\/","og_locale":"fr_FR","og_type":"article","og_title":"R\u00e9seaux sociaux -","og_description":"Se constituer une e-communaut\u00e9, atteindre les prospects l\u00e0 o\u00f9 ils se trouvent, partager la vie quotidienne de votre entreprise, mettre en avant vos offres, cr\u00e9dibiliser votre professionnalisme&#8230;soyez pr\u00e9sents sur les r\u00e9seaux sociaux. Guiddeur et Sowink organisent votre SMO&nbsp;: choisir les r\u00e9seaux appropri\u00e9s, cr\u00e9er vos pages, organiser vos contenus, planifier vos publications et d\u00e9velopper votre notori\u00e9t\u00e9 [&hellip;]","og_url":"http:\/\/guiddeur.fr\/index.php\/reseaux-sociaux\/","article_modified_time":"2020-06-30T12:15:17+00:00","twitter_card":"summary_large_image","schema":{"@context":"https:\/\/schema.org","@graph":[{"@type":"WebSite","@id":"http:\/\/guiddeur.fr\/#website","url":"http:\/\/guiddeur.fr\/","name":"","description":"","potentialAction":[{"@type":"SearchAction","target":{"@type":"EntryPoint","urlTemplate":"http:\/\/guiddeur.fr\/?s={search_term_string}"},"query-input":"required name=search_term_string"}],"inLanguage":"fr-FR"},{"@type":"WebPage","@id":"http:\/\/guiddeur.fr\/index.php\/reseaux-sociaux\/#webpage","url":"http:\/\/guiddeur.fr\/index.php\/reseaux-sociaux\/","name":"R\u00e9seaux sociaux -","isPartOf":{"@id":"http:\/\/guiddeur.fr\/#website"},"datePublished":"2020-05-07T14:39:21+00:00","dateModified":"2020-06-30T12:15:17+00:00","breadcrumb":{"@id":"http:\/\/guiddeur.fr\/index.php\/reseaux-sociaux\/#breadcrumb"},"inLanguage":"fr-FR","potentialAction":[{"@type":"ReadAction","target":["http:\/\/guiddeur.fr\/index.php\/reseaux-sociaux\/"]}]},{"@type":"BreadcrumbList","@id":"http:\/\/guiddeur.fr\/index.php\/reseaux-sociaux\/#breadcrumb","itemListElement":[{"@type":"ListItem","position":1,"name":"Accueil","item":"http:\/\/guiddeur.fr\/"},{"@type":"ListItem","position":2,"name":"R\u00e9seaux sociaux"}]}]}},"_links":{"self":[{"href":"https:\/\/guiddeur.fr\/index.php\/wp-json\/wp\/v2\/pages\/197"}],"collection":[{"href":"https:\/\/guiddeur.fr\/index.php\/wp-json\/wp\/v2\/pages"}],"about":[{"href":"https:\/\/guiddeur.fr\/index.php\/wp-json\/wp\/v2\/types\/page"}],"author":[{"embeddable":true,"href":"https:\/\/guiddeur.fr\/index.php\/wp-json\/wp\/v2\/users\/1"}],"replies":[{"embeddable":true,"href":"https:\/\/guiddeur.fr\/index.php\/wp-json\/wp\/v2\/comments?post=197"}],"version-history":[{"count":9,"href":"https:\/\/guiddeur.fr\/index.php\/wp-json\/wp\/v2\/pages\/197\/revisions"}],"predecessor-version":[{"id":5209,"href":"https:\/\/guiddeur.fr\/index.php\/wp-json\/wp\/v2\/pages\/197\/revisions\/5209"}],"wp:attachment":[{"href":"https:\/\/guiddeur.fr\/index.php\/wp-json\/wp\/v2\/media?parent=197"}],"curies":[{"name":"wp","href":"https:\/\/api.w.org\/{rel}","templated":true}]}}