{"id":191,"date":"2020-05-07T16:38:36","date_gmt":"2020-05-07T14:38:36","guid":{"rendered":"http:\/\/guiddeur.fr\/?page_id=191"},"modified":"2020-06-30T14:14:14","modified_gmt":"2020-06-30T12:14:14","slug":"referencement-naturel","status":"publish","type":"page","link":"https:\/\/guiddeur.fr\/index.php\/referencement-naturel\/","title":{"rendered":"R\u00e9f\u00e9rencement naturel"},"content":{"rendered":"\n<div class=\"wp-block-nextend-smartslider3\"><\/div>\n\n\n\n<div style=\"height:60px\" aria-hidden=\"true\" class=\"wp-block-spacer\"><\/div>\n\n\n\n<p style=\"font-size:23px\">Guiddeur et Sowink vous propose des campagnes SEO pour am\u00e9liorer la position de votre site sur les moteurs de recherche.<\/p>\n\n\n\n<p style=\"font-size:23px\">Audit SEO, analyse s\u00e9mantique, analyse de votre concurrence, analyse de votre zone d&rsquo;intervention, d\u00e9finition d&rsquo;un plan d&rsquo;actions, mise en place des outils de contr\u00f4le, contr\u00f4le de vos performances, bilans, actions correctrices, Guiddeur et Sowink mettent \u00e0 votre disposition tout un process et le talent de leurs sp\u00e9cialistes en webmarketing.<\/p>\n\n\n\n<div style=\"height:50px\" aria-hidden=\"true\" class=\"wp-block-spacer\"><\/div>\n\n\n\n<div class=\"wp-block-buttons is-layout-flex wp-block-buttons-is-layout-flex\">\n<div class=\"wp-block-button\"><a class=\"wp-block-button__link has-background\" href=\"http:\/\/guiddeur.fr\/index.php\/formulaire-de-contact\/\" style=\"background-color:#44526a\" target=\"_blank\" rel=\"noreferrer noopener\">Contactez-nous !<\/a><\/div>\n<\/div>\n","protected":false},"excerpt":{"rendered":"<p>Guiddeur et Sowink vous propose des campagnes SEO pour am\u00e9liorer la position de votre site sur les moteurs de recherche. Audit SEO, analyse s\u00e9mantique, analyse de votre concurrence, analyse de votre zone d&rsquo;intervention, d\u00e9finition d&rsquo;un plan d&rsquo;actions, mise en place des outils de contr\u00f4le, contr\u00f4le de vos performances, bilans, actions correctrices, Guiddeur et Sowink mettent [&hellip;]<\/p>\n","protected":false},"author":1,"featured_media":0,"parent":0,"menu_order":0,"comment_status":"closed","ping_status":"closed","template":"","meta":{"footnotes":""},"yoast_head":"<!-- This site is optimized with the Yoast SEO plugin v18.9 - https:\/\/yoast.com\/wordpress\/plugins\/seo\/ -->\n<title>R\u00e9f\u00e9rencement naturel -<\/title>\n<meta name=\"robots\" content=\"index, follow, max-snippet:-1, max-image-preview:large, max-video-preview:-1\" \/>\n<link rel=\"canonical\" href=\"https:\/\/guiddeur.fr\/index.php\/referencement-naturel\/\" \/>\n<meta property=\"og:locale\" content=\"fr_FR\" \/>\n<meta property=\"og:type\" content=\"article\" \/>\n<meta property=\"og:title\" content=\"R\u00e9f\u00e9rencement naturel -\" \/>\n<meta property=\"og:description\" content=\"Guiddeur et Sowink vous propose des campagnes SEO pour am\u00e9liorer la position de votre site sur les moteurs de recherche. Audit SEO, analyse s\u00e9mantique, analyse de votre concurrence, analyse de votre zone d&rsquo;intervention, d\u00e9finition d&rsquo;un plan d&rsquo;actions, mise en place des outils de contr\u00f4le, contr\u00f4le de vos performances, bilans, actions correctrices, Guiddeur et Sowink mettent [&hellip;]\" \/>\n<meta property=\"og:url\" content=\"https:\/\/guiddeur.fr\/index.php\/referencement-naturel\/\" \/>\n<meta property=\"article:modified_time\" content=\"2020-06-30T12:14:14+00:00\" \/>\n<meta name=\"twitter:card\" content=\"summary_large_image\" \/>\n<script type=\"application\/ld+json\" class=\"yoast-schema-graph\">{\"@context\":\"https:\/\/schema.org\",\"@graph\":[{\"@type\":\"WebSite\",\"@id\":\"http:\/\/guiddeur.fr\/#website\",\"url\":\"http:\/\/guiddeur.fr\/\",\"name\":\"\",\"description\":\"\",\"potentialAction\":[{\"@type\":\"SearchAction\",\"target\":{\"@type\":\"EntryPoint\",\"urlTemplate\":\"http:\/\/guiddeur.fr\/?s={search_term_string}\"},\"query-input\":\"required name=search_term_string\"}],\"inLanguage\":\"fr-FR\"},{\"@type\":\"WebPage\",\"@id\":\"https:\/\/guiddeur.fr\/index.php\/referencement-naturel\/#webpage\",\"url\":\"https:\/\/guiddeur.fr\/index.php\/referencement-naturel\/\",\"name\":\"R\u00e9f\u00e9rencement naturel -\",\"isPartOf\":{\"@id\":\"http:\/\/guiddeur.fr\/#website\"},\"datePublished\":\"2020-05-07T14:38:36+00:00\",\"dateModified\":\"2020-06-30T12:14:14+00:00\",\"breadcrumb\":{\"@id\":\"https:\/\/guiddeur.fr\/index.php\/referencement-naturel\/#breadcrumb\"},\"inLanguage\":\"fr-FR\",\"potentialAction\":[{\"@type\":\"ReadAction\",\"target\":[\"https:\/\/guiddeur.fr\/index.php\/referencement-naturel\/\"]}]},{\"@type\":\"BreadcrumbList\",\"@id\":\"https:\/\/guiddeur.fr\/index.php\/referencement-naturel\/#breadcrumb\",\"itemListElement\":[{\"@type\":\"ListItem\",\"position\":1,\"name\":\"Accueil\",\"item\":\"http:\/\/guiddeur.fr\/\"},{\"@type\":\"ListItem\",\"position\":2,\"name\":\"R\u00e9f\u00e9rencement naturel\"}]}]}<\/script>\n<!-- \/ Yoast SEO plugin. -->","yoast_head_json":{"title":"R\u00e9f\u00e9rencement naturel -","robots":{"index":"index","follow":"follow","max-snippet":"max-snippet:-1","max-image-preview":"max-image-preview:large","max-video-preview":"max-video-preview:-1"},"canonical":"https:\/\/guiddeur.fr\/index.php\/referencement-naturel\/","og_locale":"fr_FR","og_type":"article","og_title":"R\u00e9f\u00e9rencement naturel -","og_description":"Guiddeur et Sowink vous propose des campagnes SEO pour am\u00e9liorer la position de votre site sur les moteurs de recherche. Audit SEO, analyse s\u00e9mantique, analyse de votre concurrence, analyse de votre zone d&rsquo;intervention, d\u00e9finition d&rsquo;un plan d&rsquo;actions, mise en place des outils de contr\u00f4le, contr\u00f4le de vos performances, bilans, actions correctrices, Guiddeur et Sowink mettent [&hellip;]","og_url":"https:\/\/guiddeur.fr\/index.php\/referencement-naturel\/","article_modified_time":"2020-06-30T12:14:14+00:00","twitter_card":"summary_large_image","schema":{"@context":"https:\/\/schema.org","@graph":[{"@type":"WebSite","@id":"http:\/\/guiddeur.fr\/#website","url":"http:\/\/guiddeur.fr\/","name":"","description":"","potentialAction":[{"@type":"SearchAction","target":{"@type":"EntryPoint","urlTemplate":"http:\/\/guiddeur.fr\/?s={search_term_string}"},"query-input":"required name=search_term_string"}],"inLanguage":"fr-FR"},{"@type":"WebPage","@id":"https:\/\/guiddeur.fr\/index.php\/referencement-naturel\/#webpage","url":"https:\/\/guiddeur.fr\/index.php\/referencement-naturel\/","name":"R\u00e9f\u00e9rencement naturel -","isPartOf":{"@id":"http:\/\/guiddeur.fr\/#website"},"datePublished":"2020-05-07T14:38:36+00:00","dateModified":"2020-06-30T12:14:14+00:00","breadcrumb":{"@id":"https:\/\/guiddeur.fr\/index.php\/referencement-naturel\/#breadcrumb"},"inLanguage":"fr-FR","potentialAction":[{"@type":"ReadAction","target":["https:\/\/guiddeur.fr\/index.php\/referencement-naturel\/"]}]},{"@type":"BreadcrumbList","@id":"https:\/\/guiddeur.fr\/index.php\/referencement-naturel\/#breadcrumb","itemListElement":[{"@type":"ListItem","position":1,"name":"Accueil","item":"http:\/\/guiddeur.fr\/"},{"@type":"ListItem","position":2,"name":"R\u00e9f\u00e9rencement naturel"}]}]}},"_links":{"self":[{"href":"https:\/\/guiddeur.fr\/index.php\/wp-json\/wp\/v2\/pages\/191"}],"collection":[{"href":"https:\/\/guiddeur.fr\/index.php\/wp-json\/wp\/v2\/pages"}],"about":[{"href":"https:\/\/guiddeur.fr\/index.php\/wp-json\/wp\/v2\/types\/page"}],"author":[{"embeddable":true,"href":"https:\/\/guiddeur.fr\/index.php\/wp-json\/wp\/v2\/users\/1"}],"replies":[{"embeddable":true,"href":"https:\/\/guiddeur.fr\/index.php\/wp-json\/wp\/v2\/comments?post=191"}],"version-history":[{"count":9,"href":"https:\/\/guiddeur.fr\/index.php\/wp-json\/wp\/v2\/pages\/191\/revisions"}],"predecessor-version":[{"id":5207,"href":"https:\/\/guiddeur.fr\/index.php\/wp-json\/wp\/v2\/pages\/191\/revisions\/5207"}],"wp:attachment":[{"href":"https:\/\/guiddeur.fr\/index.php\/wp-json\/wp\/v2\/media?parent=191"}],"curies":[{"name":"wp","href":"https:\/\/api.w.org\/{rel}","templated":true}]}}