{"id":188,"date":"2020-05-07T16:37:59","date_gmt":"2020-05-07T14:37:59","guid":{"rendered":"http:\/\/guiddeur.fr\/?page_id=188"},"modified":"2020-06-30T14:09:09","modified_gmt":"2020-06-30T12:09:09","slug":"webmarketing","status":"publish","type":"page","link":"https:\/\/guiddeur.fr\/index.php\/webmarketing\/","title":{"rendered":"Le webmarketing"},"content":{"rendered":"\n<div class=\"wp-block-nextend-smartslider3\"><\/div>\n\n\n\n<div style=\"height:60px\" aria-hidden=\"true\" class=\"wp-block-spacer\"><\/div>\n\n\n\n<p style=\"font-size:23px\">La pr\u00e9sence sur internet, c&rsquo;est bien mais la visibilit\u00e9, c&rsquo;est mieux&nbsp;!<\/p>\n\n\n\n<p style=\"font-size:23px\">Guiddeur et l&rsquo;\u00e9quipe webmarketing de Sowink vous aident \u00e0 optimiser votre visibilit\u00e9 sur le web.<\/p>\n","protected":false},"excerpt":{"rendered":"<p>La pr\u00e9sence sur internet, c&rsquo;est bien mais la visibilit\u00e9, c&rsquo;est mieux&nbsp;! Guiddeur et l&rsquo;\u00e9quipe webmarketing de Sowink vous aident \u00e0 optimiser votre visibilit\u00e9 sur le web.<\/p>\n","protected":false},"author":1,"featured_media":0,"parent":0,"menu_order":0,"comment_status":"closed","ping_status":"closed","template":"","meta":{"footnotes":""},"yoast_head":"<!-- This site is optimized with the Yoast SEO plugin v18.9 - https:\/\/yoast.com\/wordpress\/plugins\/seo\/ -->\n<title>Le webmarketing -<\/title>\n<meta name=\"robots\" content=\"index, follow, max-snippet:-1, max-image-preview:large, max-video-preview:-1\" \/>\n<link rel=\"canonical\" href=\"https:\/\/guiddeur.fr\/index.php\/webmarketing\/\" \/>\n<meta property=\"og:locale\" content=\"fr_FR\" \/>\n<meta property=\"og:type\" content=\"article\" \/>\n<meta property=\"og:title\" content=\"Le webmarketing -\" \/>\n<meta property=\"og:description\" content=\"La pr\u00e9sence sur internet, c&rsquo;est bien mais la visibilit\u00e9, c&rsquo;est mieux&nbsp;! Guiddeur et l&rsquo;\u00e9quipe webmarketing de Sowink vous aident \u00e0 optimiser votre visibilit\u00e9 sur le web.\" \/>\n<meta property=\"og:url\" content=\"https:\/\/guiddeur.fr\/index.php\/webmarketing\/\" \/>\n<meta property=\"article:modified_time\" content=\"2020-06-30T12:09:09+00:00\" \/>\n<meta name=\"twitter:card\" content=\"summary_large_image\" \/>\n<script type=\"application\/ld+json\" class=\"yoast-schema-graph\">{\"@context\":\"https:\/\/schema.org\",\"@graph\":[{\"@type\":\"WebSite\",\"@id\":\"http:\/\/guiddeur.fr\/#website\",\"url\":\"http:\/\/guiddeur.fr\/\",\"name\":\"\",\"description\":\"\",\"potentialAction\":[{\"@type\":\"SearchAction\",\"target\":{\"@type\":\"EntryPoint\",\"urlTemplate\":\"http:\/\/guiddeur.fr\/?s={search_term_string}\"},\"query-input\":\"required name=search_term_string\"}],\"inLanguage\":\"fr-FR\"},{\"@type\":\"WebPage\",\"@id\":\"https:\/\/guiddeur.fr\/index.php\/webmarketing\/#webpage\",\"url\":\"https:\/\/guiddeur.fr\/index.php\/webmarketing\/\",\"name\":\"Le webmarketing -\",\"isPartOf\":{\"@id\":\"http:\/\/guiddeur.fr\/#website\"},\"datePublished\":\"2020-05-07T14:37:59+00:00\",\"dateModified\":\"2020-06-30T12:09:09+00:00\",\"breadcrumb\":{\"@id\":\"https:\/\/guiddeur.fr\/index.php\/webmarketing\/#breadcrumb\"},\"inLanguage\":\"fr-FR\",\"potentialAction\":[{\"@type\":\"ReadAction\",\"target\":[\"https:\/\/guiddeur.fr\/index.php\/webmarketing\/\"]}]},{\"@type\":\"BreadcrumbList\",\"@id\":\"https:\/\/guiddeur.fr\/index.php\/webmarketing\/#breadcrumb\",\"itemListElement\":[{\"@type\":\"ListItem\",\"position\":1,\"name\":\"Accueil\",\"item\":\"http:\/\/guiddeur.fr\/\"},{\"@type\":\"ListItem\",\"position\":2,\"name\":\"Le webmarketing\"}]}]}<\/script>\n<!-- \/ Yoast SEO plugin. -->","yoast_head_json":{"title":"Le webmarketing -","robots":{"index":"index","follow":"follow","max-snippet":"max-snippet:-1","max-image-preview":"max-image-preview:large","max-video-preview":"max-video-preview:-1"},"canonical":"https:\/\/guiddeur.fr\/index.php\/webmarketing\/","og_locale":"fr_FR","og_type":"article","og_title":"Le webmarketing -","og_description":"La pr\u00e9sence sur internet, c&rsquo;est bien mais la visibilit\u00e9, c&rsquo;est mieux&nbsp;! Guiddeur et l&rsquo;\u00e9quipe webmarketing de Sowink vous aident \u00e0 optimiser votre visibilit\u00e9 sur le web.","og_url":"https:\/\/guiddeur.fr\/index.php\/webmarketing\/","article_modified_time":"2020-06-30T12:09:09+00:00","twitter_card":"summary_large_image","schema":{"@context":"https:\/\/schema.org","@graph":[{"@type":"WebSite","@id":"http:\/\/guiddeur.fr\/#website","url":"http:\/\/guiddeur.fr\/","name":"","description":"","potentialAction":[{"@type":"SearchAction","target":{"@type":"EntryPoint","urlTemplate":"http:\/\/guiddeur.fr\/?s={search_term_string}"},"query-input":"required name=search_term_string"}],"inLanguage":"fr-FR"},{"@type":"WebPage","@id":"https:\/\/guiddeur.fr\/index.php\/webmarketing\/#webpage","url":"https:\/\/guiddeur.fr\/index.php\/webmarketing\/","name":"Le webmarketing -","isPartOf":{"@id":"http:\/\/guiddeur.fr\/#website"},"datePublished":"2020-05-07T14:37:59+00:00","dateModified":"2020-06-30T12:09:09+00:00","breadcrumb":{"@id":"https:\/\/guiddeur.fr\/index.php\/webmarketing\/#breadcrumb"},"inLanguage":"fr-FR","potentialAction":[{"@type":"ReadAction","target":["https:\/\/guiddeur.fr\/index.php\/webmarketing\/"]}]},{"@type":"BreadcrumbList","@id":"https:\/\/guiddeur.fr\/index.php\/webmarketing\/#breadcrumb","itemListElement":[{"@type":"ListItem","position":1,"name":"Accueil","item":"http:\/\/guiddeur.fr\/"},{"@type":"ListItem","position":2,"name":"Le webmarketing"}]}]}},"_links":{"self":[{"href":"https:\/\/guiddeur.fr\/index.php\/wp-json\/wp\/v2\/pages\/188"}],"collection":[{"href":"https:\/\/guiddeur.fr\/index.php\/wp-json\/wp\/v2\/pages"}],"about":[{"href":"https:\/\/guiddeur.fr\/index.php\/wp-json\/wp\/v2\/types\/page"}],"author":[{"embeddable":true,"href":"https:\/\/guiddeur.fr\/index.php\/wp-json\/wp\/v2\/users\/1"}],"replies":[{"embeddable":true,"href":"https:\/\/guiddeur.fr\/index.php\/wp-json\/wp\/v2\/comments?post=188"}],"version-history":[{"count":6,"href":"https:\/\/guiddeur.fr\/index.php\/wp-json\/wp\/v2\/pages\/188\/revisions"}],"predecessor-version":[{"id":5197,"href":"https:\/\/guiddeur.fr\/index.php\/wp-json\/wp\/v2\/pages\/188\/revisions\/5197"}],"wp:attachment":[{"href":"https:\/\/guiddeur.fr\/index.php\/wp-json\/wp\/v2\/media?parent=188"}],"curies":[{"name":"wp","href":"https:\/\/api.w.org\/{rel}","templated":true}]}}