{"id":176,"date":"2020-05-07T16:33:48","date_gmt":"2020-05-07T14:33:48","guid":{"rendered":"http:\/\/guiddeur.fr\/?page_id=176"},"modified":"2020-06-30T14:10:25","modified_gmt":"2020-06-30T12:10:25","slug":"les-sites-vitrines","status":"publish","type":"page","link":"https:\/\/guiddeur.fr\/index.php\/les-sites-vitrines\/","title":{"rendered":"Les sites vitrines"},"content":{"rendered":"\n<div class=\"wp-block-nextend-smartslider3\"><\/div>\n\n\n\n<div style=\"height:70px\" aria-hidden=\"true\" class=\"wp-block-spacer\"><\/div>\n\n\n\n<p style=\"font-size:23px\">Vitrine de votre entreprise, mise en avant de votre savoir faire, de vos comp\u00e9tences, votre site doit vous donner de la visibilit\u00e9 sur le web.<\/p>\n\n\n\n<p style=\"font-size:23px\">Il doit \u00eatre con\u00e7u de telle mani\u00e8re que l&rsquo;internaute d\u00e8s qu&rsquo;il acc\u00e8de \u00e0 votre page d&rsquo;accueil soit s\u00e9duit et sache quelle est votre activit\u00e9.<\/p>\n\n\n\n<p style=\"font-size:23px\">Qu&rsquo;il s&rsquo;agisse du design, des fonctionnalit\u00e9s, des contenus, Guiddeur vous accompagne pendant toute la phase de cr\u00e9ation de votre site.<\/p>\n\n\n\n<div style=\"height:60px\" aria-hidden=\"true\" class=\"wp-block-spacer\"><\/div>\n\n\n\n<p style=\"font-size:23px\">Repr\u00e9sentant officiel du r\u00e9seau d&rsquo;agences web Sowink, Guiddeur g\u00e8re votre projet, l&rsquo;\u00e9quipe Sowink prend en charge toute la partie technique.<\/p>\n\n\n\n<div style=\"height:50px\" aria-hidden=\"true\" class=\"wp-block-spacer\"><\/div>\n\n\n\n<div class=\"wp-block-buttons is-layout-flex wp-block-buttons-is-layout-flex\">\n<div class=\"wp-block-button is-style-outline\"><a class=\"wp-block-button__link has-text-color\" href=\"https:\/\/www.sowink.fr\/agence-sowink-nord\/\" style=\"color:#44526a\" target=\"_blank\" rel=\"noreferrer noopener\">Sowink<\/a><\/div>\n<\/div>\n","protected":false},"excerpt":{"rendered":"<p>Vitrine de votre entreprise, mise en avant de votre savoir faire, de vos comp\u00e9tences, votre site doit vous donner de la visibilit\u00e9 sur le web. Il doit \u00eatre con\u00e7u de telle mani\u00e8re que l&rsquo;internaute d\u00e8s qu&rsquo;il acc\u00e8de \u00e0 votre page d&rsquo;accueil soit s\u00e9duit et sache quelle est votre activit\u00e9. Qu&rsquo;il s&rsquo;agisse du design, des fonctionnalit\u00e9s, [&hellip;]<\/p>\n","protected":false},"author":1,"featured_media":0,"parent":0,"menu_order":0,"comment_status":"closed","ping_status":"closed","template":"","meta":{"footnotes":""},"yoast_head":"<!-- This site is optimized with the Yoast SEO plugin v18.9 - https:\/\/yoast.com\/wordpress\/plugins\/seo\/ -->\n<title>Les sites vitrines -<\/title>\n<meta name=\"robots\" content=\"index, follow, max-snippet:-1, max-image-preview:large, max-video-preview:-1\" \/>\n<link rel=\"canonical\" href=\"https:\/\/guiddeur.fr\/index.php\/les-sites-vitrines\/\" \/>\n<meta property=\"og:locale\" content=\"fr_FR\" \/>\n<meta property=\"og:type\" content=\"article\" \/>\n<meta property=\"og:title\" content=\"Les sites vitrines -\" \/>\n<meta property=\"og:description\" content=\"Vitrine de votre entreprise, mise en avant de votre savoir faire, de vos comp\u00e9tences, votre site doit vous donner de la visibilit\u00e9 sur le web. Il doit \u00eatre con\u00e7u de telle mani\u00e8re que l&rsquo;internaute d\u00e8s qu&rsquo;il acc\u00e8de \u00e0 votre page d&rsquo;accueil soit s\u00e9duit et sache quelle est votre activit\u00e9. Qu&rsquo;il s&rsquo;agisse du design, des fonctionnalit\u00e9s, [&hellip;]\" \/>\n<meta property=\"og:url\" content=\"https:\/\/guiddeur.fr\/index.php\/les-sites-vitrines\/\" \/>\n<meta property=\"article:modified_time\" content=\"2020-06-30T12:10:25+00:00\" \/>\n<meta name=\"twitter:card\" content=\"summary_large_image\" \/>\n<meta name=\"twitter:label1\" content=\"Dur\u00e9e de lecture estim\u00e9e\" \/>\n\t<meta name=\"twitter:data1\" content=\"1 minute\" \/>\n<script type=\"application\/ld+json\" class=\"yoast-schema-graph\">{\"@context\":\"https:\/\/schema.org\",\"@graph\":[{\"@type\":\"WebSite\",\"@id\":\"http:\/\/guiddeur.fr\/#website\",\"url\":\"http:\/\/guiddeur.fr\/\",\"name\":\"\",\"description\":\"\",\"potentialAction\":[{\"@type\":\"SearchAction\",\"target\":{\"@type\":\"EntryPoint\",\"urlTemplate\":\"http:\/\/guiddeur.fr\/?s={search_term_string}\"},\"query-input\":\"required name=search_term_string\"}],\"inLanguage\":\"fr-FR\"},{\"@type\":\"WebPage\",\"@id\":\"https:\/\/guiddeur.fr\/index.php\/les-sites-vitrines\/#webpage\",\"url\":\"https:\/\/guiddeur.fr\/index.php\/les-sites-vitrines\/\",\"name\":\"Les sites vitrines -\",\"isPartOf\":{\"@id\":\"http:\/\/guiddeur.fr\/#website\"},\"datePublished\":\"2020-05-07T14:33:48+00:00\",\"dateModified\":\"2020-06-30T12:10:25+00:00\",\"breadcrumb\":{\"@id\":\"https:\/\/guiddeur.fr\/index.php\/les-sites-vitrines\/#breadcrumb\"},\"inLanguage\":\"fr-FR\",\"potentialAction\":[{\"@type\":\"ReadAction\",\"target\":[\"https:\/\/guiddeur.fr\/index.php\/les-sites-vitrines\/\"]}]},{\"@type\":\"BreadcrumbList\",\"@id\":\"https:\/\/guiddeur.fr\/index.php\/les-sites-vitrines\/#breadcrumb\",\"itemListElement\":[{\"@type\":\"ListItem\",\"position\":1,\"name\":\"Accueil\",\"item\":\"http:\/\/guiddeur.fr\/\"},{\"@type\":\"ListItem\",\"position\":2,\"name\":\"Les sites vitrines\"}]}]}<\/script>\n<!-- \/ Yoast SEO plugin. -->","yoast_head_json":{"title":"Les sites vitrines -","robots":{"index":"index","follow":"follow","max-snippet":"max-snippet:-1","max-image-preview":"max-image-preview:large","max-video-preview":"max-video-preview:-1"},"canonical":"https:\/\/guiddeur.fr\/index.php\/les-sites-vitrines\/","og_locale":"fr_FR","og_type":"article","og_title":"Les sites vitrines -","og_description":"Vitrine de votre entreprise, mise en avant de votre savoir faire, de vos comp\u00e9tences, votre site doit vous donner de la visibilit\u00e9 sur le web. Il doit \u00eatre con\u00e7u de telle mani\u00e8re que l&rsquo;internaute d\u00e8s qu&rsquo;il acc\u00e8de \u00e0 votre page d&rsquo;accueil soit s\u00e9duit et sache quelle est votre activit\u00e9. Qu&rsquo;il s&rsquo;agisse du design, des fonctionnalit\u00e9s, [&hellip;]","og_url":"https:\/\/guiddeur.fr\/index.php\/les-sites-vitrines\/","article_modified_time":"2020-06-30T12:10:25+00:00","twitter_card":"summary_large_image","twitter_misc":{"Dur\u00e9e de lecture estim\u00e9e":"1 minute"},"schema":{"@context":"https:\/\/schema.org","@graph":[{"@type":"WebSite","@id":"http:\/\/guiddeur.fr\/#website","url":"http:\/\/guiddeur.fr\/","name":"","description":"","potentialAction":[{"@type":"SearchAction","target":{"@type":"EntryPoint","urlTemplate":"http:\/\/guiddeur.fr\/?s={search_term_string}"},"query-input":"required name=search_term_string"}],"inLanguage":"fr-FR"},{"@type":"WebPage","@id":"https:\/\/guiddeur.fr\/index.php\/les-sites-vitrines\/#webpage","url":"https:\/\/guiddeur.fr\/index.php\/les-sites-vitrines\/","name":"Les sites vitrines -","isPartOf":{"@id":"http:\/\/guiddeur.fr\/#website"},"datePublished":"2020-05-07T14:33:48+00:00","dateModified":"2020-06-30T12:10:25+00:00","breadcrumb":{"@id":"https:\/\/guiddeur.fr\/index.php\/les-sites-vitrines\/#breadcrumb"},"inLanguage":"fr-FR","potentialAction":[{"@type":"ReadAction","target":["https:\/\/guiddeur.fr\/index.php\/les-sites-vitrines\/"]}]},{"@type":"BreadcrumbList","@id":"https:\/\/guiddeur.fr\/index.php\/les-sites-vitrines\/#breadcrumb","itemListElement":[{"@type":"ListItem","position":1,"name":"Accueil","item":"http:\/\/guiddeur.fr\/"},{"@type":"ListItem","position":2,"name":"Les sites vitrines"}]}]}},"_links":{"self":[{"href":"https:\/\/guiddeur.fr\/index.php\/wp-json\/wp\/v2\/pages\/176"}],"collection":[{"href":"https:\/\/guiddeur.fr\/index.php\/wp-json\/wp\/v2\/pages"}],"about":[{"href":"https:\/\/guiddeur.fr\/index.php\/wp-json\/wp\/v2\/types\/page"}],"author":[{"embeddable":true,"href":"https:\/\/guiddeur.fr\/index.php\/wp-json\/wp\/v2\/users\/1"}],"replies":[{"embeddable":true,"href":"https:\/\/guiddeur.fr\/index.php\/wp-json\/wp\/v2\/comments?post=176"}],"version-history":[{"count":8,"href":"https:\/\/guiddeur.fr\/index.php\/wp-json\/wp\/v2\/pages\/176\/revisions"}],"predecessor-version":[{"id":5199,"href":"https:\/\/guiddeur.fr\/index.php\/wp-json\/wp\/v2\/pages\/176\/revisions\/5199"}],"wp:attachment":[{"href":"https:\/\/guiddeur.fr\/index.php\/wp-json\/wp\/v2\/media?parent=176"}],"curies":[{"name":"wp","href":"https:\/\/api.w.org\/{rel}","templated":true}]}}