{"id":160,"date":"2020-05-07T16:22:56","date_gmt":"2020-05-07T14:22:56","guid":{"rendered":"http:\/\/guiddeur.fr\/?page_id=160"},"modified":"2021-03-24T19:34:39","modified_gmt":"2021-03-24T18:34:39","slug":"les-sites-e-commerces","status":"publish","type":"page","link":"https:\/\/guiddeur.fr\/index.php\/les-sites-e-commerces\/","title":{"rendered":"Les sites e-commerces"},"content":{"rendered":"\n<div class=\"wp-block-nextend-smartslider3\"><\/div>\n","protected":false},"excerpt":{"rendered":"","protected":false},"author":1,"featured_media":0,"parent":0,"menu_order":2,"comment_status":"closed","ping_status":"closed","template":"","meta":{"footnotes":""},"yoast_head":"<!-- This site is optimized with the Yoast SEO plugin v18.9 - https:\/\/yoast.com\/wordpress\/plugins\/seo\/ -->\n<title>Cr\u00e9ation de site e-commerce - Gestion du catalogue - Guiddeur<\/title>\n<meta name=\"description\" content=\"Guiddeur cr\u00e9e votre site et vous donne les cl\u00e9s pour une activit\u00e9 e-commerce performante. Woocommerce, Prestashop, l&#039;agence vous propose l&#039;outil adapt\u00e9 !\" \/>\n<meta name=\"robots\" content=\"index, follow, max-snippet:-1, max-image-preview:large, max-video-preview:-1\" \/>\n<link rel=\"canonical\" href=\"https:\/\/guiddeur.fr\/index.php\/les-sites-e-commerces\/\" \/>\n<meta property=\"og:locale\" content=\"fr_FR\" \/>\n<meta property=\"og:type\" content=\"article\" \/>\n<meta property=\"og:title\" content=\"Cr\u00e9ation de site e-commerce - Gestion du catalogue - Guiddeur\" \/>\n<meta property=\"og:description\" content=\"Guiddeur cr\u00e9e votre site et vous donne les cl\u00e9s pour une activit\u00e9 e-commerce performante. Woocommerce, Prestashop, l&#039;agence vous propose l&#039;outil adapt\u00e9 !\" \/>\n<meta property=\"og:url\" content=\"https:\/\/guiddeur.fr\/index.php\/les-sites-e-commerces\/\" \/>\n<meta property=\"article:modified_time\" content=\"2021-03-24T18:34:39+00:00\" \/>\n<meta name=\"twitter:card\" content=\"summary_large_image\" \/>\n<meta name=\"twitter:label1\" content=\"Dur\u00e9e de lecture estim\u00e9e\" \/>\n\t<meta name=\"twitter:data1\" content=\"1 minute\" \/>\n<script type=\"application\/ld+json\" class=\"yoast-schema-graph\">{\"@context\":\"https:\/\/schema.org\",\"@graph\":[{\"@type\":\"WebSite\",\"@id\":\"http:\/\/guiddeur.fr\/#website\",\"url\":\"http:\/\/guiddeur.fr\/\",\"name\":\"\",\"description\":\"\",\"potentialAction\":[{\"@type\":\"SearchAction\",\"target\":{\"@type\":\"EntryPoint\",\"urlTemplate\":\"http:\/\/guiddeur.fr\/?s={search_term_string}\"},\"query-input\":\"required name=search_term_string\"}],\"inLanguage\":\"fr-FR\"},{\"@type\":\"WebPage\",\"@id\":\"https:\/\/guiddeur.fr\/index.php\/les-sites-e-commerces\/#webpage\",\"url\":\"https:\/\/guiddeur.fr\/index.php\/les-sites-e-commerces\/\",\"name\":\"Cr\u00e9ation de site e-commerce - Gestion du catalogue - Guiddeur\",\"isPartOf\":{\"@id\":\"http:\/\/guiddeur.fr\/#website\"},\"datePublished\":\"2020-05-07T14:22:56+00:00\",\"dateModified\":\"2021-03-24T18:34:39+00:00\",\"description\":\"Guiddeur cr\u00e9e votre site et vous donne les cl\u00e9s pour une activit\u00e9 e-commerce performante. Woocommerce, Prestashop, l'agence vous propose l'outil adapt\u00e9 !\",\"breadcrumb\":{\"@id\":\"https:\/\/guiddeur.fr\/index.php\/les-sites-e-commerces\/#breadcrumb\"},\"inLanguage\":\"fr-FR\",\"potentialAction\":[{\"@type\":\"ReadAction\",\"target\":[\"https:\/\/guiddeur.fr\/index.php\/les-sites-e-commerces\/\"]}]},{\"@type\":\"BreadcrumbList\",\"@id\":\"https:\/\/guiddeur.fr\/index.php\/les-sites-e-commerces\/#breadcrumb\",\"itemListElement\":[{\"@type\":\"ListItem\",\"position\":1,\"name\":\"Accueil\",\"item\":\"http:\/\/guiddeur.fr\/\"},{\"@type\":\"ListItem\",\"position\":2,\"name\":\"Les sites e-commerces\"}]}]}<\/script>\n<!-- \/ Yoast SEO plugin. -->","yoast_head_json":{"title":"Cr\u00e9ation de site e-commerce - Gestion du catalogue - Guiddeur","description":"Guiddeur cr\u00e9e votre site et vous donne les cl\u00e9s pour une activit\u00e9 e-commerce performante. Woocommerce, Prestashop, l'agence vous propose l'outil adapt\u00e9 !","robots":{"index":"index","follow":"follow","max-snippet":"max-snippet:-1","max-image-preview":"max-image-preview:large","max-video-preview":"max-video-preview:-1"},"canonical":"https:\/\/guiddeur.fr\/index.php\/les-sites-e-commerces\/","og_locale":"fr_FR","og_type":"article","og_title":"Cr\u00e9ation de site e-commerce - Gestion du catalogue - Guiddeur","og_description":"Guiddeur cr\u00e9e votre site et vous donne les cl\u00e9s pour une activit\u00e9 e-commerce performante. Woocommerce, Prestashop, l'agence vous propose l'outil adapt\u00e9 !","og_url":"https:\/\/guiddeur.fr\/index.php\/les-sites-e-commerces\/","article_modified_time":"2021-03-24T18:34:39+00:00","twitter_card":"summary_large_image","twitter_misc":{"Dur\u00e9e de lecture estim\u00e9e":"1 minute"},"schema":{"@context":"https:\/\/schema.org","@graph":[{"@type":"WebSite","@id":"http:\/\/guiddeur.fr\/#website","url":"http:\/\/guiddeur.fr\/","name":"","description":"","potentialAction":[{"@type":"SearchAction","target":{"@type":"EntryPoint","urlTemplate":"http:\/\/guiddeur.fr\/?s={search_term_string}"},"query-input":"required name=search_term_string"}],"inLanguage":"fr-FR"},{"@type":"WebPage","@id":"https:\/\/guiddeur.fr\/index.php\/les-sites-e-commerces\/#webpage","url":"https:\/\/guiddeur.fr\/index.php\/les-sites-e-commerces\/","name":"Cr\u00e9ation de site e-commerce - Gestion du catalogue - Guiddeur","isPartOf":{"@id":"http:\/\/guiddeur.fr\/#website"},"datePublished":"2020-05-07T14:22:56+00:00","dateModified":"2021-03-24T18:34:39+00:00","description":"Guiddeur cr\u00e9e votre site et vous donne les cl\u00e9s pour une activit\u00e9 e-commerce performante. Woocommerce, Prestashop, l'agence vous propose l'outil adapt\u00e9 !","breadcrumb":{"@id":"https:\/\/guiddeur.fr\/index.php\/les-sites-e-commerces\/#breadcrumb"},"inLanguage":"fr-FR","potentialAction":[{"@type":"ReadAction","target":["https:\/\/guiddeur.fr\/index.php\/les-sites-e-commerces\/"]}]},{"@type":"BreadcrumbList","@id":"https:\/\/guiddeur.fr\/index.php\/les-sites-e-commerces\/#breadcrumb","itemListElement":[{"@type":"ListItem","position":1,"name":"Accueil","item":"http:\/\/guiddeur.fr\/"},{"@type":"ListItem","position":2,"name":"Les sites e-commerces"}]}]}},"_links":{"self":[{"href":"https:\/\/guiddeur.fr\/index.php\/wp-json\/wp\/v2\/pages\/160"}],"collection":[{"href":"https:\/\/guiddeur.fr\/index.php\/wp-json\/wp\/v2\/pages"}],"about":[{"href":"https:\/\/guiddeur.fr\/index.php\/wp-json\/wp\/v2\/types\/page"}],"author":[{"embeddable":true,"href":"https:\/\/guiddeur.fr\/index.php\/wp-json\/wp\/v2\/users\/1"}],"replies":[{"embeddable":true,"href":"https:\/\/guiddeur.fr\/index.php\/wp-json\/wp\/v2\/comments?post=160"}],"version-history":[{"count":8,"href":"https:\/\/guiddeur.fr\/index.php\/wp-json\/wp\/v2\/pages\/160\/revisions"}],"predecessor-version":[{"id":5229,"href":"https:\/\/guiddeur.fr\/index.php\/wp-json\/wp\/v2\/pages\/160\/revisions\/5229"}],"wp:attachment":[{"href":"https:\/\/guiddeur.fr\/index.php\/wp-json\/wp\/v2\/media?parent=160"}],"curies":[{"name":"wp","href":"https:\/\/api.w.org\/{rel}","templated":true}]}}