{"id":152,"date":"2020-05-07T16:14:23","date_gmt":"2020-05-07T14:14:23","guid":{"rendered":"http:\/\/guiddeur.fr\/?page_id=152"},"modified":"2021-03-24T19:26:11","modified_gmt":"2021-03-24T18:26:11","slug":"lagence","status":"publish","type":"page","link":"https:\/\/guiddeur.fr\/index.php\/lagence\/","title":{"rendered":"L&rsquo;agence"},"content":{"rendered":"\n<p class=\"has-text-align-left\" style=\"font-size:23px\">Guiddeur est une agence de communication web et print,<\/p>\n\n\n\n<p class=\"has-text-align-left\" style=\"font-size:23px\">Quel que soit votre probl\u00e9matique, votre projet, l&rsquo;agence est pr\u00e9sente \u00e0 vos c\u00f4t\u00e9s pour vous accompagner, vous conseiller, vous aider \u00e0 faire les bons choix.<\/p>\n\n\n\n<p class=\"has-text-align-left\" style=\"font-size:23px\">Comment vous rendre visible, comment valoriser votre activit\u00e9, votre savoir faire, comment vous d\u00e9marquer de la concurrence, comment conqu\u00e9rir des leads ? <\/p>\n\n\n\n<p class=\"has-text-align-left\" style=\"font-size:23px\">Nous vous aidons \u00e0 vous poser ces questions, et tant d&rsquo;autres, et surtout \u00e0 mettre en face des r\u00e9ponses pertinentes.<\/p>\n\n\n\n<p class=\"has-text-align-left\" style=\"font-size:23px\">Ces r\u00e9ponses qui vous permettront de mettre en place une communication adapt\u00e9e, respectueuse de vos contraintes budg\u00e9taires et efficace, ou quand le R.O.I n&rsquo;est plus seulement une expression !<\/p>\n\n\n\n<div style=\"height:100px\" aria-hidden=\"true\" class=\"wp-block-spacer\"><\/div>\n\n\n\n<p class=\"has-text-align-center has-very-dark-gray-color has-text-color\" style=\"font-size:50px\">Guiddeur, c&rsquo;est<\/p>\n\n\n\n<div style=\"height:50px\" aria-hidden=\"true\" class=\"wp-block-spacer\"><\/div>\n\n\n\n<p class=\"has-text-align-center has-very-dark-gray-color has-text-color\" style=\"font-size:50px\">l&rsquo;\u00e9coute<\/p>\n\n\n\n<div style=\"height:40px\" aria-hidden=\"true\" class=\"wp-block-spacer\"><\/div>\n\n\n\n<p class=\"has-text-align-center has-very-dark-gray-color has-text-color\" style=\"font-size:50px\">l&rsquo;analyse<\/p>\n\n\n\n<div style=\"height:40px\" aria-hidden=\"true\" class=\"wp-block-spacer\"><\/div>\n\n\n\n<p class=\"has-text-align-center has-very-dark-gray-color has-text-color\" style=\"font-size:50px\">l&rsquo;action<\/p>\n\n\n\n<div style=\"height:100px\" aria-hidden=\"true\" class=\"wp-block-spacer\"><\/div>\n\n\n\n<p class=\"has-text-align-left\" style=\"font-size:23px\">Par dessus tout, Guiddeur est votre gestionnaire de projets, l&rsquo;agence qui va \u00e9couter, analyser, conseiller, organiser, g\u00e9rer, planifier, contr\u00f4ler et vous consacrer uniquement \u00e0 votre m\u00e9tier.<\/p>\n\n\n\n<div style=\"height:60px\" aria-hidden=\"true\" class=\"wp-block-spacer\"><\/div>\n\n\n\n<p class=\"has-text-align-left\" style=\"font-size:23px\">Gr\u00e2ce \u00e0 ses partenaires aux comp\u00e9tences \u00e9prouv\u00e9es, gr\u00e2ce \u00e0 la compl\u00e9mentarit\u00e9 de l&rsquo;\u00e9quipe, gr\u00e2ce \u00e0 son objectif permanent de la satisfaction du client, Guiddeur vous permet de ma\u00eetriser :<\/p>\n\n\n\n<p class=\"has-text-align-left\" style=\"font-size:23px\">*votre communication web : cr\u00e9ation de site vitrine, de site e-commerce, r\u00e9f\u00e9rencement naturel, publicit\u00e9 en ligne, solution m\u00e9tier<\/p>\n\n\n\n<p class=\"has-text-align-left\" style=\"font-size:23px\">*votre communication print : cr\u00e9ation graphique, communication visuelle, enseigne, signal\u00e9tique, impressions<\/p>\n\n\n\n<div style=\"height:60px\" aria-hidden=\"true\" class=\"wp-block-spacer\"><\/div>\n\n\n\n<div class=\"wp-block-buttons is-layout-flex wp-block-buttons-is-layout-flex\">\n<div class=\"wp-block-button\"><a class=\"wp-block-button__link has-background\" href=\"http:\/\/guiddeur.fr\/index.php\/formulaire-de-contact\/\" style=\"background-color:#44526a\" target=\"_blank\" rel=\"noreferrer noopener\">Contactez-nous !<\/a><\/div>\n<\/div>\n","protected":false},"excerpt":{"rendered":"<p>Guiddeur est une agence de communication web et print, Quel que soit votre probl\u00e9matique, votre projet, l&rsquo;agence est pr\u00e9sente \u00e0 vos c\u00f4t\u00e9s pour vous accompagner, vous conseiller, vous aider \u00e0 faire les bons choix. Comment vous rendre visible, comment valoriser votre activit\u00e9, votre savoir faire, comment vous d\u00e9marquer de la concurrence, comment conqu\u00e9rir des leads [&hellip;]<\/p>\n","protected":false},"author":1,"featured_media":0,"parent":0,"menu_order":0,"comment_status":"closed","ping_status":"closed","template":"","meta":{"footnotes":""},"yoast_head":"<!-- This site is optimized with the Yoast SEO plugin v18.9 - https:\/\/yoast.com\/wordpress\/plugins\/seo\/ -->\n<title>Guiddeur - L&#039;agence digitale au service de votre communication<\/title>\n<meta name=\"description\" content=\"Vous \u00e9couter, observer votre environnement, vous aider \u00e0 mettre en place une communication performante, notre objectif permanent !\" \/>\n<meta name=\"robots\" content=\"index, follow, max-snippet:-1, max-image-preview:large, max-video-preview:-1\" \/>\n<link rel=\"canonical\" href=\"http:\/\/guiddeur.fr\/index.php\/lagence\/\" \/>\n<meta property=\"og:locale\" content=\"fr_FR\" \/>\n<meta property=\"og:type\" content=\"article\" \/>\n<meta property=\"og:title\" content=\"Guiddeur - L&#039;agence digitale au service de votre communication\" \/>\n<meta property=\"og:description\" content=\"Vous \u00e9couter, observer votre environnement, vous aider \u00e0 mettre en place une communication performante, notre objectif permanent !\" \/>\n<meta property=\"og:url\" content=\"http:\/\/guiddeur.fr\/index.php\/lagence\/\" \/>\n<meta property=\"article:modified_time\" content=\"2021-03-24T18:26:11+00:00\" \/>\n<meta name=\"twitter:card\" content=\"summary_large_image\" \/>\n<meta name=\"twitter:label1\" content=\"Dur\u00e9e de lecture estim\u00e9e\" \/>\n\t<meta name=\"twitter:data1\" content=\"1 minute\" \/>\n<script type=\"application\/ld+json\" class=\"yoast-schema-graph\">{\"@context\":\"https:\/\/schema.org\",\"@graph\":[{\"@type\":\"WebSite\",\"@id\":\"http:\/\/guiddeur.fr\/#website\",\"url\":\"http:\/\/guiddeur.fr\/\",\"name\":\"\",\"description\":\"\",\"potentialAction\":[{\"@type\":\"SearchAction\",\"target\":{\"@type\":\"EntryPoint\",\"urlTemplate\":\"http:\/\/guiddeur.fr\/?s={search_term_string}\"},\"query-input\":\"required name=search_term_string\"}],\"inLanguage\":\"fr-FR\"},{\"@type\":\"WebPage\",\"@id\":\"http:\/\/guiddeur.fr\/index.php\/lagence\/#webpage\",\"url\":\"http:\/\/guiddeur.fr\/index.php\/lagence\/\",\"name\":\"Guiddeur - L'agence digitale au service de votre communication\",\"isPartOf\":{\"@id\":\"http:\/\/guiddeur.fr\/#website\"},\"datePublished\":\"2020-05-07T14:14:23+00:00\",\"dateModified\":\"2021-03-24T18:26:11+00:00\",\"description\":\"Vous \u00e9couter, observer votre environnement, vous aider \u00e0 mettre en place une communication performante, notre objectif permanent !\",\"breadcrumb\":{\"@id\":\"http:\/\/guiddeur.fr\/index.php\/lagence\/#breadcrumb\"},\"inLanguage\":\"fr-FR\",\"potentialAction\":[{\"@type\":\"ReadAction\",\"target\":[\"http:\/\/guiddeur.fr\/index.php\/lagence\/\"]}]},{\"@type\":\"BreadcrumbList\",\"@id\":\"http:\/\/guiddeur.fr\/index.php\/lagence\/#breadcrumb\",\"itemListElement\":[{\"@type\":\"ListItem\",\"position\":1,\"name\":\"Accueil\",\"item\":\"http:\/\/guiddeur.fr\/\"},{\"@type\":\"ListItem\",\"position\":2,\"name\":\"L&rsquo;agence\"}]}]}<\/script>\n<!-- \/ Yoast SEO plugin. -->","yoast_head_json":{"title":"Guiddeur - L'agence digitale au service de votre communication","description":"Vous \u00e9couter, observer votre environnement, vous aider \u00e0 mettre en place une communication performante, notre objectif permanent !","robots":{"index":"index","follow":"follow","max-snippet":"max-snippet:-1","max-image-preview":"max-image-preview:large","max-video-preview":"max-video-preview:-1"},"canonical":"http:\/\/guiddeur.fr\/index.php\/lagence\/","og_locale":"fr_FR","og_type":"article","og_title":"Guiddeur - L'agence digitale au service de votre communication","og_description":"Vous \u00e9couter, observer votre environnement, vous aider \u00e0 mettre en place une communication performante, notre objectif permanent !","og_url":"http:\/\/guiddeur.fr\/index.php\/lagence\/","article_modified_time":"2021-03-24T18:26:11+00:00","twitter_card":"summary_large_image","twitter_misc":{"Dur\u00e9e de lecture estim\u00e9e":"1 minute"},"schema":{"@context":"https:\/\/schema.org","@graph":[{"@type":"WebSite","@id":"http:\/\/guiddeur.fr\/#website","url":"http:\/\/guiddeur.fr\/","name":"","description":"","potentialAction":[{"@type":"SearchAction","target":{"@type":"EntryPoint","urlTemplate":"http:\/\/guiddeur.fr\/?s={search_term_string}"},"query-input":"required name=search_term_string"}],"inLanguage":"fr-FR"},{"@type":"WebPage","@id":"http:\/\/guiddeur.fr\/index.php\/lagence\/#webpage","url":"http:\/\/guiddeur.fr\/index.php\/lagence\/","name":"Guiddeur - L'agence digitale au service de votre communication","isPartOf":{"@id":"http:\/\/guiddeur.fr\/#website"},"datePublished":"2020-05-07T14:14:23+00:00","dateModified":"2021-03-24T18:26:11+00:00","description":"Vous \u00e9couter, observer votre environnement, vous aider \u00e0 mettre en place une communication performante, notre objectif permanent !","breadcrumb":{"@id":"http:\/\/guiddeur.fr\/index.php\/lagence\/#breadcrumb"},"inLanguage":"fr-FR","potentialAction":[{"@type":"ReadAction","target":["http:\/\/guiddeur.fr\/index.php\/lagence\/"]}]},{"@type":"BreadcrumbList","@id":"http:\/\/guiddeur.fr\/index.php\/lagence\/#breadcrumb","itemListElement":[{"@type":"ListItem","position":1,"name":"Accueil","item":"http:\/\/guiddeur.fr\/"},{"@type":"ListItem","position":2,"name":"L&rsquo;agence"}]}]}},"_links":{"self":[{"href":"https:\/\/guiddeur.fr\/index.php\/wp-json\/wp\/v2\/pages\/152"}],"collection":[{"href":"https:\/\/guiddeur.fr\/index.php\/wp-json\/wp\/v2\/pages"}],"about":[{"href":"https:\/\/guiddeur.fr\/index.php\/wp-json\/wp\/v2\/types\/page"}],"author":[{"embeddable":true,"href":"https:\/\/guiddeur.fr\/index.php\/wp-json\/wp\/v2\/users\/1"}],"replies":[{"embeddable":true,"href":"https:\/\/guiddeur.fr\/index.php\/wp-json\/wp\/v2\/comments?post=152"}],"version-history":[{"count":9,"href":"https:\/\/guiddeur.fr\/index.php\/wp-json\/wp\/v2\/pages\/152\/revisions"}],"predecessor-version":[{"id":5228,"href":"https:\/\/guiddeur.fr\/index.php\/wp-json\/wp\/v2\/pages\/152\/revisions\/5228"}],"wp:attachment":[{"href":"https:\/\/guiddeur.fr\/index.php\/wp-json\/wp\/v2\/media?parent=152"}],"curies":[{"name":"wp","href":"https:\/\/api.w.org\/{rel}","templated":true}]}}